{"id":995,"date":"2023-03-10T08:06:46","date_gmt":"2023-03-10T07:06:46","guid":{"rendered":"https:\/\/plasticostecnicos.cat\/wp\/politica-privacidad\/"},"modified":"2026-01-09T09:46:19","modified_gmt":"2026-01-09T08:46:19","slug":"politica-privacitat","status":"publish","type":"page","link":"https:\/\/plasticostecnicos.cat\/ca\/politica-privacitat\/","title":{"rendered":"Pol\u00edtica de privacitat"},"content":{"rendered":"<div class=\"vce-row-container\" data-vce-boxed-width=\"true\"><div class=\"vce-row vce-row--col-gap-30 vce-row-equal-height vce-row-content--top\" id=\"el-ae7d143a\" data-vce-do-apply=\"all el-ae7d143a\"><div class=\"vce-content-background-container\"><\/div><div class=\"vce-row-content\" data-vce-element-content=\"true\"><div class=\"vce-col vce-col--md-16-66p vce-col--xs-1 vce-col--xs-last vce-col--xs-first vce-col--sm-last vce-col--sm-first vce-col--md-first vce-col--lg-first vce-col--xl-first\" id=\"el-de8ae785\"><div class=\"vce-col-inner\" data-vce-do-apply=\"border margin background  el-de8ae785\"><div class=\"vce-col-content\" data-vce-element-content=\"true\" data-vce-do-apply=\"padding el-de8ae785\"><div class=\"vcv-row-control-wrapper\"><\/div><\/div><\/div><\/div><div class=\"vce-col vce-col--md-66-66p vce-col--xs-1 vce-col--xs-last vce-col--xs-first vce-col--sm-last vce-col--sm-first\" id=\"el-de52e63c\"><div class=\"vce-col-inner\" data-vce-do-apply=\"border margin background  el-de52e63c\"><div class=\"vce-col-content\" data-vce-element-content=\"true\" data-vce-do-apply=\"padding el-de52e63c\"><div class=\"vce-text-block\"><div class=\"vce-text-block-wrapper vce\" id=\"el-f5ac4cae\" data-vce-do-apply=\"all el-f5ac4cae\"><h1>Pol\u00edtica de privacitat<\/h1><\/div><\/div><div class=\"vce-text-block\"><div class=\"vce-text-block-wrapper vce\" id=\"el-7935cc30\" data-vce-do-apply=\"all el-7935cc30\"><ol>\n<li><strong><u>POL\u00cdTICA DE PRIVACITAT<\/u><\/strong><\/li>\n<\/ol>\n<p>De conformitat amb el que estableix l\u2019RGPD-UE-2016\/679; l\u2019LOPD 3\/2018, de Garantia dels Drets Digitals; la Llei 34\/2002, amb la darrera actualitzaci\u00f3, 09\/05\/2023, de Serveis de la Societat de la Informaci\u00f3 i el Comer\u00e7 Electr\u00f2nic; i la Llei 11\/2022, General de Telecomunicacions, <strong>BA\u00d1O-LID, SL<\/strong> informa els usuaris dels seus llocs web que estem obligats a guardar secret professional sobre les dades personals que l\u2019entitat reculli mitjan\u00e7ant els formularis de registre o contacte de les seves p\u00e0gines. Aquesta obligaci\u00f3 es mantindr\u00e0 fins i tot despr\u00e9s d'haver finalitzat la nostra relaci\u00f3 comercial o contractual i en cap cas podrem fer p\u00fabliques les dades personals dels visitants i clients a la web sense el seu consentiment.<\/p>\n<ol start=\"2\">\n<li><strong><u>CONSENTIMENT DE L\u2019INTERESSAT<\/u><\/strong><\/li>\n<\/ol>\n<p>Per poder dur a terme el tractament de les seves dades personals amb privacitat i seguretat, ens cal disposar del seu consentiment, en compliment del que estableix l\u2019RGPD-UE-2016\/679, articles 5, 6, 7 i 13; l\u2019LOPDGDD-3\/2018, en el seu T\u00edtol II; i la Llei 1\/2019, de secrets Empresarials. El responsable del tractament de les dades ser\u00e0 <strong>BA\u00d1O-LID, SL, <\/strong>que tractar\u00e0 la informaci\u00f3 de manera l\u00edcita, lleial i transparent en relaci\u00f3 amb l\u2019interessat, amb finalitats&nbsp; determinades, expl\u00edcites i leg\u00edtimes. Les dades i informaci\u00f3 seran tractades de tal manera que es garanteixi una seguretat adequada mitjan\u00e7ant l\u2019aplicaci\u00f3 de mesures t\u00e8cniques i organitzatives apropiades.<\/p>\n<p>Nom\u00e9s se cediran les dades de l\u2019interessat per obligaci\u00f3 legal, i t\u00e9 dret a presentar reclamaci\u00f3 davant l\u2019Autoritat de Control pertinent.<\/p>\n<p>En cas de violaci\u00f3 de la seguretat de les dades personals, art. 33 de l\u2019RGPD, el responsable del tractament la notificar\u00e0 a l\u2019autoritat de control competent, de conformitat amb all\u00f2 establert a l\u2019article 55, sense dilaci\u00f3 indeguda i, a ser possible, no m\u00e9s tard de 72 hores despr\u00e9s d\u2019haver-ne tingut const\u00e0ncia.<\/p>\n<p>En contactar o registrar-se en aquest web, <a href=\"http:\/\/www.plasticostecnicos.cat\"><strong>www.plasticostecnicos.cat<\/strong><\/a>, vost\u00e8 cedeix les seves dades personals o jur\u00eddiques per a la gesti\u00f3 de les seves dades com a usuari. Mitjan\u00e7ant un <strong>Check Box o Bot\u00f3<\/strong> en el&nbsp; formulari de <strong>Contacte, <\/strong>accepta els termes i condicions del tractament de les seves dades personals.<\/p>\n<p>L\u2019interessat tindr\u00e0 dret a retirar el seu consentiment en qualsevol moment. La retirada del consentiment no afectar\u00e0 a la licitud del tractament basada en el consentiment previ a la seva retirada.<\/p>\n<ol start=\"3\">\n<li><strong><u>POL\u00cdTICA D\u2019ENLLA\u00c7OS I EXEMPCIONS DE RESPONSABILITAT<\/u><\/strong><\/li>\n<\/ol>\n<p><strong>BA\u00d1O-LID, SL<\/strong> no es fa responsable del contingut de les p\u00e0gines web a les quals pugui accedir l\u2019<strong>Usuari<\/strong> a trav\u00e9s dels enlla\u00e7os establerts als seus llocs web i declara que en cap cas examinar\u00e0 ni exercir\u00e0 cap tipus de control sobre el contingut d\u2019altres p\u00e0gines de la xarxa.<\/p>\n<p>Aix\u00ed mateix, tampoc garanteix la disponibilitat t\u00e8cnica, exactitud, veracitat, validesa o legalitat de p\u00e0gines alienes a la seva propietat a les qual es pugui accedir a trav\u00e9s dels enlla\u00e7os d\u2019aquest web.<\/p>\n<p><strong>BA\u00d1O-LID, SL,<\/strong> declara que ha adoptat totes les mesures necess\u00e0ries per evitar qualsevol dany que pugui derivar-se de la navegaci\u00f3 per les seves p\u00e0gines web. En conseq\u00fc\u00e8ncia,<strong> BA\u00d1O-LID, SL,<\/strong> no es fa responsable, en cap cas, dels eventuals danys que pugui patir l\u2019<strong>Usuari<\/strong> a causa de la navegaci\u00f3 per Internet.<\/p>\n<p><strong>BA\u00d1O-LID, SL,<\/strong> no es responsabilitza dels danys o perjudicis de qualsevol tipus produ\u00efts en l'<strong>Usuari<\/strong> que portin causa d'errors o desconnexions a les xarxes de telecomunicacions que produeixin la suspensi\u00f3, cancel\u00b7laci\u00f3 o interrupci\u00f3 del servei de la web durant la prestaci\u00f3 del mateix o amb car\u00e0cter previ.<\/p>\n<p>L'acc\u00e9s al web <a href=\"http:\/\/www.plasticostecnicos.cat\"><strong>www.plasticostecnicos.cat<\/strong><\/a> no implica l'obligaci\u00f3 per part de l'entitat de controlar l'abs\u00e8ncia de virus o qualsevol altre element inform\u00e0tic malici\u00f3s. Correspon a l'<strong>Usuari<\/strong>, en qualsevol cas, la disponibilitat d'eines adequades per a la detecci\u00f3, desinfecci\u00f3 i protecci\u00f3 contra programes inform\u00e0tics nocius.<\/p>\n<p><strong>BA\u00d1O-LID, SL<\/strong><strong>,<\/strong> no es responsabilitza dels danys produ\u00efts en els equips inform\u00e0tics, documents i\/o fitxers dels <strong>Usuaris<\/strong> o de tercers durant la prestaci\u00f3 del servei en aquest el portal web.<\/p>\n<ol start=\"4\">\n<li><strong><u>PUBLICITAT<\/u><\/strong><\/li>\n<\/ol>\n<p>El Web <a href=\"http:\/\/www.plasticostecnicos.cat\"><strong>www.plasticostecnicos.cat<\/strong><\/a> podr\u00e0 allotjar continguts publicitaris o patrocinats. Els anunciants o patrocinadors s\u00f3n els \u00fanics responsables d'assegurar que el material rem\u00e8s per a la seva inclusi\u00f3 a la Web compleix amb les lleis que en cada cas puguin ser d'aplicaci\u00f3.<\/p>\n<p><strong>BA\u00d1O-LID, SL<\/strong>, no ser\u00e0 responsable de qualsevol error, inexactitud o irregularitat que puguin contenir els continguts publicitaris o dels patrocinadors d\u2019aquesta p\u00e0gina web.<\/p>\n<ol start=\"5\">\n<li><strong><u>MODIFICACIONS<\/u><\/strong><\/li>\n<\/ol>\n<p><strong>BA\u00d1O-LID, SL,<\/strong> es reserva el dret a realitzar les modificacions que consideri oportunes, sense av\u00eds previ, en el contingut dels seus llocs web, tant pel que fa als continguts com per les seves condicions d\u2019\u00fas o per les condicions generals de contractaci\u00f3. Aquestes modificacions podran realitzar-se, a trav\u00e9s dels seus llocs web, de qualsevol forma admissible en dret i seran d\u2019obligat compliment durant el temps que estiguin publicades al web i fins que no siguin modificades per d\u2019altres de posteriors.<\/p>\n<ol start=\"6\">\n<li><strong><u>PROPIETAT INTEL\u00b7LECTUAL<\/u><\/strong><\/li>\n<\/ol>\n<p>Els drets de propietat intel\u00b7lectual i industrial derivats de tots els textos, imatges, com tamb\u00e9 dels mitjans i formes de presentaci\u00f3 i muntatge de les seves p\u00e0gines pertanyen, per si mateixos o com a cession\u00e0ria a <strong>BA\u00d1O-LID, SL.<\/strong> Seran, per tant, obres protegides com a propietat intel\u00b7lectual per l\u2019ordenament jur\u00eddic espanyol i se\u2019ls hi podr\u00e0 aplicar tant la normativa espanyola i comunit\u00e0ria en aquest \u00e0mbit, com els tractats internacionals relatius a la mat\u00e8ria i subscrits per Espanya: Reial Decreto Legislatiu 1\/1996, darrera actualitzaci\u00f3 30\/03\/2023; Directiva-UE-2019\/790 del Parlament Europeu i del Consell, de 17 d\u2019abril de 2019, sobre els drets d\u2019autor i drets afins en el mercat \u00fanic digital.<\/p>\n<p>Tots els drets reservats. En compliment de la Llei de la Propietat Intel\u00b7lectual es prohibeix expressament la reproducci\u00f3, distribuci\u00f3, comunicaci\u00f3 p\u00fablica i utilitzaci\u00f3 de la totalitat o part dels continguts de les seves p\u00e0gines web sense el consentiment expl\u00edcit de&nbsp;<strong>BA\u00d1O-LID, SL.<\/strong><\/p>\n<p>Aix\u00ed mateix, <strong>BA\u00d1O-LID, SL<\/strong> es reserva la facultat de presentar les accions civils o penals que consideri oportunes per la utilitzaci\u00f3 indeguda de les seves p\u00e0gines web i continguts o per l\u2019incompliment d\u2019aquestes condicions.<\/p>\n<ol start=\"7\">\n<li><strong><u>ACCIONS LEGAL, LEGISLACI\u00d3 APLICABLE I JURISDICCI\u00d3<\/u><\/strong><\/li>\n<\/ol>\n<p>La relaci\u00f3 entre l\u2019usuari i&nbsp;<strong>BA\u00d1O-LID, SL,<\/strong> es regir\u00e0 per la normativa espanyola vigent. Seran competents per decidir sobre qualsevol controv\u00e8rsia que pugui sorgir entre l\u2019usuari i <strong>BA\u00d1O-LID, SL<\/strong>, els jutjats o tribunals del Partit Judicial de la localitat de <strong>SABADELL.<\/strong><\/p>\n<ol start=\"8\">\n<li><strong><u>RESERVA DE COOKIES<\/u><\/strong><\/li>\n<\/ol>\n<p><strong>BA\u00d1O-LID, SL<\/strong> utilitza cookies i altres tecnologies similars que emmagatzemen i recuperen informaci\u00f3 mentre navegues. Aquestes tecnologies poden tenir diverses finalitats, com recon\u00e8ixer un usuari i obtenir informaci\u00f3 dels seus h\u00e0bits de navegaci\u00f3. Els usos concrets que en fem d\u2019aquestes tecnologies es descriuen a la informaci\u00f3 que recull la Pol\u00edtica de Cookies. Seguint la pol\u00edtica de protecci\u00f3 de dades de l\u2019entitat, <strong>BA\u00d1O-LID, SL<\/strong> informa que les cookies s\u2019associen a l\u2019usuari an\u00f2nim i al seu ordinador, i no proporcionen per s\u00ed mateixes dades personals de l\u2019usuari.<\/p>\n<p>La informaci\u00f3 de la nostra \u2018Pol\u00edtica de Cookies\u2019 informa l\u2019usuari del temps que aquestes &nbsp;&nbsp;cookies romandran actives al seu terminal i de la possibilitat de qu\u00e8 tercers puguin accedir a la informaci\u00f3 que aquestes emmagatzemen. Per aix\u00f2 es va modificar l\u2019article 5, apartat 3, de la Directiva 2002\/58 per la Directiva 2009\/136, i ara per la Guia de l\u2019AEPD.<\/p>\n<p>La darrera Guia sobre l\u2019\u00fas de cookies de l\u2019AEPD, de juliol de 2023, que incorpora el criteri del Comit\u00e8 Europeu en Protecci\u00f3 de Dades (CEPD), recull que les accions d\u2019acceptar o rebutjar les cookies han d\u2019estar al mateix nivell, sense que cap opci\u00f3 sigui m\u00e9s complicada que l\u2019altra. En aquest sentit, l\u2019usuari ha de poder acceptar o rebutjar de forma expl\u00edcita l\u2019\u00fas de les cookies i rebre m\u00e9s informaci\u00f3 sobre les mateixes. Addicionalment, l\u2019Usuari t\u00e9 la possibilitat de configurar el seu navegador perqu\u00e8 l\u2019informi de la recepci\u00f3 de cookies, podent, si aix\u00ed ho vol, impedir-ne la instal\u00b7laci\u00f3 al seu disc dur.<\/p>\n<ol start=\"9\">\n<li><strong><u>EXERCICI DE DRETS<\/u><\/strong><\/li>\n<\/ol>\n<p>Aquestes dades seran introdu\u00efdes en un fitxer automatitzat sota la responsabilitat de l\u2019administrador de la web de&nbsp;<strong>BA\u00d1O-LID, SL<\/strong>, amb la finalitat de poder facilitar, agilitzar i complir els compromisos establerts entre ambdues parts. Aix\u00ed mateix,&nbsp;<strong>BA\u00d1O-LID, SL<\/strong>, informa de la possibilitat d\u2019exercir els drets <strong>d\u2019acc\u00e9s<\/strong>, que permet a l'usuari web con\u00e8ixer quines dades personals t\u00e9 l'administrador d'aquesta p\u00e0gina i obtenir una resposta en un termini de 30 dies, sempre que en conservi les dades personals; <strong>rectificaci\u00f3<\/strong>, que permet corregir errors en les dades personals, modificar-ne les dades que siguin inexactes o incompletes i garantir la certesa de la informaci\u00f3; <strong>oposici\u00f3,<\/strong> que podr\u00e0 sol\u00b7licitar i aconseguir que no es dugui a terme el tractament de dades; <strong>supressi\u00f3,<\/strong> que permet que se suprimeixin les dades inadequades o excessives; <strong>limitaci\u00f3<\/strong>, pel qual pot sol\u00b7licitar que es limiti el tractament de les seves dades quan hagi exercit el seu dret a la rectificaci\u00f3 de les seves dades personals; i <strong>portabilitat<\/strong>, perqu\u00e8 l'usuari pugui obtenir una c\u00f2pia de les dades personals que hagi facilitat a la web a fi de poder transmetre-les a altres serveis. Aquests drets es podran exercir per qualsevol mitj\u00e0 que deixi const\u00e0ncia del seu enviament i de la seva recepci\u00f3 a l\u2019adre\u00e7a de l\u2019administrador de la p\u00e0gina o al correu electr\u00f2nic <u>info@plasticostecnicos.cat<\/u>, aportant fotoc\u00f2pia del DNI o documentaci\u00f3 alternativa que n\u2019acrediti la identitat. L\u2019interessat t\u00e9 el dret de presentar reclamacions davant l\u2019Autoritat de Control, AEPD, ACPD i AVPD.<\/p>\n<p>L'enviament de les seves dades mitjan\u00e7ant el\/els formulari\/s de la nostra web, estar\u00e0 supeditat obligat\u00f2riament al fet que hagi llegit\/acceptat la Pol\u00edtica de Privacitat, mitjan\u00e7ant un check box obligatori a peu del formulari de registre o de contacte.<\/p>\n<p>Aquestes cl\u00e0usules han estat elaborades per <a href=\"http:\/\/www.grupoqualia.net\/es\/inicio\"><strong>GRUP QUALIA<\/strong><\/a>, motiu pel qual se li atorga un certificat en format d\u2019imatge digital perqu\u00e8 el pugui exposar al seu lloc web.<\/p>\n<p><strong><u>Actualitzada:<\/u><\/strong> <strong>19\/12\/2025.<\/strong><\/p><\/div><\/div><\/div><\/div><\/div><div class=\"vce-col vce-col--md-16-66p vce-col--xs-1 vce-col--xs-last vce-col--xs-first vce-col--sm-last vce-col--sm-first vce-col--md-last vce-col--lg-last vce-col--xl-last\" id=\"el-ffee515a\"><div class=\"vce-col-inner\" data-vce-do-apply=\"border margin background  el-ffee515a\"><div class=\"vce-col-content\" data-vce-element-content=\"true\" data-vce-do-apply=\"padding el-ffee515a\"><div class=\"vcv-row-control-wrapper\"><\/div><\/div><\/div><\/div><\/div><\/div><\/div>","protected":false},"excerpt":{"rendered":"<p>Pol\u00edtica de privacitat POL\u00cdTICA DE PRIVACITAT De conformitat amb el que estableix l\u2019RGPD-UE-2016\/679; l\u2019LOPD 3\/2018, de Garantia dels Drets Digitals; la Llei 34\/2002, amb la darrera actualitzaci\u00f3, 09\/05\/2023, de Serveis de la Societat de la Informaci\u00f3 i el Comer\u00e7 Electr\u00f2nic; i la Llei 11\/2022, General de Telecomunicacions, BA\u00d1O-LID, SL informa els usuaris dels seus llocs [&hellip;]<\/p>\n","protected":false},"author":1,"featured_media":0,"parent":0,"menu_order":0,"comment_status":"closed","ping_status":"closed","template":"","meta":{"footnotes":""},"class_list":["post-995","page","type-page","status-publish","hentry"],"yoast_head":"<!-- This site is optimized with the Yoast SEO plugin v26.7 - https:\/\/yoast.com\/wordpress\/plugins\/seo\/ -->\n<title>Pol\u00edtica de privacitat - Ba\u00f1olid<\/title>\n<meta name=\"robots\" content=\"noindex, follow\" \/>\n<meta property=\"og:locale\" content=\"ca_ES\" \/>\n<meta property=\"og:type\" content=\"article\" \/>\n<meta property=\"og:title\" content=\"Pol\u00edtica de privacitat - Ba\u00f1olid\" \/>\n<meta property=\"og:description\" content=\"Pol\u00edtica de privacitat POL\u00cdTICA DE PRIVACITAT De conformitat amb el que estableix l\u2019RGPD-UE-2016\/679; l\u2019LOPD 3\/2018, de Garantia dels Drets Digitals; la Llei 34\/2002, amb la darrera actualitzaci\u00f3, 09\/05\/2023, de Serveis de la Societat de la Informaci\u00f3 i el Comer\u00e7 Electr\u00f2nic; i la Llei 11\/2022, General de Telecomunicacions, BA\u00d1O-LID, SL informa els usuaris dels seus llocs [&hellip;]\" \/>\n<meta property=\"og:url\" content=\"https:\/\/plasticostecnicos.cat\/ca\/politica-privacitat\/\" \/>\n<meta property=\"og:site_name\" content=\"Ba\u00f1olid\" \/>\n<meta property=\"article:modified_time\" content=\"2026-01-09T08:46:19+00:00\" \/>\n<meta name=\"twitter:card\" content=\"summary_large_image\" \/>\n<meta name=\"twitter:label1\" content=\"Temps estimat de lectura\" \/>\n\t<meta name=\"twitter:data1\" content=\"7 minuts\" \/>\n<script type=\"application\/ld+json\" class=\"yoast-schema-graph\">{\"@context\":\"https:\/\/schema.org\",\"@graph\":[{\"@type\":\"WebPage\",\"@id\":\"https:\/\/plasticostecnicos.cat\/ca\/politica-privacitat\/\",\"url\":\"https:\/\/plasticostecnicos.cat\/ca\/politica-privacitat\/\",\"name\":\"Pol\u00edtica de privacitat - Ba\u00f1olid\",\"isPartOf\":{\"@id\":\"https:\/\/plasticostecnicos.cat\/ca\/#website\"},\"datePublished\":\"2023-03-10T07:06:46+00:00\",\"dateModified\":\"2026-01-09T08:46:19+00:00\",\"breadcrumb\":{\"@id\":\"https:\/\/plasticostecnicos.cat\/ca\/politica-privacitat\/#breadcrumb\"},\"inLanguage\":\"ca\",\"potentialAction\":[{\"@type\":\"ReadAction\",\"target\":[\"https:\/\/plasticostecnicos.cat\/ca\/politica-privacitat\/\"]}]},{\"@type\":\"BreadcrumbList\",\"@id\":\"https:\/\/plasticostecnicos.cat\/ca\/politica-privacitat\/#breadcrumb\",\"itemListElement\":[{\"@type\":\"ListItem\",\"position\":1,\"name\":\"Portada\",\"item\":\"https:\/\/plasticostecnicos.cat\/ca\/\"},{\"@type\":\"ListItem\",\"position\":2,\"name\":\"Pol\u00edtica de privacitat\"}]},{\"@type\":\"WebSite\",\"@id\":\"https:\/\/plasticostecnicos.cat\/ca\/#website\",\"url\":\"https:\/\/plasticostecnicos.cat\/ca\/\",\"name\":\"Ba\u00f1olid\",\"description\":\"Pl\u00e1sticos T\u00e9cnicos\",\"publisher\":{\"@id\":\"https:\/\/plasticostecnicos.cat\/ca\/#organization\"},\"potentialAction\":[{\"@type\":\"SearchAction\",\"target\":{\"@type\":\"EntryPoint\",\"urlTemplate\":\"https:\/\/plasticostecnicos.cat\/ca\/?s={search_term_string}\"},\"query-input\":{\"@type\":\"PropertyValueSpecification\",\"valueRequired\":true,\"valueName\":\"search_term_string\"}}],\"inLanguage\":\"ca\"},{\"@type\":\"Organization\",\"@id\":\"https:\/\/plasticostecnicos.cat\/ca\/#organization\",\"name\":\"Ba\u00f1olid\",\"url\":\"https:\/\/plasticostecnicos.cat\/ca\/\",\"logo\":{\"@type\":\"ImageObject\",\"inLanguage\":\"ca\",\"@id\":\"https:\/\/plasticostecnicos.cat\/ca\/#\/schema\/logo\/image\/\",\"url\":\"https:\/\/plasticostecnicos.cat\/wp\/wp-content\/uploads\/2023\/03\/banolid-logo.png\",\"contentUrl\":\"https:\/\/plasticostecnicos.cat\/wp\/wp-content\/uploads\/2023\/03\/banolid-logo.png\",\"width\":520,\"height\":128,\"caption\":\"Ba\u00f1olid\"},\"image\":{\"@id\":\"https:\/\/plasticostecnicos.cat\/ca\/#\/schema\/logo\/image\/\"}}]}<\/script>\n<!-- \/ Yoast SEO plugin. -->","yoast_head_json":{"title":"Pol\u00edtica de privacitat - Ba\u00f1olid","robots":{"index":"noindex","follow":"follow"},"og_locale":"ca_ES","og_type":"article","og_title":"Pol\u00edtica de privacitat - Ba\u00f1olid","og_description":"Pol\u00edtica de privacitat POL\u00cdTICA DE PRIVACITAT De conformitat amb el que estableix l\u2019RGPD-UE-2016\/679; l\u2019LOPD 3\/2018, de Garantia dels Drets Digitals; la Llei 34\/2002, amb la darrera actualitzaci\u00f3, 09\/05\/2023, de Serveis de la Societat de la Informaci\u00f3 i el Comer\u00e7 Electr\u00f2nic; i la Llei 11\/2022, General de Telecomunicacions, BA\u00d1O-LID, SL informa els usuaris dels seus llocs [&hellip;]","og_url":"https:\/\/plasticostecnicos.cat\/ca\/politica-privacitat\/","og_site_name":"Ba\u00f1olid","article_modified_time":"2026-01-09T08:46:19+00:00","twitter_card":"summary_large_image","twitter_misc":{"Temps estimat de lectura":"7 minuts"},"schema":{"@context":"https:\/\/schema.org","@graph":[{"@type":"WebPage","@id":"https:\/\/plasticostecnicos.cat\/ca\/politica-privacitat\/","url":"https:\/\/plasticostecnicos.cat\/ca\/politica-privacitat\/","name":"Pol\u00edtica de privacitat - Ba\u00f1olid","isPartOf":{"@id":"https:\/\/plasticostecnicos.cat\/ca\/#website"},"datePublished":"2023-03-10T07:06:46+00:00","dateModified":"2026-01-09T08:46:19+00:00","breadcrumb":{"@id":"https:\/\/plasticostecnicos.cat\/ca\/politica-privacitat\/#breadcrumb"},"inLanguage":"ca","potentialAction":[{"@type":"ReadAction","target":["https:\/\/plasticostecnicos.cat\/ca\/politica-privacitat\/"]}]},{"@type":"BreadcrumbList","@id":"https:\/\/plasticostecnicos.cat\/ca\/politica-privacitat\/#breadcrumb","itemListElement":[{"@type":"ListItem","position":1,"name":"Portada","item":"https:\/\/plasticostecnicos.cat\/ca\/"},{"@type":"ListItem","position":2,"name":"Pol\u00edtica de privacitat"}]},{"@type":"WebSite","@id":"https:\/\/plasticostecnicos.cat\/ca\/#website","url":"https:\/\/plasticostecnicos.cat\/ca\/","name":"Ba\u00f1olid","description":"Pl\u00e1sticos T\u00e9cnicos","publisher":{"@id":"https:\/\/plasticostecnicos.cat\/ca\/#organization"},"potentialAction":[{"@type":"SearchAction","target":{"@type":"EntryPoint","urlTemplate":"https:\/\/plasticostecnicos.cat\/ca\/?s={search_term_string}"},"query-input":{"@type":"PropertyValueSpecification","valueRequired":true,"valueName":"search_term_string"}}],"inLanguage":"ca"},{"@type":"Organization","@id":"https:\/\/plasticostecnicos.cat\/ca\/#organization","name":"Ba\u00f1olid","url":"https:\/\/plasticostecnicos.cat\/ca\/","logo":{"@type":"ImageObject","inLanguage":"ca","@id":"https:\/\/plasticostecnicos.cat\/ca\/#\/schema\/logo\/image\/","url":"https:\/\/plasticostecnicos.cat\/wp\/wp-content\/uploads\/2023\/03\/banolid-logo.png","contentUrl":"https:\/\/plasticostecnicos.cat\/wp\/wp-content\/uploads\/2023\/03\/banolid-logo.png","width":520,"height":128,"caption":"Ba\u00f1olid"},"image":{"@id":"https:\/\/plasticostecnicos.cat\/ca\/#\/schema\/logo\/image\/"}}]}},"_links":{"self":[{"href":"https:\/\/plasticostecnicos.cat\/ca\/wp-json\/wp\/v2\/pages\/995","targetHints":{"allow":["GET"]}}],"collection":[{"href":"https:\/\/plasticostecnicos.cat\/ca\/wp-json\/wp\/v2\/pages"}],"about":[{"href":"https:\/\/plasticostecnicos.cat\/ca\/wp-json\/wp\/v2\/types\/page"}],"author":[{"embeddable":true,"href":"https:\/\/plasticostecnicos.cat\/ca\/wp-json\/wp\/v2\/users\/1"}],"replies":[{"embeddable":true,"href":"https:\/\/plasticostecnicos.cat\/ca\/wp-json\/wp\/v2\/comments?post=995"}],"version-history":[{"count":4,"href":"https:\/\/plasticostecnicos.cat\/ca\/wp-json\/wp\/v2\/pages\/995\/revisions"}],"predecessor-version":[{"id":1094,"href":"https:\/\/plasticostecnicos.cat\/ca\/wp-json\/wp\/v2\/pages\/995\/revisions\/1094"}],"wp:attachment":[{"href":"https:\/\/plasticostecnicos.cat\/ca\/wp-json\/wp\/v2\/media?parent=995"}],"curies":[{"name":"wp","href":"https:\/\/api.w.org\/{rel}","templated":true}]}}