{"id":990,"date":"2023-06-01T15:32:13","date_gmt":"2023-06-01T13:32:13","guid":{"rendered":"https:\/\/plasticostecnicos.cat\/wp\/aviso-legal\/"},"modified":"2026-01-09T09:41:17","modified_gmt":"2026-01-09T08:41:17","slug":"avis-legal","status":"publish","type":"page","link":"https:\/\/plasticostecnicos.cat\/ca\/avis-legal\/","title":{"rendered":"Av\u00eds legal"},"content":{"rendered":"<div class=\"vce-row-container\" data-vce-boxed-width=\"true\"><div class=\"vce-row vce-row--col-gap-30 vce-row-equal-height vce-row-content--top\" id=\"el-86186368\" data-vce-do-apply=\"all el-86186368\"><div class=\"vce-content-background-container\"><\/div><div class=\"vce-row-content\" data-vce-element-content=\"true\"><div class=\"vce-col vce-col--md-16-66p vce-col--xs-1 vce-col--xs-last vce-col--xs-first vce-col--sm-last vce-col--sm-first vce-col--md-first vce-col--lg-first vce-col--xl-first\" id=\"el-46979526\"><div class=\"vce-col-inner\" data-vce-do-apply=\"border margin background  el-46979526\"><div class=\"vce-col-content\" data-vce-element-content=\"true\" data-vce-do-apply=\"padding el-46979526\"><div class=\"vcv-row-control-wrapper\"><\/div><\/div><\/div><\/div><div class=\"vce-col vce-col--md-66-66p vce-col--xs-1 vce-col--xs-last vce-col--xs-first vce-col--sm-last vce-col--sm-first\" id=\"el-d203fc7b\"><div class=\"vce-col-inner\" data-vce-do-apply=\"border margin background  el-d203fc7b\"><div class=\"vce-col-content\" data-vce-element-content=\"true\" data-vce-do-apply=\"padding el-d203fc7b\"><div class=\"vce-text-block\"><div class=\"vce-text-block-wrapper vce\" id=\"el-2ceb8857\" data-vce-do-apply=\"all el-2ceb8857\"><h1>Av\u00eds legal<\/h1><\/div><\/div><div class=\"vce-text-block\"><div class=\"vce-text-block-wrapper vce\" id=\"el-2cf9c75a\" data-vce-do-apply=\"all el-2cf9c75a\"><p>En compliment de la Llei 34\/2002, amb la darrera actualitzaci\u00f3, 09\/05\/2023, de serveis de la societat de la informaci\u00f3 i de comer\u00e7 electr\u00f2nic, <strong>BA\u00d1O-LID, SL,<\/strong> l\u2019informa que \u00e9s titular del lloc web: <a href=\"http:\/\/www.plasticostecnicos.cat\"><strong>www.plasticostecnicos.cat<\/strong><\/a><strong>. &nbsp;<\/strong>D\u2019acord amb l\u2019exig\u00e8ncia de l\u2019article 10 de l\u2019esmentada Llei, notifica les dades seg\u00fcents: CIF\/NIF: <strong>B58674409<\/strong> i Registre Mercantil de <strong>BARCELONA,<\/strong> Tom: <strong>23254,<\/strong> Foli: <strong>105, <\/strong>Secci\u00f3<strong>: 8, <\/strong>Full: <strong>B 49889 <\/strong>i Domicili Social: <strong>ROSELLON 6. 08211,<\/strong> <strong>CASTELLAR DEL VALLES<\/strong> <strong>(BARCELONA)<\/strong>. L\u2019adre\u00e7a de correu electr\u00f2nic de contacte amb l\u2019empresa \u00e9s: <u>info@plasticostecnicos.cat<\/u>.<\/p>\n<p>&nbsp;<\/p>\n<ol>\n<li><strong><u>USUARI I R\u00c8GIM DE RESPONSABILITATS<\/u><\/strong><\/li>\n<\/ol>\n<p>La navegaci\u00f3 per acc\u00e9s i \u00fas de la p\u00e0gina web i tots els subdominis i directoris inclosos sota la el mateix domini, aix\u00ed com els serveis o continguts que a trav\u00e9s d'ell es puguin obtenir i tots els portals de domini propi sota titularitat de <strong>BA\u00d1O-LID, SL<\/strong>, atorga la condici\u00f3 d'<strong>Usuari<\/strong>, per la que s'accepten, en navegar pel web de <strong>BA\u00d1O-LID, SL<\/strong>, totes les condicions d'\u00fas que s'estableixen aqu\u00ed sense perjudicar l'aplicaci\u00f3 de la corresponent normativa d'obligat compliment legal segons el cas.<\/p>\n<p>Per aix\u00f2, si les consideracions detallades en aquest Av\u00eds Legal no s\u00f3n de la seva conformitat, preguem no faci \u00fas del Portal, ja que qualsevol \u00fas que faci del mateix o dels serveis i continguts en ell inclosos implicar\u00e0 l'acceptaci\u00f3 dels termes legals recollits en aquest text.<\/p>\n<p>La p\u00e0gina web de <strong>BA\u00d1O-LID, SL<\/strong> proporciona gran diversitat d\u2019informaci\u00f3, serveis i dades. L\u2019<strong>Usuari<\/strong> assumeix la seva responsabilitat en l\u2019\u00fas correcte dels llocs web. Aquesta responsabilitat s\u2019estendr\u00e0 a: La veracitat i licitud de les informacions aportades per l\u2019<strong>Usuari<\/strong> als formularis de registre i contacte de<strong> BA\u00d1O-LID, SL<\/strong> per accedir a determinats continguts o serveis oferts per la web.<\/p>\n<p>L\u2019\u00fas de la informaci\u00f3, serveis i dades oferts per&nbsp;<strong>BA\u00d1O-LID, SL, <\/strong>no aniran contra les disposicions d\u2019aquestes cl\u00e0usules, la Llei, la moral, els bons costums o l\u2019ordre p\u00fablic que puguin suposar lesi\u00f3 dels drets de tercers o del funcionament dels llocs web.<\/p>\n<p>A aquest efecte, l'<strong>Usuari<\/strong> s'abstindr\u00e0 d'utilitzar qualsevol dels continguts amb finalitats il\u00b7l\u00edcites i prohibides en aquest text, lesives amb els drets i interessos de tercers, o que de qualsevol forma puguin malmetre, inutilitzar, sobrecarregar, deteriorar o impedir la normal utilitzaci\u00f3 dels continguts per part d\u2019altres <strong>Usuaris<\/strong> o de qualsevol <strong>Usuari<\/strong> d'Internet (hardware y software).<\/p>\n<p>Els <strong>Usuaris<\/strong> respondran dels danys i perjudicis de tota naturalesa que l'entitat propiet\u00e0ria de la web pugui patir, directament o indirectament, com a conseq\u00fc\u00e8ncia d'incompliment de qualsevol de les obligacions derivades de l'\u00fas de la Web i d'aquesta pol\u00edtica de privacitat.<\/p>\n<p>En particular, i a t\u00edtol merament indicatiu i no exhaustiu, l'<strong>Usuari<\/strong> es compromet a no transmetre, difondre o posar a disposici\u00f3 de tercers informacions, dades, continguts, missatges, gr\u00e0fics, dibuixos, arxius de so i \/ o imatge, fotografies d\u2019aquest web.<\/p><\/div><\/div><\/div><\/div><\/div><div class=\"vce-col vce-col--md-16-66p vce-col--xs-1 vce-col--xs-last vce-col--xs-first vce-col--sm-last vce-col--sm-first vce-col--md-last vce-col--lg-last vce-col--xl-last\" id=\"el-d2b86e67\"><div class=\"vce-col-inner\" data-vce-do-apply=\"border margin background  el-d2b86e67\"><div class=\"vce-col-content\" data-vce-element-content=\"true\" data-vce-do-apply=\"padding el-d2b86e67\"><div class=\"vcv-row-control-wrapper\"><\/div><\/div><\/div><\/div><\/div><\/div><\/div>","protected":false},"excerpt":{"rendered":"<p>Av\u00eds legalEn compliment de la Llei 34\/2002, amb la darrera actualitzaci\u00f3, 09\/05\/2023, de serveis de la societat de la informaci\u00f3 i de comer\u00e7 electr\u00f2nic, BA\u00d1O-LID, SL, l\u2019informa que \u00e9s titular del lloc web: www.plasticostecnicos.cat. &nbsp;D\u2019acord amb l\u2019exig\u00e8ncia de l\u2019article 10 de l\u2019esmentada Llei, notifica les dades seg\u00fcents: CIF\/NIF: B58674409 i Registre Mercantil de BARCELONA, Tom: [&hellip;]<\/p>\n","protected":false},"author":1,"featured_media":0,"parent":0,"menu_order":0,"comment_status":"closed","ping_status":"closed","template":"","meta":{"footnotes":""},"class_list":["post-990","page","type-page","status-publish","hentry"],"yoast_head":"<!-- This site is optimized with the Yoast SEO plugin v26.7 - https:\/\/yoast.com\/wordpress\/plugins\/seo\/ -->\n<title>Av\u00eds legal - Ba\u00f1olid<\/title>\n<meta name=\"robots\" content=\"noindex, follow\" \/>\n<meta property=\"og:locale\" content=\"ca_ES\" \/>\n<meta property=\"og:type\" content=\"article\" \/>\n<meta property=\"og:title\" content=\"Av\u00eds legal - Ba\u00f1olid\" \/>\n<meta property=\"og:description\" content=\"Av\u00eds legalEn compliment de la Llei 34\/2002, amb la darrera actualitzaci\u00f3, 09\/05\/2023, de serveis de la societat de la informaci\u00f3 i de comer\u00e7 electr\u00f2nic, BA\u00d1O-LID, SL, l\u2019informa que \u00e9s titular del lloc web: www.plasticostecnicos.cat. &nbsp;D\u2019acord amb l\u2019exig\u00e8ncia de l\u2019article 10 de l\u2019esmentada Llei, notifica les dades seg\u00fcents: CIF\/NIF: B58674409 i Registre Mercantil de BARCELONA, Tom: [&hellip;]\" \/>\n<meta property=\"og:url\" content=\"https:\/\/plasticostecnicos.cat\/ca\/avis-legal\/\" \/>\n<meta property=\"og:site_name\" content=\"Ba\u00f1olid\" \/>\n<meta property=\"article:modified_time\" content=\"2026-01-09T08:41:17+00:00\" \/>\n<meta name=\"twitter:card\" content=\"summary_large_image\" \/>\n<meta name=\"twitter:label1\" content=\"Temps estimat de lectura\" \/>\n\t<meta name=\"twitter:data1\" content=\"4 minuts\" \/>\n<script type=\"application\/ld+json\" class=\"yoast-schema-graph\">{\"@context\":\"https:\/\/schema.org\",\"@graph\":[{\"@type\":\"WebPage\",\"@id\":\"https:\/\/plasticostecnicos.cat\/ca\/avis-legal\/\",\"url\":\"https:\/\/plasticostecnicos.cat\/ca\/avis-legal\/\",\"name\":\"Av\u00eds legal - Ba\u00f1olid\",\"isPartOf\":{\"@id\":\"https:\/\/plasticostecnicos.cat\/ca\/#website\"},\"datePublished\":\"2023-06-01T13:32:13+00:00\",\"dateModified\":\"2026-01-09T08:41:17+00:00\",\"breadcrumb\":{\"@id\":\"https:\/\/plasticostecnicos.cat\/ca\/avis-legal\/#breadcrumb\"},\"inLanguage\":\"ca\",\"potentialAction\":[{\"@type\":\"ReadAction\",\"target\":[\"https:\/\/plasticostecnicos.cat\/ca\/avis-legal\/\"]}]},{\"@type\":\"BreadcrumbList\",\"@id\":\"https:\/\/plasticostecnicos.cat\/ca\/avis-legal\/#breadcrumb\",\"itemListElement\":[{\"@type\":\"ListItem\",\"position\":1,\"name\":\"Portada\",\"item\":\"https:\/\/plasticostecnicos.cat\/ca\/\"},{\"@type\":\"ListItem\",\"position\":2,\"name\":\"Av\u00eds legal\"}]},{\"@type\":\"WebSite\",\"@id\":\"https:\/\/plasticostecnicos.cat\/ca\/#website\",\"url\":\"https:\/\/plasticostecnicos.cat\/ca\/\",\"name\":\"Ba\u00f1olid\",\"description\":\"Pl\u00e1sticos T\u00e9cnicos\",\"publisher\":{\"@id\":\"https:\/\/plasticostecnicos.cat\/ca\/#organization\"},\"potentialAction\":[{\"@type\":\"SearchAction\",\"target\":{\"@type\":\"EntryPoint\",\"urlTemplate\":\"https:\/\/plasticostecnicos.cat\/ca\/?s={search_term_string}\"},\"query-input\":{\"@type\":\"PropertyValueSpecification\",\"valueRequired\":true,\"valueName\":\"search_term_string\"}}],\"inLanguage\":\"ca\"},{\"@type\":\"Organization\",\"@id\":\"https:\/\/plasticostecnicos.cat\/ca\/#organization\",\"name\":\"Ba\u00f1olid\",\"url\":\"https:\/\/plasticostecnicos.cat\/ca\/\",\"logo\":{\"@type\":\"ImageObject\",\"inLanguage\":\"ca\",\"@id\":\"https:\/\/plasticostecnicos.cat\/ca\/#\/schema\/logo\/image\/\",\"url\":\"https:\/\/plasticostecnicos.cat\/wp\/wp-content\/uploads\/2023\/03\/banolid-logo.png\",\"contentUrl\":\"https:\/\/plasticostecnicos.cat\/wp\/wp-content\/uploads\/2023\/03\/banolid-logo.png\",\"width\":520,\"height\":128,\"caption\":\"Ba\u00f1olid\"},\"image\":{\"@id\":\"https:\/\/plasticostecnicos.cat\/ca\/#\/schema\/logo\/image\/\"}}]}<\/script>\n<!-- \/ Yoast SEO plugin. -->","yoast_head_json":{"title":"Av\u00eds legal - Ba\u00f1olid","robots":{"index":"noindex","follow":"follow"},"og_locale":"ca_ES","og_type":"article","og_title":"Av\u00eds legal - Ba\u00f1olid","og_description":"Av\u00eds legalEn compliment de la Llei 34\/2002, amb la darrera actualitzaci\u00f3, 09\/05\/2023, de serveis de la societat de la informaci\u00f3 i de comer\u00e7 electr\u00f2nic, BA\u00d1O-LID, SL, l\u2019informa que \u00e9s titular del lloc web: www.plasticostecnicos.cat. &nbsp;D\u2019acord amb l\u2019exig\u00e8ncia de l\u2019article 10 de l\u2019esmentada Llei, notifica les dades seg\u00fcents: CIF\/NIF: B58674409 i Registre Mercantil de BARCELONA, Tom: [&hellip;]","og_url":"https:\/\/plasticostecnicos.cat\/ca\/avis-legal\/","og_site_name":"Ba\u00f1olid","article_modified_time":"2026-01-09T08:41:17+00:00","twitter_card":"summary_large_image","twitter_misc":{"Temps estimat de lectura":"4 minuts"},"schema":{"@context":"https:\/\/schema.org","@graph":[{"@type":"WebPage","@id":"https:\/\/plasticostecnicos.cat\/ca\/avis-legal\/","url":"https:\/\/plasticostecnicos.cat\/ca\/avis-legal\/","name":"Av\u00eds legal - Ba\u00f1olid","isPartOf":{"@id":"https:\/\/plasticostecnicos.cat\/ca\/#website"},"datePublished":"2023-06-01T13:32:13+00:00","dateModified":"2026-01-09T08:41:17+00:00","breadcrumb":{"@id":"https:\/\/plasticostecnicos.cat\/ca\/avis-legal\/#breadcrumb"},"inLanguage":"ca","potentialAction":[{"@type":"ReadAction","target":["https:\/\/plasticostecnicos.cat\/ca\/avis-legal\/"]}]},{"@type":"BreadcrumbList","@id":"https:\/\/plasticostecnicos.cat\/ca\/avis-legal\/#breadcrumb","itemListElement":[{"@type":"ListItem","position":1,"name":"Portada","item":"https:\/\/plasticostecnicos.cat\/ca\/"},{"@type":"ListItem","position":2,"name":"Av\u00eds legal"}]},{"@type":"WebSite","@id":"https:\/\/plasticostecnicos.cat\/ca\/#website","url":"https:\/\/plasticostecnicos.cat\/ca\/","name":"Ba\u00f1olid","description":"Pl\u00e1sticos T\u00e9cnicos","publisher":{"@id":"https:\/\/plasticostecnicos.cat\/ca\/#organization"},"potentialAction":[{"@type":"SearchAction","target":{"@type":"EntryPoint","urlTemplate":"https:\/\/plasticostecnicos.cat\/ca\/?s={search_term_string}"},"query-input":{"@type":"PropertyValueSpecification","valueRequired":true,"valueName":"search_term_string"}}],"inLanguage":"ca"},{"@type":"Organization","@id":"https:\/\/plasticostecnicos.cat\/ca\/#organization","name":"Ba\u00f1olid","url":"https:\/\/plasticostecnicos.cat\/ca\/","logo":{"@type":"ImageObject","inLanguage":"ca","@id":"https:\/\/plasticostecnicos.cat\/ca\/#\/schema\/logo\/image\/","url":"https:\/\/plasticostecnicos.cat\/wp\/wp-content\/uploads\/2023\/03\/banolid-logo.png","contentUrl":"https:\/\/plasticostecnicos.cat\/wp\/wp-content\/uploads\/2023\/03\/banolid-logo.png","width":520,"height":128,"caption":"Ba\u00f1olid"},"image":{"@id":"https:\/\/plasticostecnicos.cat\/ca\/#\/schema\/logo\/image\/"}}]}},"_links":{"self":[{"href":"https:\/\/plasticostecnicos.cat\/ca\/wp-json\/wp\/v2\/pages\/990","targetHints":{"allow":["GET"]}}],"collection":[{"href":"https:\/\/plasticostecnicos.cat\/ca\/wp-json\/wp\/v2\/pages"}],"about":[{"href":"https:\/\/plasticostecnicos.cat\/ca\/wp-json\/wp\/v2\/types\/page"}],"author":[{"embeddable":true,"href":"https:\/\/plasticostecnicos.cat\/ca\/wp-json\/wp\/v2\/users\/1"}],"replies":[{"embeddable":true,"href":"https:\/\/plasticostecnicos.cat\/ca\/wp-json\/wp\/v2\/comments?post=990"}],"version-history":[{"count":5,"href":"https:\/\/plasticostecnicos.cat\/ca\/wp-json\/wp\/v2\/pages\/990\/revisions"}],"predecessor-version":[{"id":1092,"href":"https:\/\/plasticostecnicos.cat\/ca\/wp-json\/wp\/v2\/pages\/990\/revisions\/1092"}],"wp:attachment":[{"href":"https:\/\/plasticostecnicos.cat\/ca\/wp-json\/wp\/v2\/media?parent=990"}],"curies":[{"name":"wp","href":"https:\/\/api.w.org\/{rel}","templated":true}]}}