{"id":983,"date":"2023-03-10T09:40:37","date_gmt":"2023-03-10T08:40:37","guid":{"rendered":"https:\/\/plasticostecnicos.cat\/wp\/empresa\/"},"modified":"2023-07-20T11:38:22","modified_gmt":"2023-07-20T09:38:22","slug":"empresa","status":"publish","type":"page","link":"https:\/\/plasticostecnicos.cat\/ca\/empresa\/","title":{"rendered":"Empresa"},"content":{"rendered":"<div class=\"vce-row-container\" data-vce-boxed-width=\"true\"><div class=\"vce-row vce-row--col-gap-30 vce-row-wrap--reverse vce-row-equal-height vce-row-content--top\" id=\"el-a0ef1fe2\" data-vce-do-apply=\"all el-a0ef1fe2\"><div class=\"vce-content-background-container\"><\/div><div class=\"vce-row-content\" data-vce-element-content=\"true\"><div class=\"vce-col vce-col--md-auto vce-col--xs-1 vce-col--xs-last vce-col--xs-first vce-col--sm-last vce-col--sm-first vce-col--md-first vce-col--lg-first vce-col--xl-first\" id=\"el-1247f6cf\"><div class=\"vce-col-inner\" data-vce-do-apply=\"border margin background  el-1247f6cf\"><div class=\"vce-content-background-container\"><\/div><div class=\"vce-col-content\" data-vce-element-content=\"true\" data-vce-do-apply=\"padding el-1247f6cf\"><div class=\"vce-text-block anys\"><div class=\"vce-text-block-wrapper vce\" id=\"el-6c522bc7\" data-vce-do-apply=\"all el-6c522bc7\" data-vce-animate=\"vce-o-animate--fadeInRightSmall\"><h3>1983<\/h3><p>Fundaci\u00f3 de l'empresa<\/p><\/div><\/div><div class=\"vce-text-block anys\"><div class=\"vce-text-block-wrapper vce\" id=\"el-61cf342b\" data-vce-do-apply=\"all el-61cf342b\" data-vce-animate=\"vce-o-animate--fadeInRightSmall\" data-vce-animate-delay=\"vce-o-animate-delay--0.2\"><h3>1999<\/h3><p>Primera m\u00e0quina CNC<\/p><\/div><\/div><div class=\"vce-text-block anys\"><div class=\"vce-text-block-wrapper vce\" id=\"el-338d81c3\" data-vce-do-apply=\"all el-338d81c3\" data-vce-animate=\"vce-o-animate--fadeInRightSmall\" data-vce-animate-delay=\"vce-o-animate-delay--0.4\"><h3>2005<\/h3><p>Incorporaci\u00f3 d'alumini<\/p><\/div><\/div><div class=\"vce-text-block anys\"><div class=\"vce-text-block-wrapper vce\" id=\"el-2c146524\" data-vce-do-apply=\"all el-2c146524\" data-vce-animate=\"vce-o-animate--fadeInRightSmall\" data-vce-animate-delay=\"vce-o-animate-delay--0.6\"><h3>2006<\/h3><p>Estaci\u00f3 de fresat 3 eixos<\/p><\/div><\/div><div class=\"vce-text-block anys\"><div class=\"vce-text-block-wrapper vce\" id=\"el-ba2bfbde\" data-vce-do-apply=\"all el-ba2bfbde\" data-vce-animate=\"vce-o-animate--fadeInRightSmall\" data-vce-animate-delay=\"vce-o-animate-delay--0.8\"><h3>2010<\/h3><p>Estaci\u00f3 de fresat 5 eixos<\/p><\/div><\/div><div class=\"vce-text-block anys\"><div class=\"vce-text-block-wrapper vce\" id=\"el-64baabb2\" data-vce-do-apply=\"all el-64baabb2\" data-vce-animate=\"vce-o-animate--fadeInRightSmall\" data-vce-animate-delay=\"vce-o-animate-delay--1\"><h3>2013<\/h3><p>Ampliaci\u00f3 de les instal\u00b7lacions<\/p><\/div><\/div><div class=\"vce-text-block anys\"><div class=\"vce-text-block-wrapper vce\" id=\"el-706a2a88\" data-vce-do-apply=\"all el-706a2a88\" data-vce-animate=\"vce-o-animate--fadeInRightSmall\" data-vce-animate-delay=\"vce-o-animate-delay--1.2\"><h3>2023<\/h3><p>Nova imatge corporativa<\/p><\/div><\/div><\/div><\/div><\/div><div class=\"vce-col vce-col--md-auto vce-col--xs-1 vce-col--xs-last vce-col--xs-first vce-col--sm-last vce-col--sm-first vce-col--md-last vce-col--lg-last vce-col--xl-last\" id=\"el-ba16331e\"><div class=\"vce-col-inner\" data-vce-do-apply=\"border margin background  el-ba16331e\"><div class=\"vce-col-content\" data-vce-element-content=\"true\" data-vce-do-apply=\"padding el-ba16331e\"><div class=\"vce-text-block\"><div class=\"vce-text-block-wrapper vce\" id=\"el-0045269c\" data-vce-do-apply=\"all el-0045269c\"><h3>A Ba\u00f1olid som especialistes en la mecanitzaci\u00f3, fabricaci\u00f3 i manipulats de peces en pl\u00e0stics t\u00e8cnics i alumini.<\/h3><\/div><\/div><div class=\"vce-text-block\"><div class=\"vce-text-block-wrapper vce\" id=\"el-df9930a8\" data-vce-do-apply=\"all el-df9930a8\"><p>En els inicis de l'empresa fabric\u00e0vem accessoris de bany en metacrilat i aix\u00ed va ser com vam adquirir una gran experi\u00e8ncia en la transformaci\u00f3 i en el manipulat d'aquest material. Les necessitats del mercat ens van impulsar a treballar amb una gran varietat de pl\u00e0stics t\u00e8cnics i aliatges d'alumini, incorporant tamb\u00e9 nous sistemes de treball com el control num\u00e8ric CNC o el fresat continu de 5 eixos.<\/p><p>La incorporaci\u00f3 de nova maquin\u00e0ria i la necessitat de disposar de materials en estoc per a garantir uns terminis de lliurament ajustats ha comportat una ampliaci\u00f3 i modernitzaci\u00f3 de les nostres instal\u00b7lacions.<\/p><p>El nostre equip t\u00e8cnic est\u00e0 en constant formaci\u00f3 per a incorporar les \u00faltimes tecnologies en tots els processos de treball, com el disseny de peces en 3D amb Topsolid, que ens permet abordar projectes complexos de la manera m\u00e9s eficient possible.<\/p><\/div><\/div><div class=\"vce-single-image-container vce-single-image--align-left\"><div class=\"vce vce-single-image-wrapper\" id=\"el-d0b3ae05\" data-vce-do-apply=\"all el-d0b3ae05\"><figure><div class=\"vce-single-image-figure-inner\" style=\"width: 1200px;\"><div class=\"vce-single-image-inner vce-single-image--absolute\" style=\"width: 100%; padding-bottom: 66.6667%;\"><img loading=\"lazy\" decoding=\"async\" class=\"vce-single-image\"  width=\"1200\" height=\"800\" srcset=\"https:\/\/plasticostecnicos.cat\/wp\/wp-content\/uploads\/2023\/07\/Prototipos_R4_8118-320x213.jpg 320w, https:\/\/plasticostecnicos.cat\/wp\/wp-content\/uploads\/2023\/07\/Prototipos_R4_8118-480x320.jpg 480w, https:\/\/plasticostecnicos.cat\/wp\/wp-content\/uploads\/2023\/07\/Prototipos_R4_8118-800x533.jpg 800w, https:\/\/plasticostecnicos.cat\/wp\/wp-content\/uploads\/2023\/07\/Prototipos_R4_8118-1200x800.jpg 1200w\" src=\"https:\/\/plasticostecnicos.cat\/wp\/wp-content\/uploads\/2023\/07\/Prototipos_R4_8118-1200x800.jpg\" data-img-src=\"https:\/\/plasticostecnicos.cat\/wp\/wp-content\/uploads\/2023\/06\/Prototipos_R4_8118.jpg\" data-attachment-id=\"426\"  alt=\"Dise\u00f1o industrial de prototipos\" title=\"Prototipos_R4_8118\" \/><\/div><\/div><figcaption hidden=\"\"><\/figcaption><\/figure><\/div><\/div><\/div><\/div><\/div><\/div><\/div><\/div>\n","protected":false},"excerpt":{"rendered":"<p>1983Fundaci\u00f3 de l&#8217;empresa1999Primera m\u00e0quina CNC2005Incorporaci\u00f3 d&#8217;alumini2006Estaci\u00f3 de fresat 3 eixos2010Estaci\u00f3 de fresat 5 eixos2013Ampliaci\u00f3 de les instal\u00b7lacions2023Nova imatge corporativaA Ba\u00f1olid som especialistes en la mecanitzaci\u00f3, fabricaci\u00f3 i manipulats de peces en pl\u00e0stics t\u00e8cnics i alumini.En els inicis de l&#8217;empresa fabric\u00e0vem accessoris de bany en metacrilat i aix\u00ed va ser com vam adquirir una gran experi\u00e8ncia [&hellip;]<\/p>\n","protected":false},"author":1,"featured_media":0,"parent":0,"menu_order":0,"comment_status":"closed","ping_status":"closed","template":"","meta":{"footnotes":""},"class_list":["post-983","page","type-page","status-publish","hentry"],"yoast_head":"<!-- This site is optimized with the Yoast SEO plugin v26.7 - https:\/\/yoast.com\/wordpress\/plugins\/seo\/ -->\n<title>Mecanitzaci\u00f3, fabricaci\u00f3 i manipulaci\u00f3 de peces | Ba\u00f1olid<\/title>\n<meta name=\"description\" content=\"A Ba\u00f1olid som especialistes en la mecanitzaci\u00f3, fabricaci\u00f3 i manipulaci\u00f3 de peces en pl\u00e0stics t\u00e8cnics i alumini.\" \/>\n<meta name=\"robots\" content=\"index, follow, max-snippet:-1, max-image-preview:large, max-video-preview:-1\" \/>\n<link rel=\"canonical\" href=\"https:\/\/plasticostecnicos.cat\/ca\/empresa\/\" \/>\n<meta property=\"og:locale\" content=\"ca_ES\" \/>\n<meta property=\"og:type\" content=\"article\" \/>\n<meta property=\"og:title\" content=\"Mecanitzaci\u00f3, fabricaci\u00f3 i manipulaci\u00f3 de peces | Ba\u00f1olid\" \/>\n<meta property=\"og:description\" content=\"A Ba\u00f1olid som especialistes en la mecanitzaci\u00f3, fabricaci\u00f3 i manipulaci\u00f3 de peces en pl\u00e0stics t\u00e8cnics i alumini.\" \/>\n<meta property=\"og:url\" content=\"https:\/\/plasticostecnicos.cat\/ca\/empresa\/\" \/>\n<meta property=\"og:site_name\" content=\"Ba\u00f1olid\" \/>\n<meta property=\"article:modified_time\" content=\"2023-07-20T09:38:22+00:00\" \/>\n<meta name=\"twitter:card\" content=\"summary_large_image\" \/>\n<meta name=\"twitter:label1\" content=\"Temps estimat de lectura\" \/>\n\t<meta name=\"twitter:data1\" content=\"2 minuts\" \/>\n<script type=\"application\/ld+json\" class=\"yoast-schema-graph\">{\"@context\":\"https:\/\/schema.org\",\"@graph\":[{\"@type\":\"WebPage\",\"@id\":\"https:\/\/plasticostecnicos.cat\/ca\/empresa\/\",\"url\":\"https:\/\/plasticostecnicos.cat\/ca\/empresa\/\",\"name\":\"Mecanitzaci\u00f3, fabricaci\u00f3 i manipulaci\u00f3 de peces | Ba\u00f1olid\",\"isPartOf\":{\"@id\":\"https:\/\/plasticostecnicos.cat\/ca\/#website\"},\"datePublished\":\"2023-03-10T08:40:37+00:00\",\"dateModified\":\"2023-07-20T09:38:22+00:00\",\"description\":\"A Ba\u00f1olid som especialistes en la mecanitzaci\u00f3, fabricaci\u00f3 i manipulaci\u00f3 de peces en pl\u00e0stics t\u00e8cnics i alumini.\",\"breadcrumb\":{\"@id\":\"https:\/\/plasticostecnicos.cat\/ca\/empresa\/#breadcrumb\"},\"inLanguage\":\"ca\",\"potentialAction\":[{\"@type\":\"ReadAction\",\"target\":[\"https:\/\/plasticostecnicos.cat\/ca\/empresa\/\"]}]},{\"@type\":\"BreadcrumbList\",\"@id\":\"https:\/\/plasticostecnicos.cat\/ca\/empresa\/#breadcrumb\",\"itemListElement\":[{\"@type\":\"ListItem\",\"position\":1,\"name\":\"Portada\",\"item\":\"https:\/\/plasticostecnicos.cat\/ca\/\"},{\"@type\":\"ListItem\",\"position\":2,\"name\":\"Empresa\"}]},{\"@type\":\"WebSite\",\"@id\":\"https:\/\/plasticostecnicos.cat\/ca\/#website\",\"url\":\"https:\/\/plasticostecnicos.cat\/ca\/\",\"name\":\"Ba\u00f1olid\",\"description\":\"Pl\u00e1sticos T\u00e9cnicos\",\"publisher\":{\"@id\":\"https:\/\/plasticostecnicos.cat\/ca\/#organization\"},\"potentialAction\":[{\"@type\":\"SearchAction\",\"target\":{\"@type\":\"EntryPoint\",\"urlTemplate\":\"https:\/\/plasticostecnicos.cat\/ca\/?s={search_term_string}\"},\"query-input\":{\"@type\":\"PropertyValueSpecification\",\"valueRequired\":true,\"valueName\":\"search_term_string\"}}],\"inLanguage\":\"ca\"},{\"@type\":\"Organization\",\"@id\":\"https:\/\/plasticostecnicos.cat\/ca\/#organization\",\"name\":\"Ba\u00f1olid\",\"url\":\"https:\/\/plasticostecnicos.cat\/ca\/\",\"logo\":{\"@type\":\"ImageObject\",\"inLanguage\":\"ca\",\"@id\":\"https:\/\/plasticostecnicos.cat\/ca\/#\/schema\/logo\/image\/\",\"url\":\"https:\/\/plasticostecnicos.cat\/wp\/wp-content\/uploads\/2023\/03\/banolid-logo.png\",\"contentUrl\":\"https:\/\/plasticostecnicos.cat\/wp\/wp-content\/uploads\/2023\/03\/banolid-logo.png\",\"width\":520,\"height\":128,\"caption\":\"Ba\u00f1olid\"},\"image\":{\"@id\":\"https:\/\/plasticostecnicos.cat\/ca\/#\/schema\/logo\/image\/\"}}]}<\/script>\n<!-- \/ Yoast SEO plugin. -->","yoast_head_json":{"title":"Mecanitzaci\u00f3, fabricaci\u00f3 i manipulaci\u00f3 de peces | Ba\u00f1olid","description":"A Ba\u00f1olid som especialistes en la mecanitzaci\u00f3, fabricaci\u00f3 i manipulaci\u00f3 de peces en pl\u00e0stics t\u00e8cnics i alumini.","robots":{"index":"index","follow":"follow","max-snippet":"max-snippet:-1","max-image-preview":"max-image-preview:large","max-video-preview":"max-video-preview:-1"},"canonical":"https:\/\/plasticostecnicos.cat\/ca\/empresa\/","og_locale":"ca_ES","og_type":"article","og_title":"Mecanitzaci\u00f3, fabricaci\u00f3 i manipulaci\u00f3 de peces | Ba\u00f1olid","og_description":"A Ba\u00f1olid som especialistes en la mecanitzaci\u00f3, fabricaci\u00f3 i manipulaci\u00f3 de peces en pl\u00e0stics t\u00e8cnics i alumini.","og_url":"https:\/\/plasticostecnicos.cat\/ca\/empresa\/","og_site_name":"Ba\u00f1olid","article_modified_time":"2023-07-20T09:38:22+00:00","twitter_card":"summary_large_image","twitter_misc":{"Temps estimat de lectura":"2 minuts"},"schema":{"@context":"https:\/\/schema.org","@graph":[{"@type":"WebPage","@id":"https:\/\/plasticostecnicos.cat\/ca\/empresa\/","url":"https:\/\/plasticostecnicos.cat\/ca\/empresa\/","name":"Mecanitzaci\u00f3, fabricaci\u00f3 i manipulaci\u00f3 de peces | Ba\u00f1olid","isPartOf":{"@id":"https:\/\/plasticostecnicos.cat\/ca\/#website"},"datePublished":"2023-03-10T08:40:37+00:00","dateModified":"2023-07-20T09:38:22+00:00","description":"A Ba\u00f1olid som especialistes en la mecanitzaci\u00f3, fabricaci\u00f3 i manipulaci\u00f3 de peces en pl\u00e0stics t\u00e8cnics i alumini.","breadcrumb":{"@id":"https:\/\/plasticostecnicos.cat\/ca\/empresa\/#breadcrumb"},"inLanguage":"ca","potentialAction":[{"@type":"ReadAction","target":["https:\/\/plasticostecnicos.cat\/ca\/empresa\/"]}]},{"@type":"BreadcrumbList","@id":"https:\/\/plasticostecnicos.cat\/ca\/empresa\/#breadcrumb","itemListElement":[{"@type":"ListItem","position":1,"name":"Portada","item":"https:\/\/plasticostecnicos.cat\/ca\/"},{"@type":"ListItem","position":2,"name":"Empresa"}]},{"@type":"WebSite","@id":"https:\/\/plasticostecnicos.cat\/ca\/#website","url":"https:\/\/plasticostecnicos.cat\/ca\/","name":"Ba\u00f1olid","description":"Pl\u00e1sticos T\u00e9cnicos","publisher":{"@id":"https:\/\/plasticostecnicos.cat\/ca\/#organization"},"potentialAction":[{"@type":"SearchAction","target":{"@type":"EntryPoint","urlTemplate":"https:\/\/plasticostecnicos.cat\/ca\/?s={search_term_string}"},"query-input":{"@type":"PropertyValueSpecification","valueRequired":true,"valueName":"search_term_string"}}],"inLanguage":"ca"},{"@type":"Organization","@id":"https:\/\/plasticostecnicos.cat\/ca\/#organization","name":"Ba\u00f1olid","url":"https:\/\/plasticostecnicos.cat\/ca\/","logo":{"@type":"ImageObject","inLanguage":"ca","@id":"https:\/\/plasticostecnicos.cat\/ca\/#\/schema\/logo\/image\/","url":"https:\/\/plasticostecnicos.cat\/wp\/wp-content\/uploads\/2023\/03\/banolid-logo.png","contentUrl":"https:\/\/plasticostecnicos.cat\/wp\/wp-content\/uploads\/2023\/03\/banolid-logo.png","width":520,"height":128,"caption":"Ba\u00f1olid"},"image":{"@id":"https:\/\/plasticostecnicos.cat\/ca\/#\/schema\/logo\/image\/"}}]}},"_links":{"self":[{"href":"https:\/\/plasticostecnicos.cat\/ca\/wp-json\/wp\/v2\/pages\/983","targetHints":{"allow":["GET"]}}],"collection":[{"href":"https:\/\/plasticostecnicos.cat\/ca\/wp-json\/wp\/v2\/pages"}],"about":[{"href":"https:\/\/plasticostecnicos.cat\/ca\/wp-json\/wp\/v2\/types\/page"}],"author":[{"embeddable":true,"href":"https:\/\/plasticostecnicos.cat\/ca\/wp-json\/wp\/v2\/users\/1"}],"replies":[{"embeddable":true,"href":"https:\/\/plasticostecnicos.cat\/ca\/wp-json\/wp\/v2\/comments?post=983"}],"version-history":[{"count":2,"href":"https:\/\/plasticostecnicos.cat\/ca\/wp-json\/wp\/v2\/pages\/983\/revisions"}],"predecessor-version":[{"id":985,"href":"https:\/\/plasticostecnicos.cat\/ca\/wp-json\/wp\/v2\/pages\/983\/revisions\/985"}],"wp:attachment":[{"href":"https:\/\/plasticostecnicos.cat\/ca\/wp-json\/wp\/v2\/media?parent=983"}],"curies":[{"name":"wp","href":"https:\/\/api.w.org\/{rel}","templated":true}]}}