{"id":980,"date":"2023-03-10T09:43:47","date_gmt":"2023-03-10T08:43:47","guid":{"rendered":"https:\/\/plasticostecnicos.cat\/wp\/serveis\/asesoramiento-tecnico\/"},"modified":"2023-07-20T11:44:33","modified_gmt":"2023-07-20T09:44:33","slug":"assessorament-tecnic","status":"publish","type":"page","link":"https:\/\/plasticostecnicos.cat\/ca\/serveis\/assessorament-tecnic\/","title":{"rendered":"Assessorament t\u00e8cnic"},"content":{"rendered":"<div class=\"vce-row-container\" data-vce-boxed-width=\"true\"><div class=\"vce-row vce-element--xl--has-background vce-element--lg--has-background vce-element--md--has-background vce-element--sm--has-background vce-element--xs--has-background vce-row--col-gap-30 header-image vce-row-equal-height vce-row-content--top\" id=\"el-6da767d9\" data-vce-do-apply=\"all el-6da767d9\"><div class=\"vce-content-background-container\"><div class=\"vce-asset-background-simple-container vce-visible-xl-only vce-asset-background-simple--style-cover vce-asset-background-simple--position-center-top\"><div class=\"vce-asset-background-simple\">\n              <div class=\"vce-asset-background-simple-item vcv-lozad\" data-background-image=\"https:\/\/plasticostecnicos.cat\/wp\/wp-content\/uploads\/2023\/06\/destacat-asesoramiento.jpg\"><\/div>\n              <noscript>\n                <div class=\"vce-asset-background-simple-item\" style=\"background-image: url(https:\/\/plasticostecnicos.cat\/wp\/wp-content\/uploads\/2023\/06\/destacat-asesoramiento.jpg)\"><\/div>\n              <\/noscript>\n            <\/div><\/div><div class=\"vce-asset-background-simple-container vce-visible-lg-only vce-asset-background-simple--style-cover vce-asset-background-simple--position-center-top\"><div class=\"vce-asset-background-simple\">\n              <div class=\"vce-asset-background-simple-item vcv-lozad\" data-background-image=\"https:\/\/plasticostecnicos.cat\/wp\/wp-content\/uploads\/2023\/06\/destacat-asesoramiento.jpg\"><\/div>\n              <noscript>\n                <div class=\"vce-asset-background-simple-item\" style=\"background-image: url(https:\/\/plasticostecnicos.cat\/wp\/wp-content\/uploads\/2023\/06\/destacat-asesoramiento.jpg)\"><\/div>\n              <\/noscript>\n            <\/div><\/div><div class=\"vce-asset-background-simple-container vce-visible-md-only vce-asset-background-simple--style-cover vce-asset-background-simple--position-center-top\"><div class=\"vce-asset-background-simple\">\n              <div class=\"vce-asset-background-simple-item vcv-lozad\" data-background-image=\"https:\/\/plasticostecnicos.cat\/wp\/wp-content\/uploads\/2023\/06\/destacat-asesoramiento.jpg\"><\/div>\n              <noscript>\n                <div class=\"vce-asset-background-simple-item\" style=\"background-image: url(https:\/\/plasticostecnicos.cat\/wp\/wp-content\/uploads\/2023\/06\/destacat-asesoramiento.jpg)\"><\/div>\n              <\/noscript>\n            <\/div><\/div><div class=\"vce-asset-background-simple-container vce-visible-sm-only vce-asset-background-simple--style-cover vce-asset-background-simple--position-center-top\"><div class=\"vce-asset-background-simple\">\n              <div class=\"vce-asset-background-simple-item vcv-lozad\" data-background-image=\"https:\/\/plasticostecnicos.cat\/wp\/wp-content\/uploads\/2023\/06\/destacat-asesoramiento.jpg\"><\/div>\n              <noscript>\n                <div class=\"vce-asset-background-simple-item\" style=\"background-image: url(https:\/\/plasticostecnicos.cat\/wp\/wp-content\/uploads\/2023\/06\/destacat-asesoramiento.jpg)\"><\/div>\n              <\/noscript>\n            <\/div><\/div><div class=\"vce-asset-background-simple-container vce-visible-xs-only vce-asset-background-simple--style-cover vce-asset-background-simple--position-center-top\"><div class=\"vce-asset-background-simple\">\n              <div class=\"vce-asset-background-simple-item vcv-lozad\" data-background-image=\"https:\/\/plasticostecnicos.cat\/wp\/wp-content\/uploads\/2023\/06\/destacat-asesoramiento.jpg\"><\/div>\n              <noscript>\n                <div class=\"vce-asset-background-simple-item\" style=\"background-image: url(https:\/\/plasticostecnicos.cat\/wp\/wp-content\/uploads\/2023\/06\/destacat-asesoramiento.jpg)\"><\/div>\n              <\/noscript>\n            <\/div><\/div><\/div><div class=\"vce-row-content\" data-vce-element-content=\"true\"><div class=\"vce-col vce-col--md-auto vce-col--xs-1 vce-col--xs-last vce-col--xs-first vce-col--sm-last vce-col--sm-first vce-col--md-last vce-col--lg-last vce-col--xl-last vce-col--md-first vce-col--lg-first vce-col--xl-first\" id=\"el-4f63bcb0\"><div class=\"vce-col-inner\" data-vce-do-apply=\"border margin background  el-4f63bcb0\"><div class=\"vce-col-content\" data-vce-element-content=\"true\" data-vce-do-apply=\"padding el-4f63bcb0\"><div class=\"vce-text-block textfons\"><div class=\"vce-text-block-wrapper vce\" id=\"el-8309392f\" data-vce-do-apply=\"all el-8309392f\"><h1>Assessorament<br>t\u00e8cnic<\/h1><\/div><\/div><\/div><\/div><\/div><\/div><\/div><\/div><div class=\"vce-row-container\" data-vce-boxed-width=\"true\"><div class=\"vce-row vce-row--col-gap-30 vce-row-equal-height vce-row-content--top\" id=\"el-5f4f5582\" data-vce-do-apply=\"all el-5f4f5582\"><div class=\"vce-content-background-container\"><\/div><div class=\"vce-row-content\" data-vce-element-content=\"true\"><div class=\"vce-col vce-col--md-10p vce-col--xs-1 vce-col--xs-last vce-col--xs-first vce-col--sm-last vce-col--sm-first vce-col--md-first vce-col--lg-first vce-col--xl-first\" id=\"el-44aff015\"><div class=\"vce-col-inner\" data-vce-do-apply=\"border margin background  el-44aff015\"><div class=\"vce-col-content\" data-vce-element-content=\"true\" data-vce-do-apply=\"padding el-44aff015\"><div><\/div><\/div><\/div><\/div><div class=\"vce-col vce-col--md-auto vce-col--xs-1 vce-col--xs-last vce-col--xs-first vce-col--sm-last vce-col--sm-first\" id=\"el-2937fcf8\"><div class=\"vce-col-inner\" data-vce-do-apply=\"border margin background  el-2937fcf8\"><div class=\"vce-col-content\" data-vce-element-content=\"true\" data-vce-do-apply=\"padding el-2937fcf8\"><div class=\"vce-text-block h2petit\"><div class=\"vce-text-block-wrapper vce\" id=\"el-95b0bcfa\" data-vce-do-apply=\"all el-95b0bcfa\"><h2>Desenvolupament de projectes de mecanitzat i manipulat<\/h2><\/div><\/div><\/div><\/div><\/div><div class=\"vce-col vce-col--md-auto vce-col--xs-1 vce-col--xs-last vce-col--xs-first vce-col--sm-last vce-col--sm-first\" id=\"el-cab9aa72\"><div class=\"vce-col-inner\" data-vce-do-apply=\"border margin background  el-cab9aa72\"><div class=\"vce-col-content\" data-vce-element-content=\"true\" data-vce-do-apply=\"padding el-cab9aa72\"><div class=\"vce-text-block\"><div class=\"vce-text-block-wrapper vce\" id=\"el-42d75a9b\" data-vce-do-apply=\"all el-42d75a9b\"><p>El nostre equip t\u00e8cnic t\u00e9 una llarga experi\u00e8ncia en el desenvolupament de tota mena de projectes de mecanitzat. \u00c9s per aix\u00f2 que podem oferir un servei d'assessorament t\u00e8cnic molt valu\u00f3s per als nostres clients.&nbsp;&nbsp;&nbsp;&nbsp;&nbsp;&nbsp;&nbsp;&nbsp;&nbsp;&nbsp;&nbsp;&nbsp;&nbsp;&nbsp;&nbsp;&nbsp;&nbsp;&nbsp;&nbsp;&nbsp;&nbsp;&nbsp;&nbsp;&nbsp;&nbsp;&nbsp;&nbsp;&nbsp;&nbsp;&nbsp;&nbsp;&nbsp;&nbsp;&nbsp;&nbsp;&nbsp;&nbsp;&nbsp;&nbsp;&nbsp;&nbsp;&nbsp;&nbsp;&nbsp;&nbsp;&nbsp;&nbsp;&nbsp;&nbsp;&nbsp;&nbsp;&nbsp;<\/p>\n<p>Aportant solucions en el disseny de la pe\u00e7a i el seu mecanitzat, en les caracter\u00edstiques dels pl\u00e0stics t\u00e8cnics, i en el compliment de requeriments mec\u00e0nics o en l'optimitzaci\u00f3 de la producci\u00f3 per a reduir minves.<\/p><\/div><\/div><\/div><\/div><\/div><div class=\"vce-col vce-col--md-10p vce-col--xs-1 vce-col--xs-last vce-col--xs-first vce-col--sm-last vce-col--sm-first vce-col--md-last vce-col--lg-last vce-col--xl-last\" id=\"el-5ad18bdf\"><div class=\"vce-col-inner\" data-vce-do-apply=\"border margin background  el-5ad18bdf\"><div class=\"vce-col-content\" data-vce-element-content=\"true\" data-vce-do-apply=\"padding el-5ad18bdf\"><div><\/div><\/div><\/div><\/div><\/div><\/div><\/div><div class=\"vce-row-container\"><div class=\"vce-row vce-row--col-gap-30 vce-row-no-paddings vce-row-equal-height vce-row-content--top\" data-vce-full-width=\"true\" data-vce-stretch-content=\"true\" id=\"el-e5e159a8\" data-vce-do-apply=\"all el-e5e159a8\"><div class=\"vce-content-background-container\"><\/div><div class=\"vce-row-content\" data-vce-element-content=\"true\"><div class=\"vce-col vce-col--md-auto vce-col--xs-1 vce-col--xs-last vce-col--xs-first vce-col--sm-last vce-col--sm-first vce-col--md-last vce-col--lg-last vce-col--xl-last vce-col--md-first vce-col--lg-first vce-col--xl-first\" id=\"el-74242f29\"><div class=\"vce-col-inner\" data-vce-do-apply=\"border margin background  el-74242f29\"><div class=\"vce-col-content\" data-vce-element-content=\"true\" data-vce-do-apply=\"padding el-74242f29\"><div class=\"vce-logo-slider vce carousel-servicios vce-logo-slider--has-arrows\" id=\"el-5cbe0eaf\" data-vce-do-apply=\"all el-5cbe0eaf\"><div class=\"vce-logo-slider-inner\"><div class=\"vce-logo-slider-list\" data-slick-autoplay=\"on\" data-slick-autoplay-delay=\"5000\" data-slick-arrows=\"on\" data-slick-infinite=\"on\" data-slick-slides-to-show=\"3 3 3 1 1\"><div class=\"vce-logo-slider-arrow vce-logo-slider-arrows-color--ba-255-255-255-0-5 vce-logo-slider-arrows-color-hover--b-255-255-255 vce-logo-slider-prev-arrow\"><svg width=\"16px\" height=\"25px\" viewBox=\"0 0 16 25\"><polygon id=\"Prev-Arrow\" points=\"12.3743687 5.68434189e-14 0 12.3743687 12.0208153 24.395184 14.1421356 22.2738636 4.31790889 12.4496369 14.5709572 2.19658855\"><\/polygon><\/svg><\/div><div class=\"slick-list\"><div class=\"slick-track\"><div class=\"vce-logo-slider-item vc-slick-item\"><div class=\"vce-logo-slider-item-inner\"><img decoding=\"async\" class=\"vce-logo-slider-img\" src=\"https:\/\/plasticostecnicos.cat\/wp\/wp-content\/uploads\/2023\/06\/Asesoramiento_R4_7906-1.jpg\" alt=\"Assessorament t\u00e8cnic industrial\"><\/div><\/div><div class=\"vce-logo-slider-item vc-slick-item\"><div class=\"vce-logo-slider-item-inner\"><img decoding=\"async\" class=\"vce-logo-slider-img\" src=\"https:\/\/plasticostecnicos.cat\/wp\/wp-content\/uploads\/2023\/06\/Prototipos_R4_8118.jpg\" alt=\"Disseny industrial de prototips\"><\/div><\/div><div class=\"vce-logo-slider-item vc-slick-item\"><div class=\"vce-logo-slider-item-inner\"><img decoding=\"async\" class=\"vce-logo-slider-img\" src=\"https:\/\/plasticostecnicos.cat\/wp\/wp-content\/uploads\/2023\/06\/Asesoramiento_R4_7875.jpg\" alt=\"Assessorament en la fabricaci\u00f3 de peces\"><\/div><\/div><div class=\"vce-logo-slider-item vc-slick-item\"><div class=\"vce-logo-slider-item-inner\"><img decoding=\"async\" class=\"vce-logo-slider-img\" src=\"https:\/\/plasticostecnicos.cat\/wp\/wp-content\/uploads\/2023\/06\/Asesoramiento_R4_7906.jpg\" alt=\"Assessorament t\u00e8cnic industrial\"><\/div><\/div><div class=\"vce-logo-slider-item vc-slick-item\"><div class=\"vce-logo-slider-item-inner\"><img decoding=\"async\" class=\"vce-logo-slider-img\" src=\"https:\/\/plasticostecnicos.cat\/wp\/wp-content\/uploads\/2023\/06\/Prototipos_R4_8118-1.jpg\" alt=\"Disseny industrial de prototips\"><\/div><\/div><div class=\"vce-logo-slider-item vc-slick-item\"><div class=\"vce-logo-slider-item-inner\"><img decoding=\"async\" class=\"vce-logo-slider-img\" src=\"https:\/\/plasticostecnicos.cat\/wp\/wp-content\/uploads\/2023\/06\/Asesoramiento_R4_7875-1.jpg\" alt=\"Assessorament en la fabricaci\u00f3 de peces\"><\/div><\/div><\/div><\/div><div class=\"vce-logo-slider-arrow vce-logo-slider-arrows-color--ba-255-255-255-0-5 vce-logo-slider-arrows-color-hover--b-255-255-255 vce-logo-slider-next-arrow\"><svg width=\"16px\" height=\"25px\" viewBox=\"0 0 16 25\"><polygon id=\"Next-Arrow\" points=\"3.02081528 24.395184 15.395184 12.0208153 3.37436867 1.13686838e-13 1.25304833 2.12132034 11.0772751 11.9455471 0.824226734 22.1985954\"><\/polygon><\/svg><\/div><\/div><\/div><\/div><\/div><\/div><\/div><\/div><\/div><\/div>","protected":false},"excerpt":{"rendered":"<p>Assessoramentt\u00e8cnicDesenvolupament de projectes de mecanitzat i manipulatEl nostre equip t\u00e8cnic t\u00e9 una llarga experi\u00e8ncia en el desenvolupament de tota mena de projectes de mecanitzat. \u00c9s per aix\u00f2 que podem oferir un servei d&#8217;assessorament t\u00e8cnic molt valu\u00f3s per als nostres clients.&nbsp;&nbsp;&nbsp;&nbsp;&nbsp;&nbsp;&nbsp;&nbsp;&nbsp;&nbsp;&nbsp;&nbsp;&nbsp;&nbsp;&nbsp;&nbsp;&nbsp;&nbsp;&nbsp;&nbsp;&nbsp;&nbsp;&nbsp;&nbsp;&nbsp;&nbsp;&nbsp;&nbsp;&nbsp;&nbsp;&nbsp;&nbsp;&nbsp;&nbsp;&nbsp;&nbsp;&nbsp;&nbsp;&nbsp;&nbsp;&nbsp;&nbsp;&nbsp;&nbsp;&nbsp;&nbsp;&nbsp;&nbsp;&nbsp;&nbsp;&nbsp;&nbsp; Aportant solucions en el disseny de la pe\u00e7a i el seu mecanitzat, en les caracter\u00edstiques [&hellip;]<\/p>\n","protected":false},"author":1,"featured_media":0,"parent":963,"menu_order":0,"comment_status":"closed","ping_status":"closed","template":"","meta":{"footnotes":""},"class_list":["post-980","page","type-page","status-publish","hentry"],"yoast_head":"<!-- This site is optimized with the Yoast SEO plugin v26.7 - https:\/\/yoast.com\/wordpress\/plugins\/seo\/ -->\n<title>Assessorament t\u00e8cnic en mecanitzats | Ba\u00f1olid<\/title>\n<meta name=\"description\" content=\"El nostre departament t\u00e8cnic estudia els requisits de cada projecte aportant solucions per optimitzar el proc\u00e9s i minimitzar la minva de materials.\" \/>\n<meta name=\"robots\" content=\"index, follow, max-snippet:-1, max-image-preview:large, max-video-preview:-1\" \/>\n<link rel=\"canonical\" href=\"https:\/\/plasticostecnicos.cat\/ca\/serveis\/assessorament-tecnic\/\" \/>\n<meta property=\"og:locale\" content=\"ca_ES\" \/>\n<meta property=\"og:type\" content=\"article\" \/>\n<meta property=\"og:title\" content=\"Assessorament t\u00e8cnic en mecanitzats | Ba\u00f1olid\" \/>\n<meta property=\"og:description\" content=\"El nostre departament t\u00e8cnic estudia els requisits de cada projecte aportant solucions per optimitzar el proc\u00e9s i minimitzar la minva de materials.\" \/>\n<meta property=\"og:url\" content=\"https:\/\/plasticostecnicos.cat\/ca\/serveis\/assessorament-tecnic\/\" \/>\n<meta property=\"og:site_name\" content=\"Ba\u00f1olid\" \/>\n<meta property=\"article:modified_time\" content=\"2023-07-20T09:44:33+00:00\" \/>\n<meta name=\"twitter:card\" content=\"summary_large_image\" \/>\n<meta name=\"twitter:label1\" content=\"Temps estimat de lectura\" \/>\n\t<meta name=\"twitter:data1\" content=\"2 minuts\" \/>\n<script type=\"application\/ld+json\" class=\"yoast-schema-graph\">{\"@context\":\"https:\/\/schema.org\",\"@graph\":[{\"@type\":\"WebPage\",\"@id\":\"https:\/\/plasticostecnicos.cat\/ca\/serveis\/assessorament-tecnic\/\",\"url\":\"https:\/\/plasticostecnicos.cat\/ca\/serveis\/assessorament-tecnic\/\",\"name\":\"Assessorament t\u00e8cnic en mecanitzats | Ba\u00f1olid\",\"isPartOf\":{\"@id\":\"https:\/\/plasticostecnicos.cat\/ca\/#website\"},\"datePublished\":\"2023-03-10T08:43:47+00:00\",\"dateModified\":\"2023-07-20T09:44:33+00:00\",\"description\":\"El nostre departament t\u00e8cnic estudia els requisits de cada projecte aportant solucions per optimitzar el proc\u00e9s i minimitzar la minva de materials.\",\"breadcrumb\":{\"@id\":\"https:\/\/plasticostecnicos.cat\/ca\/serveis\/assessorament-tecnic\/#breadcrumb\"},\"inLanguage\":\"ca\",\"potentialAction\":[{\"@type\":\"ReadAction\",\"target\":[\"https:\/\/plasticostecnicos.cat\/ca\/serveis\/assessorament-tecnic\/\"]}]},{\"@type\":\"BreadcrumbList\",\"@id\":\"https:\/\/plasticostecnicos.cat\/ca\/serveis\/assessorament-tecnic\/#breadcrumb\",\"itemListElement\":[{\"@type\":\"ListItem\",\"position\":1,\"name\":\"Portada\",\"item\":\"https:\/\/plasticostecnicos.cat\/ca\/\"},{\"@type\":\"ListItem\",\"position\":2,\"name\":\"Serveis\",\"item\":\"https:\/\/plasticostecnicos.cat\/ca\/serveis\/\"},{\"@type\":\"ListItem\",\"position\":3,\"name\":\"Assessorament t\u00e8cnic\"}]},{\"@type\":\"WebSite\",\"@id\":\"https:\/\/plasticostecnicos.cat\/ca\/#website\",\"url\":\"https:\/\/plasticostecnicos.cat\/ca\/\",\"name\":\"Ba\u00f1olid\",\"description\":\"Pl\u00e1sticos T\u00e9cnicos\",\"publisher\":{\"@id\":\"https:\/\/plasticostecnicos.cat\/ca\/#organization\"},\"potentialAction\":[{\"@type\":\"SearchAction\",\"target\":{\"@type\":\"EntryPoint\",\"urlTemplate\":\"https:\/\/plasticostecnicos.cat\/ca\/?s={search_term_string}\"},\"query-input\":{\"@type\":\"PropertyValueSpecification\",\"valueRequired\":true,\"valueName\":\"search_term_string\"}}],\"inLanguage\":\"ca\"},{\"@type\":\"Organization\",\"@id\":\"https:\/\/plasticostecnicos.cat\/ca\/#organization\",\"name\":\"Ba\u00f1olid\",\"url\":\"https:\/\/plasticostecnicos.cat\/ca\/\",\"logo\":{\"@type\":\"ImageObject\",\"inLanguage\":\"ca\",\"@id\":\"https:\/\/plasticostecnicos.cat\/ca\/#\/schema\/logo\/image\/\",\"url\":\"https:\/\/plasticostecnicos.cat\/wp\/wp-content\/uploads\/2023\/03\/banolid-logo.png\",\"contentUrl\":\"https:\/\/plasticostecnicos.cat\/wp\/wp-content\/uploads\/2023\/03\/banolid-logo.png\",\"width\":520,\"height\":128,\"caption\":\"Ba\u00f1olid\"},\"image\":{\"@id\":\"https:\/\/plasticostecnicos.cat\/ca\/#\/schema\/logo\/image\/\"}}]}<\/script>\n<!-- \/ Yoast SEO plugin. -->","yoast_head_json":{"title":"Assessorament t\u00e8cnic en mecanitzats | Ba\u00f1olid","description":"El nostre departament t\u00e8cnic estudia els requisits de cada projecte aportant solucions per optimitzar el proc\u00e9s i minimitzar la minva de materials.","robots":{"index":"index","follow":"follow","max-snippet":"max-snippet:-1","max-image-preview":"max-image-preview:large","max-video-preview":"max-video-preview:-1"},"canonical":"https:\/\/plasticostecnicos.cat\/ca\/serveis\/assessorament-tecnic\/","og_locale":"ca_ES","og_type":"article","og_title":"Assessorament t\u00e8cnic en mecanitzats | Ba\u00f1olid","og_description":"El nostre departament t\u00e8cnic estudia els requisits de cada projecte aportant solucions per optimitzar el proc\u00e9s i minimitzar la minva de materials.","og_url":"https:\/\/plasticostecnicos.cat\/ca\/serveis\/assessorament-tecnic\/","og_site_name":"Ba\u00f1olid","article_modified_time":"2023-07-20T09:44:33+00:00","twitter_card":"summary_large_image","twitter_misc":{"Temps estimat de lectura":"2 minuts"},"schema":{"@context":"https:\/\/schema.org","@graph":[{"@type":"WebPage","@id":"https:\/\/plasticostecnicos.cat\/ca\/serveis\/assessorament-tecnic\/","url":"https:\/\/plasticostecnicos.cat\/ca\/serveis\/assessorament-tecnic\/","name":"Assessorament t\u00e8cnic en mecanitzats | Ba\u00f1olid","isPartOf":{"@id":"https:\/\/plasticostecnicos.cat\/ca\/#website"},"datePublished":"2023-03-10T08:43:47+00:00","dateModified":"2023-07-20T09:44:33+00:00","description":"El nostre departament t\u00e8cnic estudia els requisits de cada projecte aportant solucions per optimitzar el proc\u00e9s i minimitzar la minva de materials.","breadcrumb":{"@id":"https:\/\/plasticostecnicos.cat\/ca\/serveis\/assessorament-tecnic\/#breadcrumb"},"inLanguage":"ca","potentialAction":[{"@type":"ReadAction","target":["https:\/\/plasticostecnicos.cat\/ca\/serveis\/assessorament-tecnic\/"]}]},{"@type":"BreadcrumbList","@id":"https:\/\/plasticostecnicos.cat\/ca\/serveis\/assessorament-tecnic\/#breadcrumb","itemListElement":[{"@type":"ListItem","position":1,"name":"Portada","item":"https:\/\/plasticostecnicos.cat\/ca\/"},{"@type":"ListItem","position":2,"name":"Serveis","item":"https:\/\/plasticostecnicos.cat\/ca\/serveis\/"},{"@type":"ListItem","position":3,"name":"Assessorament t\u00e8cnic"}]},{"@type":"WebSite","@id":"https:\/\/plasticostecnicos.cat\/ca\/#website","url":"https:\/\/plasticostecnicos.cat\/ca\/","name":"Ba\u00f1olid","description":"Pl\u00e1sticos T\u00e9cnicos","publisher":{"@id":"https:\/\/plasticostecnicos.cat\/ca\/#organization"},"potentialAction":[{"@type":"SearchAction","target":{"@type":"EntryPoint","urlTemplate":"https:\/\/plasticostecnicos.cat\/ca\/?s={search_term_string}"},"query-input":{"@type":"PropertyValueSpecification","valueRequired":true,"valueName":"search_term_string"}}],"inLanguage":"ca"},{"@type":"Organization","@id":"https:\/\/plasticostecnicos.cat\/ca\/#organization","name":"Ba\u00f1olid","url":"https:\/\/plasticostecnicos.cat\/ca\/","logo":{"@type":"ImageObject","inLanguage":"ca","@id":"https:\/\/plasticostecnicos.cat\/ca\/#\/schema\/logo\/image\/","url":"https:\/\/plasticostecnicos.cat\/wp\/wp-content\/uploads\/2023\/03\/banolid-logo.png","contentUrl":"https:\/\/plasticostecnicos.cat\/wp\/wp-content\/uploads\/2023\/03\/banolid-logo.png","width":520,"height":128,"caption":"Ba\u00f1olid"},"image":{"@id":"https:\/\/plasticostecnicos.cat\/ca\/#\/schema\/logo\/image\/"}}]}},"_links":{"self":[{"href":"https:\/\/plasticostecnicos.cat\/ca\/wp-json\/wp\/v2\/pages\/980","targetHints":{"allow":["GET"]}}],"collection":[{"href":"https:\/\/plasticostecnicos.cat\/ca\/wp-json\/wp\/v2\/pages"}],"about":[{"href":"https:\/\/plasticostecnicos.cat\/ca\/wp-json\/wp\/v2\/types\/page"}],"author":[{"embeddable":true,"href":"https:\/\/plasticostecnicos.cat\/ca\/wp-json\/wp\/v2\/users\/1"}],"replies":[{"embeddable":true,"href":"https:\/\/plasticostecnicos.cat\/ca\/wp-json\/wp\/v2\/comments?post=980"}],"version-history":[{"count":3,"href":"https:\/\/plasticostecnicos.cat\/ca\/wp-json\/wp\/v2\/pages\/980\/revisions"}],"predecessor-version":[{"id":1041,"href":"https:\/\/plasticostecnicos.cat\/ca\/wp-json\/wp\/v2\/pages\/980\/revisions\/1041"}],"up":[{"embeddable":true,"href":"https:\/\/plasticostecnicos.cat\/ca\/wp-json\/wp\/v2\/pages\/963"}],"wp:attachment":[{"href":"https:\/\/plasticostecnicos.cat\/ca\/wp-json\/wp\/v2\/media?parent=980"}],"curies":[{"name":"wp","href":"https:\/\/api.w.org\/{rel}","templated":true}]}}