{"id":977,"date":"2023-03-10T09:43:14","date_gmt":"2023-03-10T08:43:14","guid":{"rendered":"https:\/\/plasticostecnicos.cat\/wp\/serveis\/termoconformado\/"},"modified":"2023-07-24T11:40:50","modified_gmt":"2023-07-24T09:40:50","slug":"termoconformacio","status":"publish","type":"page","link":"https:\/\/plasticostecnicos.cat\/ca\/serveis\/termoconformacio\/","title":{"rendered":"Termoconformaci\u00f3"},"content":{"rendered":"<div class=\"vce-row-container\" data-vce-boxed-width=\"true\"><div class=\"vce-row vce-element--xl--has-background vce-element--lg--has-background vce-element--md--has-background vce-element--sm--has-background vce-element--xs--has-background vce-row--col-gap-30 header-image vce-row-equal-height vce-row-content--top\" id=\"el-452054b6\" data-vce-do-apply=\"all el-452054b6\"><div class=\"vce-content-background-container\"><div class=\"vce-asset-background-simple-container vce-visible-xl-only vce-asset-background-simple--style-cover vce-asset-background-simple--position-center-top\"><div class=\"vce-asset-background-simple\">\r\n              <div class=\"vce-asset-background-simple-item vcv-lozad\" data-background-image=\"https:\/\/plasticostecnicos.cat\/wp\/wp-content\/uploads\/2023\/06\/destacat-termo.jpg\"><\/div>\r\n              <noscript>\r\n                <div class=\"vce-asset-background-simple-item\" style=\"background-image: url(https:\/\/plasticostecnicos.cat\/wp\/wp-content\/uploads\/2023\/06\/destacat-termo.jpg)\"><\/div>\r\n              <\/noscript>\r\n            <\/div><\/div><div class=\"vce-asset-background-simple-container vce-visible-lg-only vce-asset-background-simple--style-cover vce-asset-background-simple--position-center-top\"><div class=\"vce-asset-background-simple\">\r\n              <div class=\"vce-asset-background-simple-item vcv-lozad\" data-background-image=\"https:\/\/plasticostecnicos.cat\/wp\/wp-content\/uploads\/2023\/06\/destacat-termo.jpg\"><\/div>\r\n              <noscript>\r\n                <div class=\"vce-asset-background-simple-item\" style=\"background-image: url(https:\/\/plasticostecnicos.cat\/wp\/wp-content\/uploads\/2023\/06\/destacat-termo.jpg)\"><\/div>\r\n              <\/noscript>\r\n            <\/div><\/div><div class=\"vce-asset-background-simple-container vce-visible-md-only vce-asset-background-simple--style-cover vce-asset-background-simple--position-center-top\"><div class=\"vce-asset-background-simple\">\r\n              <div class=\"vce-asset-background-simple-item vcv-lozad\" data-background-image=\"https:\/\/plasticostecnicos.cat\/wp\/wp-content\/uploads\/2023\/06\/destacat-termo.jpg\"><\/div>\r\n              <noscript>\r\n                <div class=\"vce-asset-background-simple-item\" style=\"background-image: url(https:\/\/plasticostecnicos.cat\/wp\/wp-content\/uploads\/2023\/06\/destacat-termo.jpg)\"><\/div>\r\n              <\/noscript>\r\n            <\/div><\/div><div class=\"vce-asset-background-simple-container vce-visible-sm-only vce-asset-background-simple--style-cover vce-asset-background-simple--position-center-top\"><div class=\"vce-asset-background-simple\">\r\n              <div class=\"vce-asset-background-simple-item vcv-lozad\" data-background-image=\"https:\/\/plasticostecnicos.cat\/wp\/wp-content\/uploads\/2023\/06\/destacat-termo.jpg\"><\/div>\r\n              <noscript>\r\n                <div class=\"vce-asset-background-simple-item\" style=\"background-image: url(https:\/\/plasticostecnicos.cat\/wp\/wp-content\/uploads\/2023\/06\/destacat-termo.jpg)\"><\/div>\r\n              <\/noscript>\r\n            <\/div><\/div><div class=\"vce-asset-background-simple-container vce-visible-xs-only vce-asset-background-simple--style-cover vce-asset-background-simple--position-center-top\"><div class=\"vce-asset-background-simple\">\r\n              <div class=\"vce-asset-background-simple-item vcv-lozad\" data-background-image=\"https:\/\/plasticostecnicos.cat\/wp\/wp-content\/uploads\/2023\/06\/destacat-termo.jpg\"><\/div>\r\n              <noscript>\r\n                <div class=\"vce-asset-background-simple-item\" style=\"background-image: url(https:\/\/plasticostecnicos.cat\/wp\/wp-content\/uploads\/2023\/06\/destacat-termo.jpg)\"><\/div>\r\n              <\/noscript>\r\n            <\/div><\/div><\/div><div class=\"vce-row-content\" data-vce-element-content=\"true\"><div class=\"vce-col vce-col--md-auto vce-col--xs-1 vce-col--xs-last vce-col--xs-first vce-col--sm-last vce-col--sm-first vce-col--md-last vce-col--lg-last vce-col--xl-last vce-col--md-first vce-col--lg-first vce-col--xl-first\" id=\"el-2b480afe\"><div class=\"vce-col-inner\" data-vce-do-apply=\"border margin background  el-2b480afe\"><div class=\"vce-col-content\" data-vce-element-content=\"true\" data-vce-do-apply=\"padding el-2b480afe\"><div class=\"vce-text-block textfons\"><div class=\"vce-text-block-wrapper vce\" id=\"el-11587cfe\" data-vce-do-apply=\"all el-11587cfe\"><h1>Termoconformaci\u00f3<\/h1><\/div><\/div><\/div><\/div><\/div><\/div><\/div><\/div><div class=\"vce-row-container\" data-vce-boxed-width=\"true\"><div class=\"vce-row vce-row--col-gap-30 vce-row-equal-height vce-row-content--top\" id=\"el-4ca211d0\" data-vce-do-apply=\"all el-4ca211d0\"><div class=\"vce-content-background-container\"><\/div><div class=\"vce-row-content\" data-vce-element-content=\"true\"><div class=\"vce-col vce-col--md-10p vce-col--xs-1 vce-col--xs-last vce-col--xs-first vce-col--sm-last vce-col--sm-first vce-col--md-first vce-col--lg-first vce-col--xl-first\" id=\"el-e197fd3d\"><div class=\"vce-col-inner\" data-vce-do-apply=\"border margin background  el-e197fd3d\"><div class=\"vce-col-content\" data-vce-element-content=\"true\" data-vce-do-apply=\"padding el-e197fd3d\"><div><\/div><\/div><\/div><\/div><div class=\"vce-col vce-col--md-auto vce-col--xs-1 vce-col--xs-last vce-col--xs-first vce-col--sm-last vce-col--sm-first\" id=\"el-3f57ae02\"><div class=\"vce-col-inner\" data-vce-do-apply=\"border margin background  el-3f57ae02\"><div class=\"vce-col-content\" data-vce-element-content=\"true\" data-vce-do-apply=\"padding el-3f57ae02\"><div class=\"vce-text-block h2petit\"><div class=\"vce-text-block-wrapper vce\" id=\"el-60e00db1\" data-vce-do-apply=\"all el-60e00db1\"><h2>Termoconformaci\u00f3 de pl\u00e0stics t\u00e8cnics i metacrilat<\/h2><\/div><\/div><\/div><\/div><\/div><div class=\"vce-col vce-col--md-auto vce-col--xs-1 vce-col--xs-last vce-col--xs-first vce-col--sm-last vce-col--sm-first\" id=\"el-c7e4861d\"><div class=\"vce-col-inner\" data-vce-do-apply=\"border margin background  el-c7e4861d\"><div class=\"vce-col-content\" data-vce-element-content=\"true\" data-vce-do-apply=\"padding el-c7e4861d\"><div class=\"vce-text-block\"><div class=\"vce-text-block-wrapper vce\" id=\"el-52ee3197\" data-vce-do-apply=\"all el-52ee3197\"><p>Amb el proc\u00e9s de termoconformaci\u00f3 podem plegar les planxes de pl\u00e0stic als angles exigits per a cada aplicaci\u00f3, sigui per a protectors de maquin\u00e0ria industrial, expositors, urnes, o b\u00e9 per a components pl\u00e0stics que formen part d'un assemblatge m\u00e9s complex.<\/p>\r\n<p>Quan es tracta de peces amb caracter\u00edstiques especials com podria ser per a la ind\u00fastria de l'alimentaci\u00f3, oferim el nostre assessorament t\u00e8cnic per a triar el tipus de pl\u00e0stic m\u00e9s adequat i amb els certificats exigits per la normativa vigent.<\/p><\/div><\/div><\/div><\/div><\/div><div class=\"vce-col vce-col--md-10p vce-col--xs-1 vce-col--xs-last vce-col--xs-first vce-col--sm-last vce-col--sm-first vce-col--md-last vce-col--lg-last vce-col--xl-last\" id=\"el-12f61bac\"><div class=\"vce-col-inner\" data-vce-do-apply=\"border margin background  el-12f61bac\"><div class=\"vce-col-content\" data-vce-element-content=\"true\" data-vce-do-apply=\"padding el-12f61bac\"><div><\/div><\/div><\/div><\/div><\/div><\/div><\/div><div class=\"vce-row-container\"><div class=\"vce-row vce-row--col-gap-30 vce-row-no-paddings vce-row-equal-height vce-row-content--top\" data-vce-full-width=\"true\" data-vce-stretch-content=\"true\" id=\"el-f28f01bb\" data-vce-do-apply=\"all el-f28f01bb\"><div class=\"vce-content-background-container\"><\/div><div class=\"vce-row-content\" data-vce-element-content=\"true\"><div class=\"vce-col vce-col--md-auto vce-col--xs-1 vce-col--xs-last vce-col--xs-first vce-col--sm-last vce-col--sm-first vce-col--md-last vce-col--lg-last vce-col--xl-last vce-col--md-first vce-col--lg-first vce-col--xl-first\" id=\"el-2cba63fb\"><div class=\"vce-col-inner\" data-vce-do-apply=\"border margin background  el-2cba63fb\"><div class=\"vce-col-content\" data-vce-element-content=\"true\" data-vce-do-apply=\"padding el-2cba63fb\"><div class=\"vce-logo-slider vce carousel-servicios vce-logo-slider--has-arrows\" id=\"el-d0ee8fe4\" data-vce-do-apply=\"all el-d0ee8fe4\"><div class=\"vce-logo-slider-inner\"><div class=\"vce-logo-slider-list\" data-slick-autoplay=\"on\" data-slick-autoplay-delay=\"5000\" data-slick-arrows=\"on\" data-slick-infinite=\"on\" data-slick-slides-to-show=\"3 3 3 1 1\"><div class=\"vce-logo-slider-arrow vce-logo-slider-arrows-color--ba-255-255-255-0-5 vce-logo-slider-arrows-color-hover--b-255-255-255 vce-logo-slider-prev-arrow\"><svg width=\"16px\" height=\"25px\" viewBox=\"0 0 16 25\"><polygon id=\"Prev-Arrow\" points=\"12.3743687 5.68434189e-14 0 12.3743687 12.0208153 24.395184 14.1421356 22.2738636 4.31790889 12.4496369 14.5709572 2.19658855\"><\/polygon><\/svg><\/div><div class=\"slick-list\"><div class=\"slick-track\"><div class=\"vce-logo-slider-item vc-slick-item\"><div class=\"vce-logo-slider-item-inner\"><img decoding=\"async\" class=\"vce-logo-slider-img\" src=\"https:\/\/plasticostecnicos.cat\/wp\/wp-content\/uploads\/2023\/06\/Termo_R4_7996.jpg\" alt=\"Termoconformat per a la fabricaci\u00f3 de peces\"><\/div><\/div><div class=\"vce-logo-slider-item vc-slick-item\"><div class=\"vce-logo-slider-item-inner\"><img decoding=\"async\" class=\"vce-logo-slider-img\" src=\"https:\/\/plasticostecnicos.cat\/wp\/wp-content\/uploads\/2023\/06\/Termo_R4_7999.jpg\" alt=\"Termoconformat de pl\u00e0stics t\u00e8cnics\"><\/div><\/div><div class=\"vce-logo-slider-item vc-slick-item\"><div class=\"vce-logo-slider-item-inner\"><img decoding=\"async\" class=\"vce-logo-slider-img\" src=\"https:\/\/plasticostecnicos.cat\/wp\/wp-content\/uploads\/2023\/06\/Termo_R4_8007.jpg\" alt=\"Termoconformat de metacrilat\"><\/div><\/div><div class=\"vce-logo-slider-item vc-slick-item\"><div class=\"vce-logo-slider-item-inner\"><img decoding=\"async\" class=\"vce-logo-slider-img\" src=\"https:\/\/plasticostecnicos.cat\/wp\/wp-content\/uploads\/2023\/06\/Termo_R4_7996-1.jpg\" alt=\"Termoconformat per a la fabricaci\u00f3 de peces\"><\/div><\/div><div class=\"vce-logo-slider-item vc-slick-item\"><div class=\"vce-logo-slider-item-inner\"><img decoding=\"async\" class=\"vce-logo-slider-img\" src=\"https:\/\/plasticostecnicos.cat\/wp\/wp-content\/uploads\/2023\/06\/Termo_R4_7999-1.jpg\" alt=\"Termoconformat de pl\u00e0stics t\u00e8cnics\"><\/div><\/div><div class=\"vce-logo-slider-item vc-slick-item\"><div class=\"vce-logo-slider-item-inner\"><img decoding=\"async\" class=\"vce-logo-slider-img\" src=\"https:\/\/plasticostecnicos.cat\/wp\/wp-content\/uploads\/2023\/06\/Termo_R4_8007-1.jpg\" alt=\"Termoconformat de metacrilat\"><\/div><\/div><\/div><\/div><div class=\"vce-logo-slider-arrow vce-logo-slider-arrows-color--ba-255-255-255-0-5 vce-logo-slider-arrows-color-hover--b-255-255-255 vce-logo-slider-next-arrow\"><svg width=\"16px\" height=\"25px\" viewBox=\"0 0 16 25\"><polygon id=\"Next-Arrow\" points=\"3.02081528 24.395184 15.395184 12.0208153 3.37436867 1.13686838e-13 1.25304833 2.12132034 11.0772751 11.9455471 0.824226734 22.1985954\"><\/polygon><\/svg><\/div><\/div><\/div><\/div><\/div><\/div><\/div><\/div><\/div><\/div>","protected":false},"excerpt":{"rendered":"<p>Termoconformaci\u00f3Termoconformaci\u00f3 de pl\u00e0stics t\u00e8cnics i metacrilatAmb el proc\u00e9s de termoconformaci\u00f3 podem plegar les planxes de pl\u00e0stic als angles exigits per a cada aplicaci\u00f3, sigui per a protectors de maquin\u00e0ria industrial, expositors, urnes, o b\u00e9 per a components pl\u00e0stics que formen part d&#8217;un assemblatge m\u00e9s complex. Quan es tracta de peces amb caracter\u00edstiques especials com podria [&hellip;]<\/p>\n","protected":false},"author":1,"featured_media":0,"parent":963,"menu_order":0,"comment_status":"closed","ping_status":"closed","template":"","meta":{"footnotes":""},"class_list":["post-977","page","type-page","status-publish","hentry"],"yoast_head":"<!-- This site is optimized with the Yoast SEO plugin v26.7 - https:\/\/yoast.com\/wordpress\/plugins\/seo\/ -->\n<title>Termoconformat de pl\u00e0stics | Ba\u00f1olid<\/title>\n<meta name=\"description\" content=\"Termoconformat de Pl\u00e0stics t\u00e8cnics i Metacrilat per a protectors de maquin\u00e0ria, expositors, urnes o components pl\u00e0stics.\" \/>\n<meta name=\"robots\" content=\"index, follow, max-snippet:-1, max-image-preview:large, max-video-preview:-1\" \/>\n<link rel=\"canonical\" href=\"https:\/\/plasticostecnicos.cat\/ca\/serveis\/termoconformacio\/\" \/>\n<meta property=\"og:locale\" content=\"ca_ES\" \/>\n<meta property=\"og:type\" content=\"article\" \/>\n<meta property=\"og:title\" content=\"Termoconformat de pl\u00e0stics | Ba\u00f1olid\" \/>\n<meta property=\"og:description\" content=\"Termoconformat de Pl\u00e0stics t\u00e8cnics i Metacrilat per a protectors de maquin\u00e0ria, expositors, urnes o components pl\u00e0stics.\" \/>\n<meta property=\"og:url\" content=\"https:\/\/plasticostecnicos.cat\/ca\/serveis\/termoconformacio\/\" \/>\n<meta property=\"og:site_name\" content=\"Ba\u00f1olid\" \/>\n<meta property=\"article:modified_time\" content=\"2023-07-24T09:40:50+00:00\" \/>\n<meta name=\"twitter:card\" content=\"summary_large_image\" \/>\n<meta name=\"twitter:label1\" content=\"Temps estimat de lectura\" \/>\n\t<meta name=\"twitter:data1\" content=\"2 minuts\" \/>\n<script type=\"application\/ld+json\" class=\"yoast-schema-graph\">{\"@context\":\"https:\/\/schema.org\",\"@graph\":[{\"@type\":\"WebPage\",\"@id\":\"https:\/\/plasticostecnicos.cat\/ca\/serveis\/termoconformacio\/\",\"url\":\"https:\/\/plasticostecnicos.cat\/ca\/serveis\/termoconformacio\/\",\"name\":\"Termoconformat de pl\u00e0stics | Ba\u00f1olid\",\"isPartOf\":{\"@id\":\"https:\/\/plasticostecnicos.cat\/ca\/#website\"},\"datePublished\":\"2023-03-10T08:43:14+00:00\",\"dateModified\":\"2023-07-24T09:40:50+00:00\",\"description\":\"Termoconformat de Pl\u00e0stics t\u00e8cnics i Metacrilat per a protectors de maquin\u00e0ria, expositors, urnes o components pl\u00e0stics.\",\"breadcrumb\":{\"@id\":\"https:\/\/plasticostecnicos.cat\/ca\/serveis\/termoconformacio\/#breadcrumb\"},\"inLanguage\":\"ca\",\"potentialAction\":[{\"@type\":\"ReadAction\",\"target\":[\"https:\/\/plasticostecnicos.cat\/ca\/serveis\/termoconformacio\/\"]}]},{\"@type\":\"BreadcrumbList\",\"@id\":\"https:\/\/plasticostecnicos.cat\/ca\/serveis\/termoconformacio\/#breadcrumb\",\"itemListElement\":[{\"@type\":\"ListItem\",\"position\":1,\"name\":\"Portada\",\"item\":\"https:\/\/plasticostecnicos.cat\/ca\/\"},{\"@type\":\"ListItem\",\"position\":2,\"name\":\"Serveis\",\"item\":\"https:\/\/plasticostecnicos.cat\/ca\/serveis\/\"},{\"@type\":\"ListItem\",\"position\":3,\"name\":\"Termoconformaci\u00f3\"}]},{\"@type\":\"WebSite\",\"@id\":\"https:\/\/plasticostecnicos.cat\/ca\/#website\",\"url\":\"https:\/\/plasticostecnicos.cat\/ca\/\",\"name\":\"Ba\u00f1olid\",\"description\":\"Pl\u00e1sticos T\u00e9cnicos\",\"publisher\":{\"@id\":\"https:\/\/plasticostecnicos.cat\/ca\/#organization\"},\"potentialAction\":[{\"@type\":\"SearchAction\",\"target\":{\"@type\":\"EntryPoint\",\"urlTemplate\":\"https:\/\/plasticostecnicos.cat\/ca\/?s={search_term_string}\"},\"query-input\":{\"@type\":\"PropertyValueSpecification\",\"valueRequired\":true,\"valueName\":\"search_term_string\"}}],\"inLanguage\":\"ca\"},{\"@type\":\"Organization\",\"@id\":\"https:\/\/plasticostecnicos.cat\/ca\/#organization\",\"name\":\"Ba\u00f1olid\",\"url\":\"https:\/\/plasticostecnicos.cat\/ca\/\",\"logo\":{\"@type\":\"ImageObject\",\"inLanguage\":\"ca\",\"@id\":\"https:\/\/plasticostecnicos.cat\/ca\/#\/schema\/logo\/image\/\",\"url\":\"https:\/\/plasticostecnicos.cat\/wp\/wp-content\/uploads\/2023\/03\/banolid-logo.png\",\"contentUrl\":\"https:\/\/plasticostecnicos.cat\/wp\/wp-content\/uploads\/2023\/03\/banolid-logo.png\",\"width\":520,\"height\":128,\"caption\":\"Ba\u00f1olid\"},\"image\":{\"@id\":\"https:\/\/plasticostecnicos.cat\/ca\/#\/schema\/logo\/image\/\"}}]}<\/script>\n<!-- \/ Yoast SEO plugin. -->","yoast_head_json":{"title":"Termoconformat de pl\u00e0stics | Ba\u00f1olid","description":"Termoconformat de Pl\u00e0stics t\u00e8cnics i Metacrilat per a protectors de maquin\u00e0ria, expositors, urnes o components pl\u00e0stics.","robots":{"index":"index","follow":"follow","max-snippet":"max-snippet:-1","max-image-preview":"max-image-preview:large","max-video-preview":"max-video-preview:-1"},"canonical":"https:\/\/plasticostecnicos.cat\/ca\/serveis\/termoconformacio\/","og_locale":"ca_ES","og_type":"article","og_title":"Termoconformat de pl\u00e0stics | Ba\u00f1olid","og_description":"Termoconformat de Pl\u00e0stics t\u00e8cnics i Metacrilat per a protectors de maquin\u00e0ria, expositors, urnes o components pl\u00e0stics.","og_url":"https:\/\/plasticostecnicos.cat\/ca\/serveis\/termoconformacio\/","og_site_name":"Ba\u00f1olid","article_modified_time":"2023-07-24T09:40:50+00:00","twitter_card":"summary_large_image","twitter_misc":{"Temps estimat de lectura":"2 minuts"},"schema":{"@context":"https:\/\/schema.org","@graph":[{"@type":"WebPage","@id":"https:\/\/plasticostecnicos.cat\/ca\/serveis\/termoconformacio\/","url":"https:\/\/plasticostecnicos.cat\/ca\/serveis\/termoconformacio\/","name":"Termoconformat de pl\u00e0stics | Ba\u00f1olid","isPartOf":{"@id":"https:\/\/plasticostecnicos.cat\/ca\/#website"},"datePublished":"2023-03-10T08:43:14+00:00","dateModified":"2023-07-24T09:40:50+00:00","description":"Termoconformat de Pl\u00e0stics t\u00e8cnics i Metacrilat per a protectors de maquin\u00e0ria, expositors, urnes o components pl\u00e0stics.","breadcrumb":{"@id":"https:\/\/plasticostecnicos.cat\/ca\/serveis\/termoconformacio\/#breadcrumb"},"inLanguage":"ca","potentialAction":[{"@type":"ReadAction","target":["https:\/\/plasticostecnicos.cat\/ca\/serveis\/termoconformacio\/"]}]},{"@type":"BreadcrumbList","@id":"https:\/\/plasticostecnicos.cat\/ca\/serveis\/termoconformacio\/#breadcrumb","itemListElement":[{"@type":"ListItem","position":1,"name":"Portada","item":"https:\/\/plasticostecnicos.cat\/ca\/"},{"@type":"ListItem","position":2,"name":"Serveis","item":"https:\/\/plasticostecnicos.cat\/ca\/serveis\/"},{"@type":"ListItem","position":3,"name":"Termoconformaci\u00f3"}]},{"@type":"WebSite","@id":"https:\/\/plasticostecnicos.cat\/ca\/#website","url":"https:\/\/plasticostecnicos.cat\/ca\/","name":"Ba\u00f1olid","description":"Pl\u00e1sticos T\u00e9cnicos","publisher":{"@id":"https:\/\/plasticostecnicos.cat\/ca\/#organization"},"potentialAction":[{"@type":"SearchAction","target":{"@type":"EntryPoint","urlTemplate":"https:\/\/plasticostecnicos.cat\/ca\/?s={search_term_string}"},"query-input":{"@type":"PropertyValueSpecification","valueRequired":true,"valueName":"search_term_string"}}],"inLanguage":"ca"},{"@type":"Organization","@id":"https:\/\/plasticostecnicos.cat\/ca\/#organization","name":"Ba\u00f1olid","url":"https:\/\/plasticostecnicos.cat\/ca\/","logo":{"@type":"ImageObject","inLanguage":"ca","@id":"https:\/\/plasticostecnicos.cat\/ca\/#\/schema\/logo\/image\/","url":"https:\/\/plasticostecnicos.cat\/wp\/wp-content\/uploads\/2023\/03\/banolid-logo.png","contentUrl":"https:\/\/plasticostecnicos.cat\/wp\/wp-content\/uploads\/2023\/03\/banolid-logo.png","width":520,"height":128,"caption":"Ba\u00f1olid"},"image":{"@id":"https:\/\/plasticostecnicos.cat\/ca\/#\/schema\/logo\/image\/"}}]}},"_links":{"self":[{"href":"https:\/\/plasticostecnicos.cat\/ca\/wp-json\/wp\/v2\/pages\/977","targetHints":{"allow":["GET"]}}],"collection":[{"href":"https:\/\/plasticostecnicos.cat\/ca\/wp-json\/wp\/v2\/pages"}],"about":[{"href":"https:\/\/plasticostecnicos.cat\/ca\/wp-json\/wp\/v2\/types\/page"}],"author":[{"embeddable":true,"href":"https:\/\/plasticostecnicos.cat\/ca\/wp-json\/wp\/v2\/users\/1"}],"replies":[{"embeddable":true,"href":"https:\/\/plasticostecnicos.cat\/ca\/wp-json\/wp\/v2\/comments?post=977"}],"version-history":[{"count":3,"href":"https:\/\/plasticostecnicos.cat\/ca\/wp-json\/wp\/v2\/pages\/977\/revisions"}],"predecessor-version":[{"id":1046,"href":"https:\/\/plasticostecnicos.cat\/ca\/wp-json\/wp\/v2\/pages\/977\/revisions\/1046"}],"up":[{"embeddable":true,"href":"https:\/\/plasticostecnicos.cat\/ca\/wp-json\/wp\/v2\/pages\/963"}],"wp:attachment":[{"href":"https:\/\/plasticostecnicos.cat\/ca\/wp-json\/wp\/v2\/media?parent=977"}],"curies":[{"name":"wp","href":"https:\/\/api.w.org\/{rel}","templated":true}]}}