{"id":974,"date":"2023-03-10T09:43:35","date_gmt":"2023-03-10T08:43:35","guid":{"rendered":"https:\/\/plasticostecnicos.cat\/wp\/serveis\/prototipos-y-piezas-especiales\/"},"modified":"2023-07-20T12:22:44","modified_gmt":"2023-07-20T10:22:44","slug":"prototips-i-peces-especials","status":"publish","type":"page","link":"https:\/\/plasticostecnicos.cat\/ca\/serveis\/prototips-i-peces-especials\/","title":{"rendered":"Prototips i peces especials"},"content":{"rendered":"<div class=\"vce-row-container\" data-vce-boxed-width=\"true\"><div class=\"vce-row vce-element--xl--has-background vce-element--lg--has-background vce-element--md--has-background vce-element--sm--has-background vce-element--xs--has-background vce-row--col-gap-30 header-image vce-row-equal-height vce-row-content--top\" id=\"el-a2353152\" data-vce-do-apply=\"all el-a2353152\"><div class=\"vce-content-background-container\"><div class=\"vce-asset-background-simple-container vce-visible-xl-only vce-asset-background-simple--style-cover vce-asset-background-simple--position-center-top\"><div class=\"vce-asset-background-simple\">\n              <div class=\"vce-asset-background-simple-item vcv-lozad\" data-background-image=\"https:\/\/plasticostecnicos.cat\/wp\/wp-content\/uploads\/2023\/06\/destacat-prototipos.jpg\"><\/div>\n              <noscript>\n                <div class=\"vce-asset-background-simple-item\" style=\"background-image: url(https:\/\/plasticostecnicos.cat\/wp\/wp-content\/uploads\/2023\/06\/destacat-prototipos.jpg)\"><\/div>\n              <\/noscript>\n            <\/div><\/div><div class=\"vce-asset-background-simple-container vce-visible-lg-only vce-asset-background-simple--style-cover vce-asset-background-simple--position-center-top\"><div class=\"vce-asset-background-simple\">\n              <div class=\"vce-asset-background-simple-item vcv-lozad\" data-background-image=\"https:\/\/plasticostecnicos.cat\/wp\/wp-content\/uploads\/2023\/06\/destacat-prototipos.jpg\"><\/div>\n              <noscript>\n                <div class=\"vce-asset-background-simple-item\" style=\"background-image: url(https:\/\/plasticostecnicos.cat\/wp\/wp-content\/uploads\/2023\/06\/destacat-prototipos.jpg)\"><\/div>\n              <\/noscript>\n            <\/div><\/div><div class=\"vce-asset-background-simple-container vce-visible-md-only vce-asset-background-simple--style-cover vce-asset-background-simple--position-center-top\"><div class=\"vce-asset-background-simple\">\n              <div class=\"vce-asset-background-simple-item vcv-lozad\" data-background-image=\"https:\/\/plasticostecnicos.cat\/wp\/wp-content\/uploads\/2023\/06\/destacat-prototipos.jpg\"><\/div>\n              <noscript>\n                <div class=\"vce-asset-background-simple-item\" style=\"background-image: url(https:\/\/plasticostecnicos.cat\/wp\/wp-content\/uploads\/2023\/06\/destacat-prototipos.jpg)\"><\/div>\n              <\/noscript>\n            <\/div><\/div><div class=\"vce-asset-background-simple-container vce-visible-sm-only vce-asset-background-simple--style-cover vce-asset-background-simple--position-center-top\"><div class=\"vce-asset-background-simple\">\n              <div class=\"vce-asset-background-simple-item vcv-lozad\" data-background-image=\"https:\/\/plasticostecnicos.cat\/wp\/wp-content\/uploads\/2023\/06\/destacat-prototipos.jpg\"><\/div>\n              <noscript>\n                <div class=\"vce-asset-background-simple-item\" style=\"background-image: url(https:\/\/plasticostecnicos.cat\/wp\/wp-content\/uploads\/2023\/06\/destacat-prototipos.jpg)\"><\/div>\n              <\/noscript>\n            <\/div><\/div><div class=\"vce-asset-background-simple-container vce-visible-xs-only vce-asset-background-simple--style-cover vce-asset-background-simple--position-center-top\"><div class=\"vce-asset-background-simple\">\n              <div class=\"vce-asset-background-simple-item vcv-lozad\" data-background-image=\"https:\/\/plasticostecnicos.cat\/wp\/wp-content\/uploads\/2023\/06\/destacat-prototipos.jpg\"><\/div>\n              <noscript>\n                <div class=\"vce-asset-background-simple-item\" style=\"background-image: url(https:\/\/plasticostecnicos.cat\/wp\/wp-content\/uploads\/2023\/06\/destacat-prototipos.jpg)\"><\/div>\n              <\/noscript>\n            <\/div><\/div><\/div><div class=\"vce-row-content\" data-vce-element-content=\"true\"><div class=\"vce-col vce-col--md-auto vce-col--xs-1 vce-col--xs-last vce-col--xs-first vce-col--sm-last vce-col--sm-first vce-col--md-last vce-col--lg-last vce-col--xl-last vce-col--md-first vce-col--lg-first vce-col--xl-first\" id=\"el-9159a69a\"><div class=\"vce-col-inner\" data-vce-do-apply=\"border margin background  el-9159a69a\"><div class=\"vce-col-content\" data-vce-element-content=\"true\" data-vce-do-apply=\"padding el-9159a69a\"><div class=\"vce-text-block textfons\"><div class=\"vce-text-block-wrapper vce\" id=\"el-b2270d93\" data-vce-do-apply=\"all el-b2270d93\"><h1>Prototips i peces<br>especials<\/h1><\/div><\/div><\/div><\/div><\/div><\/div><\/div><\/div><div class=\"vce-row-container\" data-vce-boxed-width=\"true\"><div class=\"vce-row vce-row--col-gap-30 vce-row-equal-height vce-row-content--top\" id=\"el-a9b0cca3\" data-vce-do-apply=\"all el-a9b0cca3\"><div class=\"vce-content-background-container\"><\/div><div class=\"vce-row-content\" data-vce-element-content=\"true\"><div class=\"vce-col vce-col--md-10p vce-col--xs-1 vce-col--xs-last vce-col--xs-first vce-col--sm-last vce-col--sm-first vce-col--md-first vce-col--lg-first vce-col--xl-first\" id=\"el-feaf162f\"><div class=\"vce-col-inner\" data-vce-do-apply=\"border margin background  el-feaf162f\"><div class=\"vce-col-content\" data-vce-element-content=\"true\" data-vce-do-apply=\"padding el-feaf162f\"><div><\/div><\/div><\/div><\/div><div class=\"vce-col vce-col--md-auto vce-col--xs-1 vce-col--xs-last vce-col--xs-first vce-col--sm-last vce-col--sm-first\" id=\"el-880aa568\"><div class=\"vce-col-inner\" data-vce-do-apply=\"border margin background  el-880aa568\"><div class=\"vce-col-content\" data-vce-element-content=\"true\" data-vce-do-apply=\"padding el-880aa568\"><div class=\"vce-text-block h2petit\"><div class=\"vce-text-block-wrapper vce\" id=\"el-8cb72120\" data-vce-do-apply=\"all el-8cb72120\"><h2>Servei de mecanitzat de<br>prototips funcionals<\/h2><\/div><\/div><\/div><\/div><\/div><div class=\"vce-col vce-col--md-auto vce-col--xs-1 vce-col--xs-last vce-col--xs-first vce-col--sm-last vce-col--sm-first\" id=\"el-64a61f6d\"><div class=\"vce-col-inner\" data-vce-do-apply=\"border margin background  el-64a61f6d\"><div class=\"vce-col-content\" data-vce-element-content=\"true\" data-vce-do-apply=\"padding el-64a61f6d\"><div class=\"vce-text-block\"><div class=\"vce-text-block-wrapper vce\" id=\"el-749bbdb4\" data-vce-do-apply=\"all el-749bbdb4\"><p>Amb les tecnologies m\u00e9s avan\u00e7ades de fabricaci\u00f3 sostractiva, com el fresat CNC de 5 eixos, podem oferir un servei de prototipat d'alta fidelitat, obtenint peces funcionals produ\u00efdes amb el tipus de pl\u00e0stic t\u00e8cnic o alumini m\u00e9s adequat per a cada aplicaci\u00f3.<\/p>\n<p>A m\u00e9s, tamb\u00e9 podem realitzar la fabricaci\u00f3 dels prototips a partir del disseny industrial facilitat pel client o a partir d'una pe\u00e7a de mostra.<\/p><\/div><\/div><\/div><\/div><\/div><div class=\"vce-col vce-col--md-10p vce-col--xs-1 vce-col--xs-last vce-col--xs-first vce-col--sm-last vce-col--sm-first vce-col--md-last vce-col--lg-last vce-col--xl-last\" id=\"el-0957f30e\"><div class=\"vce-col-inner\" data-vce-do-apply=\"border margin background  el-0957f30e\"><div class=\"vce-col-content\" data-vce-element-content=\"true\" data-vce-do-apply=\"padding el-0957f30e\"><div><\/div><\/div><\/div><\/div><\/div><\/div><\/div><div class=\"vce-row-container\"><div class=\"vce-row vce-row--col-gap-30 vce-row-no-paddings vce-row-equal-height vce-row-content--top\" data-vce-full-width=\"true\" data-vce-stretch-content=\"true\" id=\"el-3afbc5d5\" data-vce-do-apply=\"all el-3afbc5d5\"><div class=\"vce-content-background-container\"><\/div><div class=\"vce-row-content\" data-vce-element-content=\"true\"><div class=\"vce-col vce-col--md-auto vce-col--xs-1 vce-col--xs-last vce-col--xs-first vce-col--sm-last vce-col--sm-first vce-col--md-last vce-col--lg-last vce-col--xl-last vce-col--md-first vce-col--lg-first vce-col--xl-first\" id=\"el-866375e9\"><div class=\"vce-col-inner\" data-vce-do-apply=\"border margin background  el-866375e9\"><div class=\"vce-col-content\" data-vce-element-content=\"true\" data-vce-do-apply=\"padding el-866375e9\"><div class=\"vce-logo-slider vce carousel-servicios vce-logo-slider--has-arrows\" id=\"el-7cd99655\" data-vce-do-apply=\"all el-7cd99655\"><div class=\"vce-logo-slider-inner\"><div class=\"vce-logo-slider-list\" data-slick-autoplay=\"on\" data-slick-autoplay-delay=\"5000\" data-slick-arrows=\"on\" data-slick-infinite=\"on\" data-slick-slides-to-show=\"3 3 3 1 1\"><div class=\"vce-logo-slider-arrow vce-logo-slider-arrows-color--ba-255-255-255-0-5 vce-logo-slider-arrows-color-hover--b-255-255-255 vce-logo-slider-prev-arrow\"><svg width=\"16px\" height=\"25px\" viewBox=\"0 0 16 25\"><polygon id=\"Prev-Arrow\" points=\"12.3743687 5.68434189e-14 0 12.3743687 12.0208153 24.395184 14.1421356 22.2738636 4.31790889 12.4496369 14.5709572 2.19658855\"><\/polygon><\/svg><\/div><div class=\"slick-list\"><div class=\"slick-track\"><div class=\"vce-logo-slider-item vc-slick-item\"><div class=\"vce-logo-slider-item-inner\"><img decoding=\"async\" class=\"vce-logo-slider-img\" src=\"https:\/\/plasticostecnicos.cat\/wp\/wp-content\/uploads\/2023\/06\/Prototipos_R4_7859.jpg\" alt=\"Fabricaci\u00f3 de prototips\"><\/div><\/div><div class=\"vce-logo-slider-item vc-slick-item\"><div class=\"vce-logo-slider-item-inner\"><img decoding=\"async\" class=\"vce-logo-slider-img\" src=\"https:\/\/plasticostecnicos.cat\/wp\/wp-content\/uploads\/2023\/06\/Prototipos_R4_8118.jpg\" alt=\"Disseny industrial de prototips\"><\/div><\/div><div class=\"vce-logo-slider-item vc-slick-item\"><div class=\"vce-logo-slider-item-inner\"><img decoding=\"async\" class=\"vce-logo-slider-img\" src=\"https:\/\/plasticostecnicos.cat\/wp\/wp-content\/uploads\/2023\/06\/Prototipos_R4_8105.jpg\" alt=\"Serveis de prototipat\"><\/div><\/div><div class=\"vce-logo-slider-item vc-slick-item\"><div class=\"vce-logo-slider-item-inner\"><img decoding=\"async\" class=\"vce-logo-slider-img\" src=\"https:\/\/plasticostecnicos.cat\/wp\/wp-content\/uploads\/2023\/06\/Prototipos_R4_7859-1.jpg\" alt=\"Fabricaci\u00f3 de prototips\"><\/div><\/div><div class=\"vce-logo-slider-item vc-slick-item\"><div class=\"vce-logo-slider-item-inner\"><img decoding=\"async\" class=\"vce-logo-slider-img\" src=\"https:\/\/plasticostecnicos.cat\/wp\/wp-content\/uploads\/2023\/06\/Prototipos_R4_8118-1.jpg\" alt=\"Disseny industrial de prototips\"><\/div><\/div><div class=\"vce-logo-slider-item vc-slick-item\"><div class=\"vce-logo-slider-item-inner\"><img decoding=\"async\" class=\"vce-logo-slider-img\" src=\"https:\/\/plasticostecnicos.cat\/wp\/wp-content\/uploads\/2023\/06\/Prototipos_R4_8105-1.jpg\" alt=\"Serveis de prototipat\"><\/div><\/div><\/div><\/div><div class=\"vce-logo-slider-arrow vce-logo-slider-arrows-color--ba-255-255-255-0-5 vce-logo-slider-arrows-color-hover--b-255-255-255 vce-logo-slider-next-arrow\"><svg width=\"16px\" height=\"25px\" viewBox=\"0 0 16 25\"><polygon id=\"Next-Arrow\" points=\"3.02081528 24.395184 15.395184 12.0208153 3.37436867 1.13686838e-13 1.25304833 2.12132034 11.0772751 11.9455471 0.824226734 22.1985954\"><\/polygon><\/svg><\/div><\/div><\/div><\/div><\/div><\/div><\/div><\/div><\/div><\/div>","protected":false},"excerpt":{"rendered":"<p>Prototips i pecesespecialsServei de mecanitzat deprototips funcionalsAmb les tecnologies m\u00e9s avan\u00e7ades de fabricaci\u00f3 sostractiva, com el fresat CNC de 5 eixos, podem oferir un servei de prototipat d&#8217;alta fidelitat, obtenint peces funcionals produ\u00efdes amb el tipus de pl\u00e0stic t\u00e8cnic o alumini m\u00e9s adequat per a cada aplicaci\u00f3. A m\u00e9s, tamb\u00e9 podem realitzar la fabricaci\u00f3 dels [&hellip;]<\/p>\n","protected":false},"author":1,"featured_media":0,"parent":963,"menu_order":0,"comment_status":"closed","ping_status":"closed","template":"","meta":{"footnotes":""},"class_list":["post-974","page","type-page","status-publish","hentry"],"yoast_head":"<!-- This site is optimized with the Yoast SEO plugin v26.7 - https:\/\/yoast.com\/wordpress\/plugins\/seo\/ -->\n<title>Fabricaci\u00f3 i mecanitzaci\u00f3 de prototips | Ba\u00f1olid<\/title>\n<meta name=\"description\" content=\"Servei de mecanitzaci\u00f3 de prototips funcionals a partir del disseny industrial facilitat pel client o a partir d&#039;una pe\u00e7a de mostra.\" \/>\n<meta name=\"robots\" content=\"index, follow, max-snippet:-1, max-image-preview:large, max-video-preview:-1\" \/>\n<link rel=\"canonical\" href=\"https:\/\/plasticostecnicos.cat\/ca\/serveis\/prototips-i-peces-especials\/\" \/>\n<meta property=\"og:locale\" content=\"ca_ES\" \/>\n<meta property=\"og:type\" content=\"article\" \/>\n<meta property=\"og:title\" content=\"Fabricaci\u00f3 i mecanitzaci\u00f3 de prototips | Ba\u00f1olid\" \/>\n<meta property=\"og:description\" content=\"Servei de mecanitzaci\u00f3 de prototips funcionals a partir del disseny industrial facilitat pel client o a partir d&#039;una pe\u00e7a de mostra.\" \/>\n<meta property=\"og:url\" content=\"https:\/\/plasticostecnicos.cat\/ca\/serveis\/prototips-i-peces-especials\/\" \/>\n<meta property=\"og:site_name\" content=\"Ba\u00f1olid\" \/>\n<meta property=\"article:modified_time\" content=\"2023-07-20T10:22:44+00:00\" \/>\n<meta name=\"twitter:card\" content=\"summary_large_image\" \/>\n<meta name=\"twitter:label1\" content=\"Temps estimat de lectura\" \/>\n\t<meta name=\"twitter:data1\" content=\"2 minuts\" \/>\n<script type=\"application\/ld+json\" class=\"yoast-schema-graph\">{\"@context\":\"https:\/\/schema.org\",\"@graph\":[{\"@type\":\"WebPage\",\"@id\":\"https:\/\/plasticostecnicos.cat\/ca\/serveis\/prototips-i-peces-especials\/\",\"url\":\"https:\/\/plasticostecnicos.cat\/ca\/serveis\/prototips-i-peces-especials\/\",\"name\":\"Fabricaci\u00f3 i mecanitzaci\u00f3 de prototips | Ba\u00f1olid\",\"isPartOf\":{\"@id\":\"https:\/\/plasticostecnicos.cat\/ca\/#website\"},\"datePublished\":\"2023-03-10T08:43:35+00:00\",\"dateModified\":\"2023-07-20T10:22:44+00:00\",\"description\":\"Servei de mecanitzaci\u00f3 de prototips funcionals a partir del disseny industrial facilitat pel client o a partir d'una pe\u00e7a de mostra.\",\"breadcrumb\":{\"@id\":\"https:\/\/plasticostecnicos.cat\/ca\/serveis\/prototips-i-peces-especials\/#breadcrumb\"},\"inLanguage\":\"ca\",\"potentialAction\":[{\"@type\":\"ReadAction\",\"target\":[\"https:\/\/plasticostecnicos.cat\/ca\/serveis\/prototips-i-peces-especials\/\"]}]},{\"@type\":\"BreadcrumbList\",\"@id\":\"https:\/\/plasticostecnicos.cat\/ca\/serveis\/prototips-i-peces-especials\/#breadcrumb\",\"itemListElement\":[{\"@type\":\"ListItem\",\"position\":1,\"name\":\"Portada\",\"item\":\"https:\/\/plasticostecnicos.cat\/ca\/\"},{\"@type\":\"ListItem\",\"position\":2,\"name\":\"Serveis\",\"item\":\"https:\/\/plasticostecnicos.cat\/ca\/serveis\/\"},{\"@type\":\"ListItem\",\"position\":3,\"name\":\"Prototips i peces especials\"}]},{\"@type\":\"WebSite\",\"@id\":\"https:\/\/plasticostecnicos.cat\/ca\/#website\",\"url\":\"https:\/\/plasticostecnicos.cat\/ca\/\",\"name\":\"Ba\u00f1olid\",\"description\":\"Pl\u00e1sticos T\u00e9cnicos\",\"publisher\":{\"@id\":\"https:\/\/plasticostecnicos.cat\/ca\/#organization\"},\"potentialAction\":[{\"@type\":\"SearchAction\",\"target\":{\"@type\":\"EntryPoint\",\"urlTemplate\":\"https:\/\/plasticostecnicos.cat\/ca\/?s={search_term_string}\"},\"query-input\":{\"@type\":\"PropertyValueSpecification\",\"valueRequired\":true,\"valueName\":\"search_term_string\"}}],\"inLanguage\":\"ca\"},{\"@type\":\"Organization\",\"@id\":\"https:\/\/plasticostecnicos.cat\/ca\/#organization\",\"name\":\"Ba\u00f1olid\",\"url\":\"https:\/\/plasticostecnicos.cat\/ca\/\",\"logo\":{\"@type\":\"ImageObject\",\"inLanguage\":\"ca\",\"@id\":\"https:\/\/plasticostecnicos.cat\/ca\/#\/schema\/logo\/image\/\",\"url\":\"https:\/\/plasticostecnicos.cat\/wp\/wp-content\/uploads\/2023\/03\/banolid-logo.png\",\"contentUrl\":\"https:\/\/plasticostecnicos.cat\/wp\/wp-content\/uploads\/2023\/03\/banolid-logo.png\",\"width\":520,\"height\":128,\"caption\":\"Ba\u00f1olid\"},\"image\":{\"@id\":\"https:\/\/plasticostecnicos.cat\/ca\/#\/schema\/logo\/image\/\"}}]}<\/script>\n<!-- \/ Yoast SEO plugin. -->","yoast_head_json":{"title":"Fabricaci\u00f3 i mecanitzaci\u00f3 de prototips | Ba\u00f1olid","description":"Servei de mecanitzaci\u00f3 de prototips funcionals a partir del disseny industrial facilitat pel client o a partir d'una pe\u00e7a de mostra.","robots":{"index":"index","follow":"follow","max-snippet":"max-snippet:-1","max-image-preview":"max-image-preview:large","max-video-preview":"max-video-preview:-1"},"canonical":"https:\/\/plasticostecnicos.cat\/ca\/serveis\/prototips-i-peces-especials\/","og_locale":"ca_ES","og_type":"article","og_title":"Fabricaci\u00f3 i mecanitzaci\u00f3 de prototips | Ba\u00f1olid","og_description":"Servei de mecanitzaci\u00f3 de prototips funcionals a partir del disseny industrial facilitat pel client o a partir d'una pe\u00e7a de mostra.","og_url":"https:\/\/plasticostecnicos.cat\/ca\/serveis\/prototips-i-peces-especials\/","og_site_name":"Ba\u00f1olid","article_modified_time":"2023-07-20T10:22:44+00:00","twitter_card":"summary_large_image","twitter_misc":{"Temps estimat de lectura":"2 minuts"},"schema":{"@context":"https:\/\/schema.org","@graph":[{"@type":"WebPage","@id":"https:\/\/plasticostecnicos.cat\/ca\/serveis\/prototips-i-peces-especials\/","url":"https:\/\/plasticostecnicos.cat\/ca\/serveis\/prototips-i-peces-especials\/","name":"Fabricaci\u00f3 i mecanitzaci\u00f3 de prototips | Ba\u00f1olid","isPartOf":{"@id":"https:\/\/plasticostecnicos.cat\/ca\/#website"},"datePublished":"2023-03-10T08:43:35+00:00","dateModified":"2023-07-20T10:22:44+00:00","description":"Servei de mecanitzaci\u00f3 de prototips funcionals a partir del disseny industrial facilitat pel client o a partir d'una pe\u00e7a de mostra.","breadcrumb":{"@id":"https:\/\/plasticostecnicos.cat\/ca\/serveis\/prototips-i-peces-especials\/#breadcrumb"},"inLanguage":"ca","potentialAction":[{"@type":"ReadAction","target":["https:\/\/plasticostecnicos.cat\/ca\/serveis\/prototips-i-peces-especials\/"]}]},{"@type":"BreadcrumbList","@id":"https:\/\/plasticostecnicos.cat\/ca\/serveis\/prototips-i-peces-especials\/#breadcrumb","itemListElement":[{"@type":"ListItem","position":1,"name":"Portada","item":"https:\/\/plasticostecnicos.cat\/ca\/"},{"@type":"ListItem","position":2,"name":"Serveis","item":"https:\/\/plasticostecnicos.cat\/ca\/serveis\/"},{"@type":"ListItem","position":3,"name":"Prototips i peces especials"}]},{"@type":"WebSite","@id":"https:\/\/plasticostecnicos.cat\/ca\/#website","url":"https:\/\/plasticostecnicos.cat\/ca\/","name":"Ba\u00f1olid","description":"Pl\u00e1sticos T\u00e9cnicos","publisher":{"@id":"https:\/\/plasticostecnicos.cat\/ca\/#organization"},"potentialAction":[{"@type":"SearchAction","target":{"@type":"EntryPoint","urlTemplate":"https:\/\/plasticostecnicos.cat\/ca\/?s={search_term_string}"},"query-input":{"@type":"PropertyValueSpecification","valueRequired":true,"valueName":"search_term_string"}}],"inLanguage":"ca"},{"@type":"Organization","@id":"https:\/\/plasticostecnicos.cat\/ca\/#organization","name":"Ba\u00f1olid","url":"https:\/\/plasticostecnicos.cat\/ca\/","logo":{"@type":"ImageObject","inLanguage":"ca","@id":"https:\/\/plasticostecnicos.cat\/ca\/#\/schema\/logo\/image\/","url":"https:\/\/plasticostecnicos.cat\/wp\/wp-content\/uploads\/2023\/03\/banolid-logo.png","contentUrl":"https:\/\/plasticostecnicos.cat\/wp\/wp-content\/uploads\/2023\/03\/banolid-logo.png","width":520,"height":128,"caption":"Ba\u00f1olid"},"image":{"@id":"https:\/\/plasticostecnicos.cat\/ca\/#\/schema\/logo\/image\/"}}]}},"_links":{"self":[{"href":"https:\/\/plasticostecnicos.cat\/ca\/wp-json\/wp\/v2\/pages\/974","targetHints":{"allow":["GET"]}}],"collection":[{"href":"https:\/\/plasticostecnicos.cat\/ca\/wp-json\/wp\/v2\/pages"}],"about":[{"href":"https:\/\/plasticostecnicos.cat\/ca\/wp-json\/wp\/v2\/types\/page"}],"author":[{"embeddable":true,"href":"https:\/\/plasticostecnicos.cat\/ca\/wp-json\/wp\/v2\/users\/1"}],"replies":[{"embeddable":true,"href":"https:\/\/plasticostecnicos.cat\/ca\/wp-json\/wp\/v2\/comments?post=974"}],"version-history":[{"count":4,"href":"https:\/\/plasticostecnicos.cat\/ca\/wp-json\/wp\/v2\/pages\/974\/revisions"}],"predecessor-version":[{"id":1058,"href":"https:\/\/plasticostecnicos.cat\/ca\/wp-json\/wp\/v2\/pages\/974\/revisions\/1058"}],"up":[{"embeddable":true,"href":"https:\/\/plasticostecnicos.cat\/ca\/wp-json\/wp\/v2\/pages\/963"}],"wp:attachment":[{"href":"https:\/\/plasticostecnicos.cat\/ca\/wp-json\/wp\/v2\/media?parent=974"}],"curies":[{"name":"wp","href":"https:\/\/api.w.org\/{rel}","templated":true}]}}