{"id":971,"date":"2023-03-10T09:42:55","date_gmt":"2023-03-10T08:42:55","guid":{"rendered":"https:\/\/plasticostecnicos.cat\/wp\/serveis\/fabricacion-de-piezas\/"},"modified":"2023-07-20T12:09:28","modified_gmt":"2023-07-20T10:09:28","slug":"fabricacio-de-peces","status":"publish","type":"page","link":"https:\/\/plasticostecnicos.cat\/ca\/serveis\/fabricacio-de-peces\/","title":{"rendered":"Fabricaci\u00f3 de peces"},"content":{"rendered":"<div class=\"vce-row-container\" data-vce-boxed-width=\"true\"><div class=\"vce-row vce-element--xl--has-background vce-element--lg--has-background vce-element--md--has-background vce-element--sm--has-background vce-element--xs--has-background vce-row--col-gap-30 header-image vce-row-equal-height vce-row-content--top\" id=\"el-48ece181\" data-vce-do-apply=\"all el-48ece181\"><div class=\"vce-content-background-container\"><div class=\"vce-asset-background-simple-container vce-visible-xl-only vce-asset-background-simple--style-cover vce-asset-background-simple--position-center-top\"><div class=\"vce-asset-background-simple\">\n              <div class=\"vce-asset-background-simple-item vcv-lozad\" data-background-image=\"https:\/\/plasticostecnicos.cat\/wp\/wp-content\/uploads\/2023\/06\/destacat-piezas.jpg\"><\/div>\n              <noscript>\n                <div class=\"vce-asset-background-simple-item\" style=\"background-image: url(https:\/\/plasticostecnicos.cat\/wp\/wp-content\/uploads\/2023\/06\/destacat-piezas.jpg)\"><\/div>\n              <\/noscript>\n            <\/div><\/div><div class=\"vce-asset-background-simple-container vce-visible-lg-only vce-asset-background-simple--style-cover vce-asset-background-simple--position-center-top\"><div class=\"vce-asset-background-simple\">\n              <div class=\"vce-asset-background-simple-item vcv-lozad\" data-background-image=\"https:\/\/plasticostecnicos.cat\/wp\/wp-content\/uploads\/2023\/06\/destacat-piezas.jpg\"><\/div>\n              <noscript>\n                <div class=\"vce-asset-background-simple-item\" style=\"background-image: url(https:\/\/plasticostecnicos.cat\/wp\/wp-content\/uploads\/2023\/06\/destacat-piezas.jpg)\"><\/div>\n              <\/noscript>\n            <\/div><\/div><div class=\"vce-asset-background-simple-container vce-visible-md-only vce-asset-background-simple--style-cover vce-asset-background-simple--position-center-top\"><div class=\"vce-asset-background-simple\">\n              <div class=\"vce-asset-background-simple-item vcv-lozad\" data-background-image=\"https:\/\/plasticostecnicos.cat\/wp\/wp-content\/uploads\/2023\/06\/destacat-piezas.jpg\"><\/div>\n              <noscript>\n                <div class=\"vce-asset-background-simple-item\" style=\"background-image: url(https:\/\/plasticostecnicos.cat\/wp\/wp-content\/uploads\/2023\/06\/destacat-piezas.jpg)\"><\/div>\n              <\/noscript>\n            <\/div><\/div><div class=\"vce-asset-background-simple-container vce-visible-sm-only vce-asset-background-simple--style-cover vce-asset-background-simple--position-center-top\"><div class=\"vce-asset-background-simple\">\n              <div class=\"vce-asset-background-simple-item vcv-lozad\" data-background-image=\"https:\/\/plasticostecnicos.cat\/wp\/wp-content\/uploads\/2023\/06\/destacat-piezas.jpg\"><\/div>\n              <noscript>\n                <div class=\"vce-asset-background-simple-item\" style=\"background-image: url(https:\/\/plasticostecnicos.cat\/wp\/wp-content\/uploads\/2023\/06\/destacat-piezas.jpg)\"><\/div>\n              <\/noscript>\n            <\/div><\/div><div class=\"vce-asset-background-simple-container vce-visible-xs-only vce-asset-background-simple--style-cover vce-asset-background-simple--position-center-top\"><div class=\"vce-asset-background-simple\">\n              <div class=\"vce-asset-background-simple-item vcv-lozad\" data-background-image=\"https:\/\/plasticostecnicos.cat\/wp\/wp-content\/uploads\/2023\/06\/destacat-piezas.jpg\"><\/div>\n              <noscript>\n                <div class=\"vce-asset-background-simple-item\" style=\"background-image: url(https:\/\/plasticostecnicos.cat\/wp\/wp-content\/uploads\/2023\/06\/destacat-piezas.jpg)\"><\/div>\n              <\/noscript>\n            <\/div><\/div><\/div><div class=\"vce-row-content\" data-vce-element-content=\"true\"><div class=\"vce-col vce-col--md-auto vce-col--xs-1 vce-col--xs-last vce-col--xs-first vce-col--sm-last vce-col--sm-first vce-col--md-last vce-col--lg-last vce-col--xl-last vce-col--md-first vce-col--lg-first vce-col--xl-first\" id=\"el-c1ce1520\"><div class=\"vce-col-inner\" data-vce-do-apply=\"border margin background  el-c1ce1520\"><div class=\"vce-col-content\" data-vce-element-content=\"true\" data-vce-do-apply=\"padding el-c1ce1520\"><div class=\"vce-text-block textfons\"><div class=\"vce-text-block-wrapper vce\" id=\"el-f71edc78\" data-vce-do-apply=\"all el-f71edc78\"><h1>Fabricaci\u00f3 de peces<br>de pl\u00e0stic i alumini<\/h1><\/div><\/div><\/div><\/div><\/div><\/div><\/div><\/div><div class=\"vce-row-container\" data-vce-boxed-width=\"true\"><div class=\"vce-row vce-row--col-gap-30 vce-row-equal-height vce-row-content--top\" id=\"el-0b20a04e\" data-vce-do-apply=\"all el-0b20a04e\"><div class=\"vce-content-background-container\"><\/div><div class=\"vce-row-content\" data-vce-element-content=\"true\"><div class=\"vce-col vce-col--md-10p vce-col--xs-1 vce-col--xs-last vce-col--xs-first vce-col--sm-last vce-col--sm-first vce-col--md-first vce-col--lg-first vce-col--xl-first\" id=\"el-3a67d16d\"><div class=\"vce-col-inner\" data-vce-do-apply=\"border margin background  el-3a67d16d\"><div class=\"vce-col-content\" data-vce-element-content=\"true\" data-vce-do-apply=\"padding el-3a67d16d\"><div><\/div><\/div><\/div><\/div><div class=\"vce-col vce-col--md-auto vce-col--xs-1 vce-col--xs-last vce-col--xs-first vce-col--sm-last vce-col--sm-first\" id=\"el-f9d4f3b4\"><div class=\"vce-col-inner\" data-vce-do-apply=\"border margin background  el-f9d4f3b4\"><div class=\"vce-col-content\" data-vce-element-content=\"true\" data-vce-do-apply=\"padding el-f9d4f3b4\"><div class=\"vce-text-block h2petit\"><div class=\"vce-text-block-wrapper vce\" id=\"el-095f9a70\" data-vce-do-apply=\"all el-095f9a70\"><h2>Components de pl\u00e0stic o alumini per a tota mena d'aplicacions industrials<\/h2><\/div><\/div><\/div><\/div><\/div><div class=\"vce-col vce-col--md-auto vce-col--xs-1 vce-col--xs-last vce-col--xs-first vce-col--sm-last vce-col--sm-first\" id=\"el-2092a7bb\"><div class=\"vce-col-inner\" data-vce-do-apply=\"border margin background  el-2092a7bb\"><div class=\"vce-col-content\" data-vce-element-content=\"true\" data-vce-do-apply=\"padding el-2092a7bb\"><div class=\"vce-text-block\"><div class=\"vce-text-block-wrapper vce\" id=\"el-dc05d179\" data-vce-do-apply=\"all el-dc05d179\"><p>Oferim un servei integral de fabricaci\u00f3 de peces de pl\u00e0stic i alumini a mida, des del disseny inicial i la validaci\u00f3 fins a la fabricaci\u00f3 de les s\u00e8ries i l'aplicaci\u00f3 de manipulats o accessoris.<\/p>\n<p>Amb la maquin\u00e0ria i els diferents processos de fabricaci\u00f3 dels quals disposem, podem oferir peces a mida per a una gran varietat d'aplicacions, que no serien viables amb els sistemes de fabricaci\u00f3 massius com la injecci\u00f3 amb motlles.<\/p>\n<p>Tots els processos es desenvolupen sota estrictes controls de qualitat, terminis de lliurament \u00f2ptims i amb els requisits d'embalatge pertinents per a cada projecte.<\/p><\/div><\/div><\/div><\/div><\/div><div class=\"vce-col vce-col--md-10p vce-col--xs-1 vce-col--xs-last vce-col--xs-first vce-col--sm-last vce-col--sm-first vce-col--md-last vce-col--lg-last vce-col--xl-last\" id=\"el-1ed7c0c0\"><div class=\"vce-col-inner\" data-vce-do-apply=\"border margin background  el-1ed7c0c0\"><div class=\"vce-col-content\" data-vce-element-content=\"true\" data-vce-do-apply=\"padding el-1ed7c0c0\"><div><\/div><\/div><\/div><\/div><\/div><\/div><\/div><div class=\"vce-row-container\"><div class=\"vce-row vce-row--col-gap-30 vce-row-no-paddings vce-row-equal-height vce-row-content--top\" data-vce-full-width=\"true\" data-vce-stretch-content=\"true\" id=\"el-7dfcff41\" data-vce-do-apply=\"all el-7dfcff41\"><div class=\"vce-content-background-container\"><\/div><div class=\"vce-row-content\" data-vce-element-content=\"true\"><div class=\"vce-col vce-col--md-auto vce-col--xs-1 vce-col--xs-last vce-col--xs-first vce-col--sm-last vce-col--sm-first vce-col--md-last vce-col--lg-last vce-col--xl-last vce-col--md-first vce-col--lg-first vce-col--xl-first\" id=\"el-95b99d8b\"><div class=\"vce-col-inner\" data-vce-do-apply=\"border margin background  el-95b99d8b\"><div class=\"vce-col-content\" data-vce-element-content=\"true\" data-vce-do-apply=\"padding el-95b99d8b\"><div class=\"vce-logo-slider vce carousel-servicios vce-logo-slider--has-arrows\" id=\"el-812c555d\" data-vce-do-apply=\"all el-812c555d\"><div class=\"vce-logo-slider-inner\"><div class=\"vce-logo-slider-list\" data-slick-autoplay=\"on\" data-slick-autoplay-delay=\"5000\" data-slick-arrows=\"on\" data-slick-infinite=\"on\" data-slick-slides-to-show=\"3 3 3 1 1\"><div class=\"vce-logo-slider-arrow vce-logo-slider-arrows-color--ba-255-255-255-0-5 vce-logo-slider-arrows-color-hover--b-255-255-255 vce-logo-slider-prev-arrow\"><svg width=\"16px\" height=\"25px\" viewBox=\"0 0 16 25\"><polygon id=\"Prev-Arrow\" points=\"12.3743687 5.68434189e-14 0 12.3743687 12.0208153 24.395184 14.1421356 22.2738636 4.31790889 12.4496369 14.5709572 2.19658855\"><\/polygon><\/svg><\/div><div class=\"slick-list\"><div class=\"slick-track\"><div class=\"vce-logo-slider-item vc-slick-item\"><div class=\"vce-logo-slider-item-inner\"><img decoding=\"async\" class=\"vce-logo-slider-img\" src=\"https:\/\/plasticostecnicos.cat\/wp\/wp-content\/uploads\/2023\/06\/Fabricacion_R4_7869-1.jpg\" alt=\"Fabricaci\u00f3 de peces d'alumini a mida\"><\/div><\/div><div class=\"vce-logo-slider-item vc-slick-item\"><div class=\"vce-logo-slider-item-inner\"><img decoding=\"async\" class=\"vce-logo-slider-img\" src=\"https:\/\/plasticostecnicos.cat\/wp\/wp-content\/uploads\/2023\/06\/Fabricacion_R4_7898.jpg\" alt=\"Fabricaci\u00f3 de peces de pl\u00e0stic a mida\"><\/div><\/div><div class=\"vce-logo-slider-item vc-slick-item\"><div class=\"vce-logo-slider-item-inner\"><img decoding=\"async\" class=\"vce-logo-slider-img\" src=\"https:\/\/plasticostecnicos.cat\/wp\/wp-content\/uploads\/2023\/06\/Fabricacion_R4_8045.jpg\" alt=\"Pl\u00e0stics mecanitzables\"><\/div><\/div><div class=\"vce-logo-slider-item vc-slick-item\"><div class=\"vce-logo-slider-item-inner\"><img decoding=\"async\" class=\"vce-logo-slider-img\" src=\"https:\/\/plasticostecnicos.cat\/wp\/wp-content\/uploads\/2023\/07\/Fabricacion_R4_7869-1.jpg\" alt=\"Fabricaci\u00f3 de peces d'alumini a mida\"><\/div><\/div><div class=\"vce-logo-slider-item vc-slick-item\"><div class=\"vce-logo-slider-item-inner\"><img decoding=\"async\" class=\"vce-logo-slider-img\" src=\"https:\/\/plasticostecnicos.cat\/wp\/wp-content\/uploads\/2023\/06\/Fabricacion_R4_7898-1.jpg\" alt=\"Fabricaci\u00f3 de peces de pl\u00e0stic a mida\"><\/div><\/div><div class=\"vce-logo-slider-item vc-slick-item\"><div class=\"vce-logo-slider-item-inner\"><img decoding=\"async\" class=\"vce-logo-slider-img\" src=\"https:\/\/plasticostecnicos.cat\/wp\/wp-content\/uploads\/2023\/06\/Fabricacion_R4_8045-1.jpg\" alt=\"Pl\u00e0stics mecanitzables\"><\/div><\/div><\/div><\/div><div class=\"vce-logo-slider-arrow vce-logo-slider-arrows-color--ba-255-255-255-0-5 vce-logo-slider-arrows-color-hover--b-255-255-255 vce-logo-slider-next-arrow\"><svg width=\"16px\" height=\"25px\" viewBox=\"0 0 16 25\"><polygon id=\"Next-Arrow\" points=\"3.02081528 24.395184 15.395184 12.0208153 3.37436867 1.13686838e-13 1.25304833 2.12132034 11.0772751 11.9455471 0.824226734 22.1985954\"><\/polygon><\/svg><\/div><\/div><\/div><\/div><\/div><\/div><\/div><\/div><\/div><\/div>","protected":false},"excerpt":{"rendered":"<p>Fabricaci\u00f3 de pecesde pl\u00e0stic i aluminiComponents de pl\u00e0stic o alumini per a tota mena d&#8217;aplicacions industrialsOferim un servei integral de fabricaci\u00f3 de peces de pl\u00e0stic i alumini a mida, des del disseny inicial i la validaci\u00f3 fins a la fabricaci\u00f3 de les s\u00e8ries i l&#8217;aplicaci\u00f3 de manipulats o accessoris. Amb la maquin\u00e0ria i els diferents [&hellip;]<\/p>\n","protected":false},"author":1,"featured_media":0,"parent":963,"menu_order":0,"comment_status":"closed","ping_status":"closed","template":"","meta":{"footnotes":""},"class_list":["post-971","page","type-page","status-publish","hentry"],"yoast_head":"<!-- This site is optimized with the Yoast SEO plugin v26.7 - https:\/\/yoast.com\/wordpress\/plugins\/seo\/ -->\n<title>Fabricaci\u00f3 de peces de Pl\u00e0stic a mida | Ba\u00f1olid<\/title>\n<meta name=\"description\" content=\"Servei integral de fabricaci\u00f3 de peces de Pl\u00e0stic i Alumini a mida, des del disseny inicial i validaci\u00f3, fins a la fabricaci\u00f3 i aplicaci\u00f3.\" \/>\n<meta name=\"robots\" content=\"index, follow, max-snippet:-1, max-image-preview:large, max-video-preview:-1\" \/>\n<link rel=\"canonical\" href=\"https:\/\/plasticostecnicos.cat\/ca\/serveis\/fabricacio-de-peces\/\" \/>\n<meta property=\"og:locale\" content=\"ca_ES\" \/>\n<meta property=\"og:type\" content=\"article\" \/>\n<meta property=\"og:title\" content=\"Fabricaci\u00f3 de peces de Pl\u00e0stic a mida | Ba\u00f1olid\" \/>\n<meta property=\"og:description\" content=\"Servei integral de fabricaci\u00f3 de peces de Pl\u00e0stic i Alumini a mida, des del disseny inicial i validaci\u00f3, fins a la fabricaci\u00f3 i aplicaci\u00f3.\" \/>\n<meta property=\"og:url\" content=\"https:\/\/plasticostecnicos.cat\/ca\/serveis\/fabricacio-de-peces\/\" \/>\n<meta property=\"og:site_name\" content=\"Ba\u00f1olid\" \/>\n<meta property=\"article:modified_time\" content=\"2023-07-20T10:09:28+00:00\" \/>\n<meta name=\"twitter:card\" content=\"summary_large_image\" \/>\n<meta name=\"twitter:label1\" content=\"Temps estimat de lectura\" \/>\n\t<meta name=\"twitter:data1\" content=\"2 minuts\" \/>\n<script type=\"application\/ld+json\" class=\"yoast-schema-graph\">{\"@context\":\"https:\/\/schema.org\",\"@graph\":[{\"@type\":\"WebPage\",\"@id\":\"https:\/\/plasticostecnicos.cat\/ca\/serveis\/fabricacio-de-peces\/\",\"url\":\"https:\/\/plasticostecnicos.cat\/ca\/serveis\/fabricacio-de-peces\/\",\"name\":\"Fabricaci\u00f3 de peces de Pl\u00e0stic a mida | Ba\u00f1olid\",\"isPartOf\":{\"@id\":\"https:\/\/plasticostecnicos.cat\/ca\/#website\"},\"datePublished\":\"2023-03-10T08:42:55+00:00\",\"dateModified\":\"2023-07-20T10:09:28+00:00\",\"description\":\"Servei integral de fabricaci\u00f3 de peces de Pl\u00e0stic i Alumini a mida, des del disseny inicial i validaci\u00f3, fins a la fabricaci\u00f3 i aplicaci\u00f3.\",\"breadcrumb\":{\"@id\":\"https:\/\/plasticostecnicos.cat\/ca\/serveis\/fabricacio-de-peces\/#breadcrumb\"},\"inLanguage\":\"ca\",\"potentialAction\":[{\"@type\":\"ReadAction\",\"target\":[\"https:\/\/plasticostecnicos.cat\/ca\/serveis\/fabricacio-de-peces\/\"]}]},{\"@type\":\"BreadcrumbList\",\"@id\":\"https:\/\/plasticostecnicos.cat\/ca\/serveis\/fabricacio-de-peces\/#breadcrumb\",\"itemListElement\":[{\"@type\":\"ListItem\",\"position\":1,\"name\":\"Portada\",\"item\":\"https:\/\/plasticostecnicos.cat\/ca\/\"},{\"@type\":\"ListItem\",\"position\":2,\"name\":\"Serveis\",\"item\":\"https:\/\/plasticostecnicos.cat\/ca\/serveis\/\"},{\"@type\":\"ListItem\",\"position\":3,\"name\":\"Fabricaci\u00f3 de peces\"}]},{\"@type\":\"WebSite\",\"@id\":\"https:\/\/plasticostecnicos.cat\/ca\/#website\",\"url\":\"https:\/\/plasticostecnicos.cat\/ca\/\",\"name\":\"Ba\u00f1olid\",\"description\":\"Pl\u00e1sticos T\u00e9cnicos\",\"publisher\":{\"@id\":\"https:\/\/plasticostecnicos.cat\/ca\/#organization\"},\"potentialAction\":[{\"@type\":\"SearchAction\",\"target\":{\"@type\":\"EntryPoint\",\"urlTemplate\":\"https:\/\/plasticostecnicos.cat\/ca\/?s={search_term_string}\"},\"query-input\":{\"@type\":\"PropertyValueSpecification\",\"valueRequired\":true,\"valueName\":\"search_term_string\"}}],\"inLanguage\":\"ca\"},{\"@type\":\"Organization\",\"@id\":\"https:\/\/plasticostecnicos.cat\/ca\/#organization\",\"name\":\"Ba\u00f1olid\",\"url\":\"https:\/\/plasticostecnicos.cat\/ca\/\",\"logo\":{\"@type\":\"ImageObject\",\"inLanguage\":\"ca\",\"@id\":\"https:\/\/plasticostecnicos.cat\/ca\/#\/schema\/logo\/image\/\",\"url\":\"https:\/\/plasticostecnicos.cat\/wp\/wp-content\/uploads\/2023\/03\/banolid-logo.png\",\"contentUrl\":\"https:\/\/plasticostecnicos.cat\/wp\/wp-content\/uploads\/2023\/03\/banolid-logo.png\",\"width\":520,\"height\":128,\"caption\":\"Ba\u00f1olid\"},\"image\":{\"@id\":\"https:\/\/plasticostecnicos.cat\/ca\/#\/schema\/logo\/image\/\"}}]}<\/script>\n<!-- \/ Yoast SEO plugin. -->","yoast_head_json":{"title":"Fabricaci\u00f3 de peces de Pl\u00e0stic a mida | Ba\u00f1olid","description":"Servei integral de fabricaci\u00f3 de peces de Pl\u00e0stic i Alumini a mida, des del disseny inicial i validaci\u00f3, fins a la fabricaci\u00f3 i aplicaci\u00f3.","robots":{"index":"index","follow":"follow","max-snippet":"max-snippet:-1","max-image-preview":"max-image-preview:large","max-video-preview":"max-video-preview:-1"},"canonical":"https:\/\/plasticostecnicos.cat\/ca\/serveis\/fabricacio-de-peces\/","og_locale":"ca_ES","og_type":"article","og_title":"Fabricaci\u00f3 de peces de Pl\u00e0stic a mida | Ba\u00f1olid","og_description":"Servei integral de fabricaci\u00f3 de peces de Pl\u00e0stic i Alumini a mida, des del disseny inicial i validaci\u00f3, fins a la fabricaci\u00f3 i aplicaci\u00f3.","og_url":"https:\/\/plasticostecnicos.cat\/ca\/serveis\/fabricacio-de-peces\/","og_site_name":"Ba\u00f1olid","article_modified_time":"2023-07-20T10:09:28+00:00","twitter_card":"summary_large_image","twitter_misc":{"Temps estimat de lectura":"2 minuts"},"schema":{"@context":"https:\/\/schema.org","@graph":[{"@type":"WebPage","@id":"https:\/\/plasticostecnicos.cat\/ca\/serveis\/fabricacio-de-peces\/","url":"https:\/\/plasticostecnicos.cat\/ca\/serveis\/fabricacio-de-peces\/","name":"Fabricaci\u00f3 de peces de Pl\u00e0stic a mida | Ba\u00f1olid","isPartOf":{"@id":"https:\/\/plasticostecnicos.cat\/ca\/#website"},"datePublished":"2023-03-10T08:42:55+00:00","dateModified":"2023-07-20T10:09:28+00:00","description":"Servei integral de fabricaci\u00f3 de peces de Pl\u00e0stic i Alumini a mida, des del disseny inicial i validaci\u00f3, fins a la fabricaci\u00f3 i aplicaci\u00f3.","breadcrumb":{"@id":"https:\/\/plasticostecnicos.cat\/ca\/serveis\/fabricacio-de-peces\/#breadcrumb"},"inLanguage":"ca","potentialAction":[{"@type":"ReadAction","target":["https:\/\/plasticostecnicos.cat\/ca\/serveis\/fabricacio-de-peces\/"]}]},{"@type":"BreadcrumbList","@id":"https:\/\/plasticostecnicos.cat\/ca\/serveis\/fabricacio-de-peces\/#breadcrumb","itemListElement":[{"@type":"ListItem","position":1,"name":"Portada","item":"https:\/\/plasticostecnicos.cat\/ca\/"},{"@type":"ListItem","position":2,"name":"Serveis","item":"https:\/\/plasticostecnicos.cat\/ca\/serveis\/"},{"@type":"ListItem","position":3,"name":"Fabricaci\u00f3 de peces"}]},{"@type":"WebSite","@id":"https:\/\/plasticostecnicos.cat\/ca\/#website","url":"https:\/\/plasticostecnicos.cat\/ca\/","name":"Ba\u00f1olid","description":"Pl\u00e1sticos T\u00e9cnicos","publisher":{"@id":"https:\/\/plasticostecnicos.cat\/ca\/#organization"},"potentialAction":[{"@type":"SearchAction","target":{"@type":"EntryPoint","urlTemplate":"https:\/\/plasticostecnicos.cat\/ca\/?s={search_term_string}"},"query-input":{"@type":"PropertyValueSpecification","valueRequired":true,"valueName":"search_term_string"}}],"inLanguage":"ca"},{"@type":"Organization","@id":"https:\/\/plasticostecnicos.cat\/ca\/#organization","name":"Ba\u00f1olid","url":"https:\/\/plasticostecnicos.cat\/ca\/","logo":{"@type":"ImageObject","inLanguage":"ca","@id":"https:\/\/plasticostecnicos.cat\/ca\/#\/schema\/logo\/image\/","url":"https:\/\/plasticostecnicos.cat\/wp\/wp-content\/uploads\/2023\/03\/banolid-logo.png","contentUrl":"https:\/\/plasticostecnicos.cat\/wp\/wp-content\/uploads\/2023\/03\/banolid-logo.png","width":520,"height":128,"caption":"Ba\u00f1olid"},"image":{"@id":"https:\/\/plasticostecnicos.cat\/ca\/#\/schema\/logo\/image\/"}}]}},"_links":{"self":[{"href":"https:\/\/plasticostecnicos.cat\/ca\/wp-json\/wp\/v2\/pages\/971","targetHints":{"allow":["GET"]}}],"collection":[{"href":"https:\/\/plasticostecnicos.cat\/ca\/wp-json\/wp\/v2\/pages"}],"about":[{"href":"https:\/\/plasticostecnicos.cat\/ca\/wp-json\/wp\/v2\/types\/page"}],"author":[{"embeddable":true,"href":"https:\/\/plasticostecnicos.cat\/ca\/wp-json\/wp\/v2\/users\/1"}],"replies":[{"embeddable":true,"href":"https:\/\/plasticostecnicos.cat\/ca\/wp-json\/wp\/v2\/comments?post=971"}],"version-history":[{"count":5,"href":"https:\/\/plasticostecnicos.cat\/ca\/wp-json\/wp\/v2\/pages\/971\/revisions"}],"predecessor-version":[{"id":1050,"href":"https:\/\/plasticostecnicos.cat\/ca\/wp-json\/wp\/v2\/pages\/971\/revisions\/1050"}],"up":[{"embeddable":true,"href":"https:\/\/plasticostecnicos.cat\/ca\/wp-json\/wp\/v2\/pages\/963"}],"wp:attachment":[{"href":"https:\/\/plasticostecnicos.cat\/ca\/wp-json\/wp\/v2\/media?parent=971"}],"curies":[{"name":"wp","href":"https:\/\/api.w.org\/{rel}","templated":true}]}}