{"id":968,"date":"2023-03-10T09:42:40","date_gmt":"2023-03-10T08:42:40","guid":{"rendered":"https:\/\/plasticostecnicos.cat\/wp\/serveis\/mecanizados-3d-cnc\/"},"modified":"2023-07-20T11:49:34","modified_gmt":"2023-07-20T09:49:34","slug":"mecanitzats-3d-cnc","status":"publish","type":"page","link":"https:\/\/plasticostecnicos.cat\/ca\/serveis\/mecanitzats-3d-cnc\/","title":{"rendered":"Mecanitzats 3D CNC"},"content":{"rendered":"<div class=\"vce-row-container\" data-vce-boxed-width=\"true\"><div class=\"vce-row vce-element--xl--has-background vce-element--lg--has-background vce-element--md--has-background vce-element--sm--has-background vce-element--xs--has-background vce-row--col-gap-30 header-image vce-row-equal-height vce-row-content--top\" id=\"el-431776e3\" data-vce-do-apply=\"all el-431776e3\"><div class=\"vce-content-background-container\"><div class=\"vce-asset-background-simple-container vce-visible-xl-only vce-asset-background-simple--style-cover vce-asset-background-simple--position-center-top\"><div class=\"vce-asset-background-simple\">\n              <div class=\"vce-asset-background-simple-item vcv-lozad\" data-background-image=\"https:\/\/plasticostecnicos.cat\/wp\/wp-content\/uploads\/2023\/05\/destacat-cnc.jpg\"><\/div>\n              <noscript>\n                <div class=\"vce-asset-background-simple-item\" style=\"background-image: url(https:\/\/plasticostecnicos.cat\/wp\/wp-content\/uploads\/2023\/05\/destacat-cnc.jpg)\"><\/div>\n              <\/noscript>\n            <\/div><\/div><div class=\"vce-asset-background-simple-container vce-visible-lg-only vce-asset-background-simple--style-cover vce-asset-background-simple--position-center-top\"><div class=\"vce-asset-background-simple\">\n              <div class=\"vce-asset-background-simple-item vcv-lozad\" data-background-image=\"https:\/\/plasticostecnicos.cat\/wp\/wp-content\/uploads\/2023\/05\/destacat-cnc.jpg\"><\/div>\n              <noscript>\n                <div class=\"vce-asset-background-simple-item\" style=\"background-image: url(https:\/\/plasticostecnicos.cat\/wp\/wp-content\/uploads\/2023\/05\/destacat-cnc.jpg)\"><\/div>\n              <\/noscript>\n            <\/div><\/div><div class=\"vce-asset-background-simple-container vce-visible-md-only vce-asset-background-simple--style-cover vce-asset-background-simple--position-center-top\"><div class=\"vce-asset-background-simple\">\n              <div class=\"vce-asset-background-simple-item vcv-lozad\" data-background-image=\"https:\/\/plasticostecnicos.cat\/wp\/wp-content\/uploads\/2023\/05\/destacat-cnc.jpg\"><\/div>\n              <noscript>\n                <div class=\"vce-asset-background-simple-item\" style=\"background-image: url(https:\/\/plasticostecnicos.cat\/wp\/wp-content\/uploads\/2023\/05\/destacat-cnc.jpg)\"><\/div>\n              <\/noscript>\n            <\/div><\/div><div class=\"vce-asset-background-simple-container vce-visible-sm-only vce-asset-background-simple--style-cover vce-asset-background-simple--position-center-top\"><div class=\"vce-asset-background-simple\">\n              <div class=\"vce-asset-background-simple-item vcv-lozad\" data-background-image=\"https:\/\/plasticostecnicos.cat\/wp\/wp-content\/uploads\/2023\/05\/destacat-cnc.jpg\"><\/div>\n              <noscript>\n                <div class=\"vce-asset-background-simple-item\" style=\"background-image: url(https:\/\/plasticostecnicos.cat\/wp\/wp-content\/uploads\/2023\/05\/destacat-cnc.jpg)\"><\/div>\n              <\/noscript>\n            <\/div><\/div><div class=\"vce-asset-background-simple-container vce-visible-xs-only vce-asset-background-simple--style-cover vce-asset-background-simple--position-center-top\"><div class=\"vce-asset-background-simple\">\n              <div class=\"vce-asset-background-simple-item vcv-lozad\" data-background-image=\"https:\/\/plasticostecnicos.cat\/wp\/wp-content\/uploads\/2023\/05\/destacat-cnc.jpg\"><\/div>\n              <noscript>\n                <div class=\"vce-asset-background-simple-item\" style=\"background-image: url(https:\/\/plasticostecnicos.cat\/wp\/wp-content\/uploads\/2023\/05\/destacat-cnc.jpg)\"><\/div>\n              <\/noscript>\n            <\/div><\/div><\/div><div class=\"vce-row-content\" data-vce-element-content=\"true\"><div class=\"vce-col vce-col--md-auto vce-col--xs-1 vce-col--xs-last vce-col--xs-first vce-col--sm-last vce-col--sm-first vce-col--md-last vce-col--lg-last vce-col--xl-last vce-col--md-first vce-col--lg-first vce-col--xl-first\" id=\"el-b45b7b1e\"><div class=\"vce-col-inner\" data-vce-do-apply=\"border margin background  el-b45b7b1e\"><div class=\"vce-col-content\" data-vce-element-content=\"true\" data-vce-do-apply=\"padding el-b45b7b1e\"><div class=\"vce-text-block textfons\"><div class=\"vce-text-block-wrapper vce\" id=\"el-ee147e6f\" data-vce-do-apply=\"all el-ee147e6f\"><h1>Mecanitzats 3D <br>CNC<\/h1><\/div><\/div><\/div><\/div><\/div><\/div><\/div><\/div><div class=\"vce-row-container\" data-vce-boxed-width=\"true\"><div class=\"vce-row vce-row--col-gap-30 vce-row-equal-height vce-row-content--top\" id=\"el-7a3313b5\" data-vce-do-apply=\"all el-7a3313b5\"><div class=\"vce-content-background-container\"><\/div><div class=\"vce-row-content\" data-vce-element-content=\"true\"><div class=\"vce-col vce-col--md-10p vce-col--xs-1 vce-col--xs-last vce-col--xs-first vce-col--sm-last vce-col--sm-first vce-col--md-first vce-col--lg-first vce-col--xl-first\" id=\"el-9f76a7d3\"><div class=\"vce-col-inner\" data-vce-do-apply=\"border margin background  el-9f76a7d3\"><div class=\"vce-col-content\" data-vce-element-content=\"true\" data-vce-do-apply=\"padding el-9f76a7d3\"><div><\/div><\/div><\/div><\/div><div class=\"vce-col vce-col--md-auto vce-col--xs-1 vce-col--xs-last vce-col--xs-first vce-col--sm-last vce-col--sm-first\" id=\"el-f9be65c0\"><div class=\"vce-col-inner\" data-vce-do-apply=\"border margin background  el-f9be65c0\"><div class=\"vce-col-content\" data-vce-element-content=\"true\" data-vce-do-apply=\"padding el-f9be65c0\"><div class=\"vce-text-block h2petit\"><div class=\"vce-text-block-wrapper vce\" id=\"el-a029aa6d\" data-vce-do-apply=\"all el-a029aa6d\"><h2>Mecanitzats de precisi\u00f3 amb fresat CNC de 5 eixos<\/h2><\/div><\/div><\/div><\/div><\/div><div class=\"vce-col vce-col--md-auto vce-col--xs-1 vce-col--xs-last vce-col--xs-first vce-col--sm-last vce-col--sm-first\" id=\"el-01e5ecdf\"><div class=\"vce-col-inner\" data-vce-do-apply=\"border margin background  el-01e5ecdf\"><div class=\"vce-col-content\" data-vce-element-content=\"true\" data-vce-do-apply=\"padding el-01e5ecdf\"><div class=\"vce-text-block\"><div class=\"vce-text-block-wrapper vce\" id=\"el-bf67a71e\" data-vce-do-apply=\"all el-bf67a71e\"><p>Disposem de centres de fresat continu en 5 eixos d'\u00faltima generaci\u00f3, que ens permeten oferir acabats de precisi\u00f3 i peces d'alta complexitat t\u00e8cnica, tant en diferents materials pl\u00e0stics com en alumini.<\/p>\n<p>El nostre departament t\u00e8cnic estudiar\u00e0 els requisits de cada projecte, aportant solucions per a optimitzar el proc\u00e9s de fabricaci\u00f3 i minimitzar la minva de materials.<\/p>\n<p>Gr\u00e0cies a la nostra llarga experi\u00e8ncia podem validar la viabilitat de cada projecte durant el proc\u00e9s de desenvolupament previ en 3D, escur\u00e7ant-ne els temps de producci\u00f3.<\/p>\n<p>Sigui per a peces \u00faniques o per a s\u00e8ries, el servei de mecanitzat 3D CNC \u00e9s l'opci\u00f3 m\u00e9s avan\u00e7ada i flexible.<\/p><\/div><\/div><\/div><\/div><\/div><div class=\"vce-col vce-col--md-10p vce-col--xs-1 vce-col--xs-last vce-col--xs-first vce-col--sm-last vce-col--sm-first vce-col--md-last vce-col--lg-last vce-col--xl-last\" id=\"el-1f37545b\"><div class=\"vce-col-inner\" data-vce-do-apply=\"border margin background  el-1f37545b\"><div class=\"vce-col-content\" data-vce-element-content=\"true\" data-vce-do-apply=\"padding el-1f37545b\"><div><\/div><\/div><\/div><\/div><\/div><\/div><\/div><div class=\"vce-row-container\"><div class=\"vce-row vce-row--col-gap-30 vce-row-no-paddings vce-row-equal-height vce-row-content--top\" data-vce-full-width=\"true\" data-vce-stretch-content=\"true\" id=\"el-fc950ff7\" data-vce-do-apply=\"all el-fc950ff7\"><div class=\"vce-content-background-container\"><\/div><div class=\"vce-row-content\" data-vce-element-content=\"true\"><div class=\"vce-col vce-col--md-auto vce-col--xs-1 vce-col--xs-last vce-col--xs-first vce-col--sm-last vce-col--sm-first vce-col--md-last vce-col--lg-last vce-col--xl-last vce-col--md-first vce-col--lg-first vce-col--xl-first\" id=\"el-57ce2563\"><div class=\"vce-col-inner\" data-vce-do-apply=\"border margin background  el-57ce2563\"><div class=\"vce-col-content\" data-vce-element-content=\"true\" data-vce-do-apply=\"padding el-57ce2563\"><div class=\"vce-logo-slider vce carousel-servicios vce-logo-slider--has-arrows\" id=\"el-7086970e\" data-vce-do-apply=\"all el-7086970e\"><div class=\"vce-logo-slider-inner\"><div class=\"vce-logo-slider-list\" data-slick-autoplay=\"on\" data-slick-autoplay-delay=\"5000\" data-slick-arrows=\"on\" data-slick-infinite=\"on\" data-slick-slides-to-show=\"3 3 3 1 1\"><div class=\"vce-logo-slider-arrow vce-logo-slider-arrows-color--ba-255-255-255-0-5 vce-logo-slider-arrows-color-hover--b-255-255-255 vce-logo-slider-prev-arrow\"><svg width=\"16px\" height=\"25px\" viewBox=\"0 0 16 25\"><polygon id=\"Prev-Arrow\" points=\"12.3743687 5.68434189e-14 0 12.3743687 12.0208153 24.395184 14.1421356 22.2738636 4.31790889 12.4496369 14.5709572 2.19658855\"><\/polygon><\/svg><\/div><div class=\"slick-list\"><div class=\"slick-track\"><div class=\"vce-logo-slider-item vc-slick-item\"><div class=\"vce-logo-slider-item-inner\"><img decoding=\"async\" class=\"vce-logo-slider-img\" src=\"https:\/\/plasticostecnicos.cat\/wp\/wp-content\/uploads\/2023\/05\/Mecanizados-3D-CNC_R4_7976.jpg\" alt=\"M\u00e0quines CNC industrials\"><\/div><\/div><div class=\"vce-logo-slider-item vc-slick-item\"><div class=\"vce-logo-slider-item-inner\"><img decoding=\"async\" class=\"vce-logo-slider-img\" src=\"https:\/\/plasticostecnicos.cat\/wp\/wp-content\/uploads\/2023\/05\/Mecanizados-3D-CNC_R4_7969.jpg\" alt=\"Mecanitzat per control num\u00e8ric\"><\/div><\/div><div class=\"vce-logo-slider-item vc-slick-item\"><div class=\"vce-logo-slider-item-inner\"><img decoding=\"async\" class=\"vce-logo-slider-img\" src=\"https:\/\/plasticostecnicos.cat\/wp\/wp-content\/uploads\/2023\/05\/Mecanizados-3D-CNC_R4_7954.jpg\" alt=\"Centre de mecanitzat 5 eixos\"><\/div><\/div><div class=\"vce-logo-slider-item vc-slick-item\"><div class=\"vce-logo-slider-item-inner\"><img decoding=\"async\" class=\"vce-logo-slider-img\" src=\"https:\/\/plasticostecnicos.cat\/wp\/wp-content\/uploads\/2023\/05\/Mecanizados-3D-CNC_R4_7976-1.jpg\" alt=\"M\u00e0quines CNC industrials\"><\/div><\/div><div class=\"vce-logo-slider-item vc-slick-item\"><div class=\"vce-logo-slider-item-inner\"><img decoding=\"async\" class=\"vce-logo-slider-img\" src=\"https:\/\/plasticostecnicos.cat\/wp\/wp-content\/uploads\/2023\/05\/Mecanizados-3D-CNC_R4_7969-1.jpg\" alt=\"Mecanitzat per control num\u00e8ric\"><\/div><\/div><div class=\"vce-logo-slider-item vc-slick-item\"><div class=\"vce-logo-slider-item-inner\"><img decoding=\"async\" class=\"vce-logo-slider-img\" src=\"https:\/\/plasticostecnicos.cat\/wp\/wp-content\/uploads\/2023\/05\/Mecanizados-3D-CNC_R4_7954-1.jpg\" alt=\"Centre de mecanitzat 5 eixos\"><\/div><\/div><\/div><\/div><div class=\"vce-logo-slider-arrow vce-logo-slider-arrows-color--ba-255-255-255-0-5 vce-logo-slider-arrows-color-hover--b-255-255-255 vce-logo-slider-next-arrow\"><svg width=\"16px\" height=\"25px\" viewBox=\"0 0 16 25\"><polygon id=\"Next-Arrow\" points=\"3.02081528 24.395184 15.395184 12.0208153 3.37436867 1.13686838e-13 1.25304833 2.12132034 11.0772751 11.9455471 0.824226734 22.1985954\"><\/polygon><\/svg><\/div><\/div><\/div><\/div><\/div><\/div><\/div><\/div><\/div><\/div>","protected":false},"excerpt":{"rendered":"<p>Mecanitzats 3D CNCMecanitzats de precisi\u00f3 amb fresat CNC de 5 eixosDisposem de centres de fresat continu en 5 eixos d&#8217;\u00faltima generaci\u00f3, que ens permeten oferir acabats de precisi\u00f3 i peces d&#8217;alta complexitat t\u00e8cnica, tant en diferents materials pl\u00e0stics com en alumini. El nostre departament t\u00e8cnic estudiar\u00e0 els requisits de cada projecte, aportant solucions per a [&hellip;]<\/p>\n","protected":false},"author":1,"featured_media":0,"parent":963,"menu_order":0,"comment_status":"closed","ping_status":"closed","template":"","meta":{"footnotes":""},"class_list":["post-968","page","type-page","status-publish","hentry"],"yoast_head":"<!-- This site is optimized with the Yoast SEO plugin v26.7 - https:\/\/yoast.com\/wordpress\/plugins\/seo\/ -->\n<title>Mecanitzat 3d CNC, fresat i tornejat per control num\u00e8ric | Ba\u00f1olid<\/title>\n<meta name=\"description\" content=\"Mecanitzats de precisi\u00f3 amb fresat CNC de 5 eixos. Oferim acabats de precisi\u00f3 i peces d&#039;alta complexitat t\u00e8cnica en pl\u00e0stic i en alumini.\" \/>\n<meta name=\"robots\" content=\"index, follow, max-snippet:-1, max-image-preview:large, max-video-preview:-1\" \/>\n<link rel=\"canonical\" href=\"https:\/\/plasticostecnicos.cat\/ca\/serveis\/mecanitzats-3d-cnc\/\" \/>\n<meta property=\"og:locale\" content=\"ca_ES\" \/>\n<meta property=\"og:type\" content=\"article\" \/>\n<meta property=\"og:title\" content=\"Mecanitzat 3d CNC, fresat i tornejat per control num\u00e8ric | Ba\u00f1olid\" \/>\n<meta property=\"og:description\" content=\"Mecanitzats de precisi\u00f3 amb fresat CNC de 5 eixos. Oferim acabats de precisi\u00f3 i peces d&#039;alta complexitat t\u00e8cnica en pl\u00e0stic i en alumini.\" \/>\n<meta property=\"og:url\" content=\"https:\/\/plasticostecnicos.cat\/ca\/serveis\/mecanitzats-3d-cnc\/\" \/>\n<meta property=\"og:site_name\" content=\"Ba\u00f1olid\" \/>\n<meta property=\"article:modified_time\" content=\"2023-07-20T09:49:34+00:00\" \/>\n<meta name=\"twitter:card\" content=\"summary_large_image\" \/>\n<meta name=\"twitter:label1\" content=\"Temps estimat de lectura\" \/>\n\t<meta name=\"twitter:data1\" content=\"2 minuts\" \/>\n<script type=\"application\/ld+json\" class=\"yoast-schema-graph\">{\"@context\":\"https:\/\/schema.org\",\"@graph\":[{\"@type\":\"WebPage\",\"@id\":\"https:\/\/plasticostecnicos.cat\/ca\/serveis\/mecanitzats-3d-cnc\/\",\"url\":\"https:\/\/plasticostecnicos.cat\/ca\/serveis\/mecanitzats-3d-cnc\/\",\"name\":\"Mecanitzat 3d CNC, fresat i tornejat per control num\u00e8ric | Ba\u00f1olid\",\"isPartOf\":{\"@id\":\"https:\/\/plasticostecnicos.cat\/ca\/#website\"},\"datePublished\":\"2023-03-10T08:42:40+00:00\",\"dateModified\":\"2023-07-20T09:49:34+00:00\",\"description\":\"Mecanitzats de precisi\u00f3 amb fresat CNC de 5 eixos. Oferim acabats de precisi\u00f3 i peces d'alta complexitat t\u00e8cnica en pl\u00e0stic i en alumini.\",\"breadcrumb\":{\"@id\":\"https:\/\/plasticostecnicos.cat\/ca\/serveis\/mecanitzats-3d-cnc\/#breadcrumb\"},\"inLanguage\":\"ca\",\"potentialAction\":[{\"@type\":\"ReadAction\",\"target\":[\"https:\/\/plasticostecnicos.cat\/ca\/serveis\/mecanitzats-3d-cnc\/\"]}]},{\"@type\":\"BreadcrumbList\",\"@id\":\"https:\/\/plasticostecnicos.cat\/ca\/serveis\/mecanitzats-3d-cnc\/#breadcrumb\",\"itemListElement\":[{\"@type\":\"ListItem\",\"position\":1,\"name\":\"Portada\",\"item\":\"https:\/\/plasticostecnicos.cat\/ca\/\"},{\"@type\":\"ListItem\",\"position\":2,\"name\":\"Serveis\",\"item\":\"https:\/\/plasticostecnicos.cat\/ca\/serveis\/\"},{\"@type\":\"ListItem\",\"position\":3,\"name\":\"Mecanitzats 3D CNC\"}]},{\"@type\":\"WebSite\",\"@id\":\"https:\/\/plasticostecnicos.cat\/ca\/#website\",\"url\":\"https:\/\/plasticostecnicos.cat\/ca\/\",\"name\":\"Ba\u00f1olid\",\"description\":\"Pl\u00e1sticos T\u00e9cnicos\",\"publisher\":{\"@id\":\"https:\/\/plasticostecnicos.cat\/ca\/#organization\"},\"potentialAction\":[{\"@type\":\"SearchAction\",\"target\":{\"@type\":\"EntryPoint\",\"urlTemplate\":\"https:\/\/plasticostecnicos.cat\/ca\/?s={search_term_string}\"},\"query-input\":{\"@type\":\"PropertyValueSpecification\",\"valueRequired\":true,\"valueName\":\"search_term_string\"}}],\"inLanguage\":\"ca\"},{\"@type\":\"Organization\",\"@id\":\"https:\/\/plasticostecnicos.cat\/ca\/#organization\",\"name\":\"Ba\u00f1olid\",\"url\":\"https:\/\/plasticostecnicos.cat\/ca\/\",\"logo\":{\"@type\":\"ImageObject\",\"inLanguage\":\"ca\",\"@id\":\"https:\/\/plasticostecnicos.cat\/ca\/#\/schema\/logo\/image\/\",\"url\":\"https:\/\/plasticostecnicos.cat\/wp\/wp-content\/uploads\/2023\/03\/banolid-logo.png\",\"contentUrl\":\"https:\/\/plasticostecnicos.cat\/wp\/wp-content\/uploads\/2023\/03\/banolid-logo.png\",\"width\":520,\"height\":128,\"caption\":\"Ba\u00f1olid\"},\"image\":{\"@id\":\"https:\/\/plasticostecnicos.cat\/ca\/#\/schema\/logo\/image\/\"}}]}<\/script>\n<!-- \/ Yoast SEO plugin. -->","yoast_head_json":{"title":"Mecanitzat 3d CNC, fresat i tornejat per control num\u00e8ric | Ba\u00f1olid","description":"Mecanitzats de precisi\u00f3 amb fresat CNC de 5 eixos. Oferim acabats de precisi\u00f3 i peces d'alta complexitat t\u00e8cnica en pl\u00e0stic i en alumini.","robots":{"index":"index","follow":"follow","max-snippet":"max-snippet:-1","max-image-preview":"max-image-preview:large","max-video-preview":"max-video-preview:-1"},"canonical":"https:\/\/plasticostecnicos.cat\/ca\/serveis\/mecanitzats-3d-cnc\/","og_locale":"ca_ES","og_type":"article","og_title":"Mecanitzat 3d CNC, fresat i tornejat per control num\u00e8ric | Ba\u00f1olid","og_description":"Mecanitzats de precisi\u00f3 amb fresat CNC de 5 eixos. Oferim acabats de precisi\u00f3 i peces d'alta complexitat t\u00e8cnica en pl\u00e0stic i en alumini.","og_url":"https:\/\/plasticostecnicos.cat\/ca\/serveis\/mecanitzats-3d-cnc\/","og_site_name":"Ba\u00f1olid","article_modified_time":"2023-07-20T09:49:34+00:00","twitter_card":"summary_large_image","twitter_misc":{"Temps estimat de lectura":"2 minuts"},"schema":{"@context":"https:\/\/schema.org","@graph":[{"@type":"WebPage","@id":"https:\/\/plasticostecnicos.cat\/ca\/serveis\/mecanitzats-3d-cnc\/","url":"https:\/\/plasticostecnicos.cat\/ca\/serveis\/mecanitzats-3d-cnc\/","name":"Mecanitzat 3d CNC, fresat i tornejat per control num\u00e8ric | Ba\u00f1olid","isPartOf":{"@id":"https:\/\/plasticostecnicos.cat\/ca\/#website"},"datePublished":"2023-03-10T08:42:40+00:00","dateModified":"2023-07-20T09:49:34+00:00","description":"Mecanitzats de precisi\u00f3 amb fresat CNC de 5 eixos. Oferim acabats de precisi\u00f3 i peces d'alta complexitat t\u00e8cnica en pl\u00e0stic i en alumini.","breadcrumb":{"@id":"https:\/\/plasticostecnicos.cat\/ca\/serveis\/mecanitzats-3d-cnc\/#breadcrumb"},"inLanguage":"ca","potentialAction":[{"@type":"ReadAction","target":["https:\/\/plasticostecnicos.cat\/ca\/serveis\/mecanitzats-3d-cnc\/"]}]},{"@type":"BreadcrumbList","@id":"https:\/\/plasticostecnicos.cat\/ca\/serveis\/mecanitzats-3d-cnc\/#breadcrumb","itemListElement":[{"@type":"ListItem","position":1,"name":"Portada","item":"https:\/\/plasticostecnicos.cat\/ca\/"},{"@type":"ListItem","position":2,"name":"Serveis","item":"https:\/\/plasticostecnicos.cat\/ca\/serveis\/"},{"@type":"ListItem","position":3,"name":"Mecanitzats 3D CNC"}]},{"@type":"WebSite","@id":"https:\/\/plasticostecnicos.cat\/ca\/#website","url":"https:\/\/plasticostecnicos.cat\/ca\/","name":"Ba\u00f1olid","description":"Pl\u00e1sticos T\u00e9cnicos","publisher":{"@id":"https:\/\/plasticostecnicos.cat\/ca\/#organization"},"potentialAction":[{"@type":"SearchAction","target":{"@type":"EntryPoint","urlTemplate":"https:\/\/plasticostecnicos.cat\/ca\/?s={search_term_string}"},"query-input":{"@type":"PropertyValueSpecification","valueRequired":true,"valueName":"search_term_string"}}],"inLanguage":"ca"},{"@type":"Organization","@id":"https:\/\/plasticostecnicos.cat\/ca\/#organization","name":"Ba\u00f1olid","url":"https:\/\/plasticostecnicos.cat\/ca\/","logo":{"@type":"ImageObject","inLanguage":"ca","@id":"https:\/\/plasticostecnicos.cat\/ca\/#\/schema\/logo\/image\/","url":"https:\/\/plasticostecnicos.cat\/wp\/wp-content\/uploads\/2023\/03\/banolid-logo.png","contentUrl":"https:\/\/plasticostecnicos.cat\/wp\/wp-content\/uploads\/2023\/03\/banolid-logo.png","width":520,"height":128,"caption":"Ba\u00f1olid"},"image":{"@id":"https:\/\/plasticostecnicos.cat\/ca\/#\/schema\/logo\/image\/"}}]}},"_links":{"self":[{"href":"https:\/\/plasticostecnicos.cat\/ca\/wp-json\/wp\/v2\/pages\/968","targetHints":{"allow":["GET"]}}],"collection":[{"href":"https:\/\/plasticostecnicos.cat\/ca\/wp-json\/wp\/v2\/pages"}],"about":[{"href":"https:\/\/plasticostecnicos.cat\/ca\/wp-json\/wp\/v2\/types\/page"}],"author":[{"embeddable":true,"href":"https:\/\/plasticostecnicos.cat\/ca\/wp-json\/wp\/v2\/users\/1"}],"replies":[{"embeddable":true,"href":"https:\/\/plasticostecnicos.cat\/ca\/wp-json\/wp\/v2\/comments?post=968"}],"version-history":[{"count":3,"href":"https:\/\/plasticostecnicos.cat\/ca\/wp-json\/wp\/v2\/pages\/968\/revisions"}],"predecessor-version":[{"id":1043,"href":"https:\/\/plasticostecnicos.cat\/ca\/wp-json\/wp\/v2\/pages\/968\/revisions\/1043"}],"up":[{"embeddable":true,"href":"https:\/\/plasticostecnicos.cat\/ca\/wp-json\/wp\/v2\/pages\/963"}],"wp:attachment":[{"href":"https:\/\/plasticostecnicos.cat\/ca\/wp-json\/wp\/v2\/media?parent=968"}],"curies":[{"name":"wp","href":"https:\/\/api.w.org\/{rel}","templated":true}]}}