{"id":935,"date":"2023-03-15T15:51:21","date_gmt":"2023-03-15T14:51:21","guid":{"rendered":"https:\/\/plasticostecnicos.cat\/wp\/materials\/pvc-espumado\/"},"modified":"2023-07-19T10:22:22","modified_gmt":"2023-07-19T08:22:22","slug":"pvc-escumat","status":"publish","type":"page","link":"https:\/\/plasticostecnicos.cat\/ca\/materials\/pvc-escumat\/","title":{"rendered":"PVC escumat"},"content":{"rendered":"<div class=\"vce-row-container\" data-vce-boxed-width=\"true\"><div class=\"vce-row vce-row--has-col-background vce-row--col-gap-30 vce-row-equal-height vce-row-content--top\" id=\"el-e7f9b5c1\" data-vce-do-apply=\"all el-e7f9b5c1\"><div class=\"vce-content-background-container\"><\/div><div class=\"vce-row-content\" data-vce-element-content=\"true\"><div class=\"vce-col vce-col--md-33-33p vce-col--xs-1 vce-col--xs-last vce-col--xs-first vce-col--sm-last vce-col--sm-first vce-col--md-first vce-col--lg-first vce-col--xl-first\" id=\"el-4819d22d\"><div class=\"vce-col-inner\" data-vce-do-apply=\"border margin background  el-4819d22d\"><div class=\"vce-content-background-container\"><\/div><div class=\"vce-col-content\" data-vce-element-content=\"true\" data-vce-do-apply=\"padding el-4819d22d\"><div class=\"vce-sidebar-menu\" id=\"el-081fa93c\" style=\"--alignment: left; --color: rgb(0, 52, 132); --secondColor: rgb(0, 52, 132); --hoverColor: rgb(0, 0, 0); --secondHoverColor: rgb(0, 0, 0);\"><div class=\"vce-sidebar-menu-inner vce\" data-vce-do-apply=\"margin padding border background  el-081fa93c\" style=\"font-size: 25px;\"><nav class=\"menu-materiales-container\"><ul  class=\"\"><li class=\"menu-item menu-item-type-post_type menu-item-object-page menu-item-118\"><a href=\"https:\/\/plasticostecnicos.cat\/materiales\/aluminio\/\">Alumini<\/a><\/li>\n<li class=\"menu-item menu-item-type-post_type menu-item-object-page menu-item-137\"><a href=\"https:\/\/plasticostecnicos.cat\/materiales\/arnite-durester-y-pet\/\">Arnite, durester i PET<\/a><\/li>\n<li class=\"menu-item menu-item-type-post_type menu-item-object-page menu-item-290\"><a href=\"https:\/\/plasticostecnicos.cat\/materiales\/baquelita\/\">Baquelita<\/a><\/li>\n<li class=\"menu-item menu-item-type-post_type menu-item-object-page menu-item-291\"><a href=\"https:\/\/plasticostecnicos.cat\/materiales\/celotex\/\">Celotex<\/a><\/li>\n<li class=\"menu-item menu-item-type-post_type menu-item-object-page menu-item-292\"><a href=\"https:\/\/plasticostecnicos.cat\/materiales\/delrin\/\">Delrin<\/a><\/li>\n<li class=\"menu-item menu-item-type-post_type menu-item-object-page menu-item-293\"><a href=\"https:\/\/plasticostecnicos.cat\/materiales\/dibond\/\">Dibond<\/a><\/li>\n<li class=\"menu-item menu-item-type-post_type menu-item-object-page menu-item-294\"><a href=\"https:\/\/plasticostecnicos.cat\/materiales\/fibra-de-vidrio-g10-y-g11\/\">Fibra de vidre \u2013 G10 i G11<\/a><\/li>\n<li class=\"menu-item menu-item-type-post_type menu-item-object-page menu-item-295\"><a href=\"https:\/\/plasticostecnicos.cat\/materiales\/metacrilato-pmma\/\">Metacrilat (PMMA)<\/a><\/li>\n<li class=\"menu-item menu-item-type-post_type menu-item-object-page menu-item-296\"><a href=\"https:\/\/plasticostecnicos.cat\/materiales\/peek\/\">PEEK<\/a><\/li>\n<li class=\"menu-item menu-item-type-post_type menu-item-object-page menu-item-297\"><a href=\"https:\/\/plasticostecnicos.cat\/materiales\/petg\/\">PETG<\/a><\/li>\n<li class=\"menu-item menu-item-type-post_type menu-item-object-page menu-item-298\"><a href=\"https:\/\/plasticostecnicos.cat\/materiales\/poliamida\/\">Poliamida<\/a><\/li>\n<li class=\"menu-item menu-item-type-post_type menu-item-object-page menu-item-299\"><a href=\"https:\/\/plasticostecnicos.cat\/materiales\/poliamida-negra\/\">Poliamida negra<\/a><\/li>\n<li class=\"menu-item menu-item-type-post_type menu-item-object-page menu-item-300\"><a href=\"https:\/\/plasticostecnicos.cat\/materiales\/policarbonato\/\">Policarbonat<\/a><\/li>\n<li class=\"menu-item menu-item-type-post_type menu-item-object-page menu-item-301\"><a href=\"https:\/\/plasticostecnicos.cat\/materiales\/policarbonato-celular\/\">Policarbonat cel\u00b7lular<\/a><\/li>\n<li class=\"menu-item menu-item-type-post_type menu-item-object-page menu-item-302\"><a href=\"https:\/\/plasticostecnicos.cat\/materiales\/polietileno-1000\/\">Polietil\u00e8 1000<\/a><\/li>\n<li class=\"menu-item menu-item-type-post_type menu-item-object-page menu-item-303\"><a href=\"https:\/\/plasticostecnicos.cat\/materiales\/polietileno-500\/\">Polietil\u00e8 500<\/a><\/li>\n<li class=\"menu-item menu-item-type-post_type menu-item-object-page menu-item-304\"><a href=\"https:\/\/plasticostecnicos.cat\/materiales\/polietileno-antiestatico\/\">Polietil\u00e8 antiest\u00e0tic<\/a><\/li>\n<li class=\"menu-item menu-item-type-post_type menu-item-object-page menu-item-305\"><a href=\"https:\/\/plasticostecnicos.cat\/materiales\/polipropileno\/\">Polipropil\u00e8<\/a><\/li>\n<li class=\"menu-item menu-item-type-post_type menu-item-object-page menu-item-306\"><a href=\"https:\/\/plasticostecnicos.cat\/materiales\/pvc\/\">PVC<\/a><\/li>\n<li class=\"menu-item menu-item-type-post_type menu-item-object-page menu-item-307\"><a href=\"https:\/\/plasticostecnicos.cat\/materiales\/pvc-espumado\/\">PVC escumat<\/a><\/li>\n<li class=\"menu-item menu-item-type-post_type menu-item-object-page menu-item-308\"><a href=\"https:\/\/plasticostecnicos.cat\/materiales\/resina-fenolica\/\">Resina fen\u00f2lica<\/a><\/li>\n<li class=\"menu-item menu-item-type-post_type menu-item-object-page menu-item-309\"><a href=\"https:\/\/plasticostecnicos.cat\/materiales\/teflon\/\">Tefl\u00f3<\/a><\/li>\n<\/ul><\/nav><\/div><\/div><\/div><\/div><\/div><div class=\"vce-col vce-element--has-background vce-col--md-auto vce-col--xs-1 vce-col--xs-last vce-col--xs-first vce-col--sm-last vce-col--sm-first vce-col--md-last vce-col--lg-last vce-col--xl-last\" id=\"el-1a17e287\"><div class=\"vce-col-inner\" data-vce-do-apply=\"border margin background  el-1a17e287\"><div class=\"vce-content-background-container\"><\/div><div class=\"vce-col-content\" data-vce-element-content=\"true\" data-vce-do-apply=\"padding el-1a17e287\"><div class=\"vce-row-container\" data-vce-boxed-width=\"true\"><div class=\"vce-row vce-row--col-gap-30 vce-row-equal-height vce-row-content--top\" id=\"el-19174ada\" data-vce-do-apply=\"all el-19174ada\"><div class=\"vce-content-background-container\"><\/div><div class=\"vce-row-content\" data-vce-element-content=\"true\"><div class=\"vce-col vce-col--md-auto vce-col--xs-1 vce-col--xs-last vce-col--xs-first vce-col--sm-last vce-col--sm-first vce-col--md-last vce-col--lg-last vce-col--xl-last vce-col--md-first vce-col--lg-first vce-col--xl-first\" id=\"el-c0d5ad22\"><div class=\"vce-col-inner\" data-vce-do-apply=\"border margin background  el-c0d5ad22\"><div class=\"vce-col-content\" data-vce-element-content=\"true\" data-vce-do-apply=\"padding el-c0d5ad22\"><div class=\"vce-text-block h1petit\"><div class=\"vce-text-block-wrapper vce\" id=\"el-8db9c872\" data-vce-do-apply=\"all el-8db9c872\"><h1>PVC escumat<\/h1><\/div><\/div><div class=\"vce-text-block h2mini\"><div class=\"vce-text-block-wrapper vce\" id=\"el-6d358877\" data-vce-do-apply=\"all el-6d358877\"><p>Placa extrusionada r\u00edgida a base de PVC expandit, que es caracteritza pel seu pes lleuger, resist\u00e8ncia a l'impacte, etc. Es fabrica sota uns estrictes controls mediambientals i de qualitat. La seva especial estructura cel\u00b7lular evita l'absorci\u00f3 d'humitat, destacant per ser un material altament a\u00efllant. L'acabat llis de la seva superf\u00edcie el converteix en el producte ideal per al sector de la retolaci\u00f3 i la publicitat, ja que es pot pintar, serigrafiar, etc.<\/p>\r\n<h2>Propietats<\/h2>\r\n<ul>\r\n<li>Baix pes<\/li>\r\n<li>Baixa absorci\u00f3 d'aigua<\/li>\r\n<li>Resistent a l'impacte<\/li>\r\n<li>Gran facilitat de transformaci\u00f3<\/li>\r\n<li>Elevada resist\u00e8ncia als agents qu\u00edmics<\/li>\r\n<li>Resist\u00e8ncia a la intemp\u00e8rie<\/li>\r\n<li>Bon comportament al foc M1<\/li>\r\n<li>A\u00efllant t\u00e8rmic<\/li>\r\n<\/ul>\r\n<h2>Aplicacions<\/h2>\r\n<ul>\r\n<li>Publicitat<\/li>\r\n<li>Impressi\u00f3 digital UV<\/li>\r\n<li>Interiorisme<\/li>\r\n<li>Ind\u00fastria<\/li>\r\n<li>Fotografia<\/li>\r\n<li>Comunicaci\u00f3 visual<\/li>\r\n<li>Serigrafia<\/li>\r\n<li>Revestiments<\/li>\r\n<li>Mampares<\/li>\r\n<li>Estands<\/li>\r\n<li>Espais ef\u00edmers<\/li>\r\n<li>Museus<\/li>\r\n<li>Escenografies<\/li>\r\n<li>Exposicions itinerants<\/li>\r\n<li>Falsos sostres<\/li>\r\n<li>Registres de persianes<\/li>\r\n<\/ul><\/div><\/div><\/div><\/div><\/div><\/div><\/div><\/div><div class=\"vce-row-container\" data-vce-boxed-width=\"true\"><div class=\"vce-row vce-row--col-gap-30 vce-row-equal-height vce-row-content--top\" id=\"el-3287fa7e\" data-vce-do-apply=\"all el-3287fa7e\"><div class=\"vce-content-background-container\"><\/div><div class=\"vce-row-content\" data-vce-element-content=\"true\"><div class=\"vce-col vce-col--md-auto vce-col--xs-1 vce-col--xs-last vce-col--xs-first vce-col--sm-last vce-col--sm-first vce-col--md-first vce-col--lg-first vce-col--xl-first\" id=\"el-5ef12c9b\"><div class=\"vce-col-inner\" data-vce-do-apply=\"border margin background  el-5ef12c9b\"><div class=\"vce-col-content\" data-vce-element-content=\"true\" data-vce-do-apply=\"padding el-5ef12c9b\"><div class=\"vce-text-block ficha-tecnica\"><div class=\"vce-text-block-wrapper vce\" id=\"el-8ef38280\" data-vce-do-apply=\"all el-8ef38280\"><h3><span style=\"color: #003484;\"><img loading=\"lazy\" decoding=\"async\" class=\"size-full wp-image-120 alignnone\" src=\"https:\/\/plasticostecnicos.cat\/wp\/wp-content\/uploads\/2023\/03\/ficha-tecnica.png\" alt=\"Ficha T\u00e9cnica\" width=\"40\" height=\"42\"><\/span><span style=\"color: #003484;\">Fitxa t\u00e8cnica<\/span><\/h3><\/div><\/div><div class=\"vce-text-block ficha-tecnica\"><div class=\"vce-text-block-wrapper vce\" id=\"el-0c16462a\" data-vce-do-apply=\"all el-0c16462a\"><p><a href=\"https:\/\/plasticostecnicos.cat\/wp\/wp-content\/uploads\/2023\/07\/Ficha-tecnica-PVC-espumado-FoamaLite-3.pdf\" target=\"_blank\" rel=\"noopener\">Fitxa t\u00e8cnica PVC escumat FoamaLite<\/a><\/p><\/div><\/div><\/div><\/div><\/div><div class=\"vce-col vce-col--md-auto vce-col--xs-1 vce-col--xs-last vce-col--xs-first vce-col--sm-last vce-col--sm-first vce-col--md-last vce-col--lg-last vce-col--xl-last\" id=\"el-00f32d87\"><div class=\"vce-col-inner\" data-vce-do-apply=\"border margin background  el-00f32d87\"><div class=\"vce-col-content\" data-vce-element-content=\"true\" data-vce-do-apply=\"padding el-00f32d87\"><div><\/div><\/div><\/div><\/div><\/div><\/div><\/div><div class=\"vce-logo-slider vce slider-materiales vce-logo-slider--has-arrows\" id=\"el-1f1ad1a3\" data-vce-do-apply=\"all el-1f1ad1a3\"><div class=\"vce-logo-slider-inner\"><div class=\"vce-logo-slider-list\" data-slick-autoplay=\"on\" data-slick-autoplay-delay=\"5000\" data-slick-arrows=\"on\" data-slick-infinite=\"on\" data-slick-slides-to-show=\"2\"><div class=\"vce-logo-slider-arrow vce-logo-slider-arrows-color--ba-255-255-255-0-5 vce-logo-slider-arrows-color-hover--b-255-255-255 vce-logo-slider-prev-arrow\"><svg width=\"16px\" height=\"25px\" viewBox=\"0 0 16 25\"><polygon id=\"Prev-Arrow\" points=\"12.3743687 5.68434189e-14 0 12.3743687 12.0208153 24.395184 14.1421356 22.2738636 4.31790889 12.4496369 14.5709572 2.19658855\"><\/polygon><\/svg><\/div><div class=\"slick-list\"><div class=\"slick-track\"><div class=\"vce-logo-slider-item vc-slick-item\"><a href=\"https:\/\/plasticostecnicos.cat\/wp\/wp-content\/uploads\/2023\/03\/PVC-E_1g.jpg\" title=\"\" class=\"vce-logo-slider-item-inner\"><img decoding=\"async\" class=\"vce-logo-slider-img\" src=\"https:\/\/plasticostecnicos.cat\/wp\/wp-content\/uploads\/2023\/03\/PVC-E_1g.jpg\" alt=\"\"><\/a><\/div><div class=\"vce-logo-slider-item vc-slick-item\"><a href=\"https:\/\/plasticostecnicos.cat\/wp\/wp-content\/uploads\/2023\/03\/PVC-E_2g.jpg\" title=\"\" class=\"vce-logo-slider-item-inner\"><img decoding=\"async\" class=\"vce-logo-slider-img\" src=\"https:\/\/plasticostecnicos.cat\/wp\/wp-content\/uploads\/2023\/03\/PVC-E_2g.jpg\" alt=\"\"><\/a><\/div><\/div><\/div><div class=\"vce-logo-slider-arrow vce-logo-slider-arrows-color--ba-255-255-255-0-5 vce-logo-slider-arrows-color-hover--b-255-255-255 vce-logo-slider-next-arrow\"><svg width=\"16px\" height=\"25px\" viewBox=\"0 0 16 25\"><polygon id=\"Next-Arrow\" points=\"3.02081528 24.395184 15.395184 12.0208153 3.37436867 1.13686838e-13 1.25304833 2.12132034 11.0772751 11.9455471 0.824226734 22.1985954\"><\/polygon><\/svg><\/div><\/div><\/div><\/div><\/div><\/div><\/div><\/div><\/div><\/div>","protected":false},"excerpt":{"rendered":"<p>PVC escumatPlaca extrusionada r\u00edgida a base de PVC expandit, que es caracteritza pel seu pes lleuger, resist\u00e8ncia a l&#8217;impacte, etc. Es fabrica sota uns estrictes controls mediambientals i de qualitat. La seva especial estructura cel\u00b7lular evita l&#8217;absorci\u00f3 d&#8217;humitat, destacant per ser un material altament a\u00efllant. L&#8217;acabat llis de la seva superf\u00edcie el converteix en el [&hellip;]<\/p>\n","protected":false},"author":1,"featured_media":0,"parent":883,"menu_order":0,"comment_status":"closed","ping_status":"closed","template":"","meta":{"footnotes":""},"class_list":["post-935","page","type-page","status-publish","hentry"],"yoast_head":"<!-- This site is optimized with the Yoast SEO plugin v26.7 - https:\/\/yoast.com\/wordpress\/plugins\/seo\/ -->\n<title>Mecanitzat i manipulat PVC escumat | Ba\u00f1olid<\/title>\n<meta name=\"description\" content=\"Ba\u00f1olid, especialitzats en el mecanitzat i el manipulat de PVC escumat per a tota mena d&#039;aplicacions com estands, mampares, o sostres falsos.\" \/>\n<meta name=\"robots\" content=\"index, follow, max-snippet:-1, max-image-preview:large, max-video-preview:-1\" \/>\n<link rel=\"canonical\" href=\"https:\/\/plasticostecnicos.cat\/ca\/materials\/pvc-escumat\/\" \/>\n<meta property=\"og:locale\" content=\"ca_ES\" \/>\n<meta property=\"og:type\" content=\"article\" \/>\n<meta property=\"og:title\" content=\"Mecanitzat i manipulat PVC escumat | Ba\u00f1olid\" \/>\n<meta property=\"og:description\" content=\"Ba\u00f1olid, especialitzats en el mecanitzat i el manipulat de PVC escumat per a tota mena d&#039;aplicacions com estands, mampares, o sostres falsos.\" \/>\n<meta property=\"og:url\" content=\"https:\/\/plasticostecnicos.cat\/ca\/materials\/pvc-escumat\/\" \/>\n<meta property=\"og:site_name\" content=\"Ba\u00f1olid\" \/>\n<meta property=\"article:modified_time\" content=\"2023-07-19T08:22:22+00:00\" \/>\n<meta name=\"twitter:card\" content=\"summary_large_image\" \/>\n<meta name=\"twitter:label1\" content=\"Temps estimat de lectura\" \/>\n\t<meta name=\"twitter:data1\" content=\"2 minuts\" \/>\n<script type=\"application\/ld+json\" class=\"yoast-schema-graph\">{\"@context\":\"https:\/\/schema.org\",\"@graph\":[{\"@type\":\"WebPage\",\"@id\":\"https:\/\/plasticostecnicos.cat\/ca\/materials\/pvc-escumat\/\",\"url\":\"https:\/\/plasticostecnicos.cat\/ca\/materials\/pvc-escumat\/\",\"name\":\"Mecanitzat i manipulat PVC escumat | Ba\u00f1olid\",\"isPartOf\":{\"@id\":\"https:\/\/plasticostecnicos.cat\/ca\/#website\"},\"datePublished\":\"2023-03-15T14:51:21+00:00\",\"dateModified\":\"2023-07-19T08:22:22+00:00\",\"description\":\"Ba\u00f1olid, especialitzats en el mecanitzat i el manipulat de PVC escumat per a tota mena d'aplicacions com estands, mampares, o sostres falsos.\",\"breadcrumb\":{\"@id\":\"https:\/\/plasticostecnicos.cat\/ca\/materials\/pvc-escumat\/#breadcrumb\"},\"inLanguage\":\"ca\",\"potentialAction\":[{\"@type\":\"ReadAction\",\"target\":[\"https:\/\/plasticostecnicos.cat\/ca\/materials\/pvc-escumat\/\"]}]},{\"@type\":\"BreadcrumbList\",\"@id\":\"https:\/\/plasticostecnicos.cat\/ca\/materials\/pvc-escumat\/#breadcrumb\",\"itemListElement\":[{\"@type\":\"ListItem\",\"position\":1,\"name\":\"Portada\",\"item\":\"https:\/\/plasticostecnicos.cat\/ca\/\"},{\"@type\":\"ListItem\",\"position\":2,\"name\":\"Materials\",\"item\":\"https:\/\/plasticostecnicos.cat\/ca\/materials\/\"},{\"@type\":\"ListItem\",\"position\":3,\"name\":\"PVC escumat\"}]},{\"@type\":\"WebSite\",\"@id\":\"https:\/\/plasticostecnicos.cat\/ca\/#website\",\"url\":\"https:\/\/plasticostecnicos.cat\/ca\/\",\"name\":\"Ba\u00f1olid\",\"description\":\"Pl\u00e1sticos T\u00e9cnicos\",\"publisher\":{\"@id\":\"https:\/\/plasticostecnicos.cat\/ca\/#organization\"},\"potentialAction\":[{\"@type\":\"SearchAction\",\"target\":{\"@type\":\"EntryPoint\",\"urlTemplate\":\"https:\/\/plasticostecnicos.cat\/ca\/?s={search_term_string}\"},\"query-input\":{\"@type\":\"PropertyValueSpecification\",\"valueRequired\":true,\"valueName\":\"search_term_string\"}}],\"inLanguage\":\"ca\"},{\"@type\":\"Organization\",\"@id\":\"https:\/\/plasticostecnicos.cat\/ca\/#organization\",\"name\":\"Ba\u00f1olid\",\"url\":\"https:\/\/plasticostecnicos.cat\/ca\/\",\"logo\":{\"@type\":\"ImageObject\",\"inLanguage\":\"ca\",\"@id\":\"https:\/\/plasticostecnicos.cat\/ca\/#\/schema\/logo\/image\/\",\"url\":\"https:\/\/plasticostecnicos.cat\/wp\/wp-content\/uploads\/2023\/03\/banolid-logo.png\",\"contentUrl\":\"https:\/\/plasticostecnicos.cat\/wp\/wp-content\/uploads\/2023\/03\/banolid-logo.png\",\"width\":520,\"height\":128,\"caption\":\"Ba\u00f1olid\"},\"image\":{\"@id\":\"https:\/\/plasticostecnicos.cat\/ca\/#\/schema\/logo\/image\/\"}}]}<\/script>\n<!-- \/ Yoast SEO plugin. -->","yoast_head_json":{"title":"Mecanitzat i manipulat PVC escumat | Ba\u00f1olid","description":"Ba\u00f1olid, especialitzats en el mecanitzat i el manipulat de PVC escumat per a tota mena d'aplicacions com estands, mampares, o sostres falsos.","robots":{"index":"index","follow":"follow","max-snippet":"max-snippet:-1","max-image-preview":"max-image-preview:large","max-video-preview":"max-video-preview:-1"},"canonical":"https:\/\/plasticostecnicos.cat\/ca\/materials\/pvc-escumat\/","og_locale":"ca_ES","og_type":"article","og_title":"Mecanitzat i manipulat PVC escumat | Ba\u00f1olid","og_description":"Ba\u00f1olid, especialitzats en el mecanitzat i el manipulat de PVC escumat per a tota mena d'aplicacions com estands, mampares, o sostres falsos.","og_url":"https:\/\/plasticostecnicos.cat\/ca\/materials\/pvc-escumat\/","og_site_name":"Ba\u00f1olid","article_modified_time":"2023-07-19T08:22:22+00:00","twitter_card":"summary_large_image","twitter_misc":{"Temps estimat de lectura":"2 minuts"},"schema":{"@context":"https:\/\/schema.org","@graph":[{"@type":"WebPage","@id":"https:\/\/plasticostecnicos.cat\/ca\/materials\/pvc-escumat\/","url":"https:\/\/plasticostecnicos.cat\/ca\/materials\/pvc-escumat\/","name":"Mecanitzat i manipulat PVC escumat | Ba\u00f1olid","isPartOf":{"@id":"https:\/\/plasticostecnicos.cat\/ca\/#website"},"datePublished":"2023-03-15T14:51:21+00:00","dateModified":"2023-07-19T08:22:22+00:00","description":"Ba\u00f1olid, especialitzats en el mecanitzat i el manipulat de PVC escumat per a tota mena d'aplicacions com estands, mampares, o sostres falsos.","breadcrumb":{"@id":"https:\/\/plasticostecnicos.cat\/ca\/materials\/pvc-escumat\/#breadcrumb"},"inLanguage":"ca","potentialAction":[{"@type":"ReadAction","target":["https:\/\/plasticostecnicos.cat\/ca\/materials\/pvc-escumat\/"]}]},{"@type":"BreadcrumbList","@id":"https:\/\/plasticostecnicos.cat\/ca\/materials\/pvc-escumat\/#breadcrumb","itemListElement":[{"@type":"ListItem","position":1,"name":"Portada","item":"https:\/\/plasticostecnicos.cat\/ca\/"},{"@type":"ListItem","position":2,"name":"Materials","item":"https:\/\/plasticostecnicos.cat\/ca\/materials\/"},{"@type":"ListItem","position":3,"name":"PVC escumat"}]},{"@type":"WebSite","@id":"https:\/\/plasticostecnicos.cat\/ca\/#website","url":"https:\/\/plasticostecnicos.cat\/ca\/","name":"Ba\u00f1olid","description":"Pl\u00e1sticos T\u00e9cnicos","publisher":{"@id":"https:\/\/plasticostecnicos.cat\/ca\/#organization"},"potentialAction":[{"@type":"SearchAction","target":{"@type":"EntryPoint","urlTemplate":"https:\/\/plasticostecnicos.cat\/ca\/?s={search_term_string}"},"query-input":{"@type":"PropertyValueSpecification","valueRequired":true,"valueName":"search_term_string"}}],"inLanguage":"ca"},{"@type":"Organization","@id":"https:\/\/plasticostecnicos.cat\/ca\/#organization","name":"Ba\u00f1olid","url":"https:\/\/plasticostecnicos.cat\/ca\/","logo":{"@type":"ImageObject","inLanguage":"ca","@id":"https:\/\/plasticostecnicos.cat\/ca\/#\/schema\/logo\/image\/","url":"https:\/\/plasticostecnicos.cat\/wp\/wp-content\/uploads\/2023\/03\/banolid-logo.png","contentUrl":"https:\/\/plasticostecnicos.cat\/wp\/wp-content\/uploads\/2023\/03\/banolid-logo.png","width":520,"height":128,"caption":"Ba\u00f1olid"},"image":{"@id":"https:\/\/plasticostecnicos.cat\/ca\/#\/schema\/logo\/image\/"}}]}},"_links":{"self":[{"href":"https:\/\/plasticostecnicos.cat\/ca\/wp-json\/wp\/v2\/pages\/935","targetHints":{"allow":["GET"]}}],"collection":[{"href":"https:\/\/plasticostecnicos.cat\/ca\/wp-json\/wp\/v2\/pages"}],"about":[{"href":"https:\/\/plasticostecnicos.cat\/ca\/wp-json\/wp\/v2\/types\/page"}],"author":[{"embeddable":true,"href":"https:\/\/plasticostecnicos.cat\/ca\/wp-json\/wp\/v2\/users\/1"}],"replies":[{"embeddable":true,"href":"https:\/\/plasticostecnicos.cat\/ca\/wp-json\/wp\/v2\/comments?post=935"}],"version-history":[{"count":2,"href":"https:\/\/plasticostecnicos.cat\/ca\/wp-json\/wp\/v2\/pages\/935\/revisions"}],"predecessor-version":[{"id":937,"href":"https:\/\/plasticostecnicos.cat\/ca\/wp-json\/wp\/v2\/pages\/935\/revisions\/937"}],"up":[{"embeddable":true,"href":"https:\/\/plasticostecnicos.cat\/ca\/wp-json\/wp\/v2\/pages\/883"}],"wp:attachment":[{"href":"https:\/\/plasticostecnicos.cat\/ca\/wp-json\/wp\/v2\/media?parent=935"}],"curies":[{"name":"wp","href":"https:\/\/api.w.org\/{rel}","templated":true}]}}