{"id":920,"date":"2023-03-15T15:34:08","date_gmt":"2023-03-15T14:34:08","guid":{"rendered":"https:\/\/plasticostecnicos.cat\/wp\/materials\/policarbonato-celular\/"},"modified":"2023-07-19T10:18:43","modified_gmt":"2023-07-19T08:18:43","slug":"policarbonat-cellular","status":"publish","type":"page","link":"https:\/\/plasticostecnicos.cat\/ca\/materials\/policarbonat-cellular\/","title":{"rendered":"Policarbonat cel\u00b7lular"},"content":{"rendered":"<div class=\"vce-row-container\" data-vce-boxed-width=\"true\"><div class=\"vce-row vce-row--has-col-background vce-row--col-gap-30 vce-row-equal-height vce-row-content--top\" id=\"el-e7f9b5c1\" data-vce-do-apply=\"all el-e7f9b5c1\"><div class=\"vce-content-background-container\"><\/div><div class=\"vce-row-content\" data-vce-element-content=\"true\"><div class=\"vce-col vce-col--md-33-33p vce-col--xs-1 vce-col--xs-last vce-col--xs-first vce-col--sm-last vce-col--sm-first vce-col--md-first vce-col--lg-first vce-col--xl-first\" id=\"el-4819d22d\"><div class=\"vce-col-inner\" data-vce-do-apply=\"border margin background  el-4819d22d\"><div class=\"vce-content-background-container\"><\/div><div class=\"vce-col-content\" data-vce-element-content=\"true\" data-vce-do-apply=\"padding el-4819d22d\"><div class=\"vce-sidebar-menu\" id=\"el-081fa93c\" style=\"--alignment: left; --color: rgb(0, 52, 132); --secondColor: rgb(0, 52, 132); --hoverColor: rgb(0, 0, 0); --secondHoverColor: rgb(0, 0, 0);\"><div class=\"vce-sidebar-menu-inner vce\" data-vce-do-apply=\"margin padding border background  el-081fa93c\" style=\"font-size: 25px;\"><nav class=\"menu-materiales-container\"><ul  class=\"\"><li class=\"menu-item menu-item-type-post_type menu-item-object-page menu-item-118\"><a href=\"https:\/\/plasticostecnicos.cat\/materiales\/aluminio\/\">Alumini<\/a><\/li>\n<li class=\"menu-item menu-item-type-post_type menu-item-object-page menu-item-137\"><a href=\"https:\/\/plasticostecnicos.cat\/materiales\/arnite-durester-y-pet\/\">Arnite, durester i PET<\/a><\/li>\n<li class=\"menu-item menu-item-type-post_type menu-item-object-page menu-item-290\"><a href=\"https:\/\/plasticostecnicos.cat\/materiales\/baquelita\/\">Baquelita<\/a><\/li>\n<li class=\"menu-item menu-item-type-post_type menu-item-object-page menu-item-291\"><a href=\"https:\/\/plasticostecnicos.cat\/materiales\/celotex\/\">Celotex<\/a><\/li>\n<li class=\"menu-item menu-item-type-post_type menu-item-object-page menu-item-292\"><a href=\"https:\/\/plasticostecnicos.cat\/materiales\/delrin\/\">Delrin<\/a><\/li>\n<li class=\"menu-item menu-item-type-post_type menu-item-object-page menu-item-293\"><a href=\"https:\/\/plasticostecnicos.cat\/materiales\/dibond\/\">Dibond<\/a><\/li>\n<li class=\"menu-item menu-item-type-post_type menu-item-object-page menu-item-294\"><a href=\"https:\/\/plasticostecnicos.cat\/materiales\/fibra-de-vidrio-g10-y-g11\/\">Fibra de vidre \u2013 G10 i G11<\/a><\/li>\n<li class=\"menu-item menu-item-type-post_type menu-item-object-page menu-item-295\"><a href=\"https:\/\/plasticostecnicos.cat\/materiales\/metacrilato-pmma\/\">Metacrilat (PMMA)<\/a><\/li>\n<li class=\"menu-item menu-item-type-post_type menu-item-object-page menu-item-296\"><a href=\"https:\/\/plasticostecnicos.cat\/materiales\/peek\/\">PEEK<\/a><\/li>\n<li class=\"menu-item menu-item-type-post_type menu-item-object-page menu-item-297\"><a href=\"https:\/\/plasticostecnicos.cat\/materiales\/petg\/\">PETG<\/a><\/li>\n<li class=\"menu-item menu-item-type-post_type menu-item-object-page menu-item-298\"><a href=\"https:\/\/plasticostecnicos.cat\/materiales\/poliamida\/\">Poliamida<\/a><\/li>\n<li class=\"menu-item menu-item-type-post_type menu-item-object-page menu-item-299\"><a href=\"https:\/\/plasticostecnicos.cat\/materiales\/poliamida-negra\/\">Poliamida negra<\/a><\/li>\n<li class=\"menu-item menu-item-type-post_type menu-item-object-page menu-item-300\"><a href=\"https:\/\/plasticostecnicos.cat\/materiales\/policarbonato\/\">Policarbonat<\/a><\/li>\n<li class=\"menu-item menu-item-type-post_type menu-item-object-page menu-item-301\"><a href=\"https:\/\/plasticostecnicos.cat\/materiales\/policarbonato-celular\/\">Policarbonat cel\u00b7lular<\/a><\/li>\n<li class=\"menu-item menu-item-type-post_type menu-item-object-page menu-item-302\"><a href=\"https:\/\/plasticostecnicos.cat\/materiales\/polietileno-1000\/\">Polietil\u00e8 1000<\/a><\/li>\n<li class=\"menu-item menu-item-type-post_type menu-item-object-page menu-item-303\"><a href=\"https:\/\/plasticostecnicos.cat\/materiales\/polietileno-500\/\">Polietil\u00e8 500<\/a><\/li>\n<li class=\"menu-item menu-item-type-post_type menu-item-object-page menu-item-304\"><a href=\"https:\/\/plasticostecnicos.cat\/materiales\/polietileno-antiestatico\/\">Polietil\u00e8 antiest\u00e0tic<\/a><\/li>\n<li class=\"menu-item menu-item-type-post_type menu-item-object-page menu-item-305\"><a href=\"https:\/\/plasticostecnicos.cat\/materiales\/polipropileno\/\">Polipropil\u00e8<\/a><\/li>\n<li class=\"menu-item menu-item-type-post_type menu-item-object-page menu-item-306\"><a href=\"https:\/\/plasticostecnicos.cat\/materiales\/pvc\/\">PVC<\/a><\/li>\n<li class=\"menu-item menu-item-type-post_type menu-item-object-page menu-item-307\"><a href=\"https:\/\/plasticostecnicos.cat\/materiales\/pvc-espumado\/\">PVC escumat<\/a><\/li>\n<li class=\"menu-item menu-item-type-post_type menu-item-object-page menu-item-308\"><a href=\"https:\/\/plasticostecnicos.cat\/materiales\/resina-fenolica\/\">Resina fen\u00f2lica<\/a><\/li>\n<li class=\"menu-item menu-item-type-post_type menu-item-object-page menu-item-309\"><a href=\"https:\/\/plasticostecnicos.cat\/materiales\/teflon\/\">Tefl\u00f3<\/a><\/li>\n<\/ul><\/nav><\/div><\/div><\/div><\/div><\/div><div class=\"vce-col vce-element--has-background vce-col--md-auto vce-col--xs-1 vce-col--xs-last vce-col--xs-first vce-col--sm-last vce-col--sm-first vce-col--md-last vce-col--lg-last vce-col--xl-last\" id=\"el-1a17e287\"><div class=\"vce-col-inner\" data-vce-do-apply=\"border margin background  el-1a17e287\"><div class=\"vce-content-background-container\"><\/div><div class=\"vce-col-content\" data-vce-element-content=\"true\" data-vce-do-apply=\"padding el-1a17e287\"><div class=\"vce-row-container\" data-vce-boxed-width=\"true\"><div class=\"vce-row vce-row--col-gap-30 vce-row-equal-height vce-row-content--top\" id=\"el-19174ada\" data-vce-do-apply=\"all el-19174ada\"><div class=\"vce-content-background-container\"><\/div><div class=\"vce-row-content\" data-vce-element-content=\"true\"><div class=\"vce-col vce-col--md-auto vce-col--xs-1 vce-col--xs-last vce-col--xs-first vce-col--sm-last vce-col--sm-first vce-col--md-last vce-col--lg-last vce-col--xl-last vce-col--md-first vce-col--lg-first vce-col--xl-first\" id=\"el-c0d5ad22\"><div class=\"vce-col-inner\" data-vce-do-apply=\"border margin background  el-c0d5ad22\"><div class=\"vce-col-content\" data-vce-element-content=\"true\" data-vce-do-apply=\"padding el-c0d5ad22\"><div class=\"vce-text-block h1petit\"><div class=\"vce-text-block-wrapper vce\" id=\"el-8db9c872\" data-vce-do-apply=\"all el-8db9c872\"><h1>Policarbonat cel\u00b7lular<\/h1><\/div><\/div><div class=\"vce-text-block h2mini\"><div class=\"vce-text-block-wrapper vce\" id=\"el-6d358877\" data-vce-do-apply=\"all el-6d358877\"><p>La placa de policarbonat cel\u00b7lular amb protecci\u00f3 UV \u00e9s una placa composta per m\u00faltiples parets molt fines, unides entre si per uns nervis interns, creant una estructura en forma de cel\u00b7les que li confereixen unes caracter\u00edstiques t\u00e8cniques excel\u00b7lents com a a\u00efllant t\u00e8rmic. S\u00f3n molt vers\u00e0tils i les seves prestacions s\u00f3n immillorables.<\/p>\r\n<h2>Propietats<\/h2>\r\n<ul>\r\n<li>Alta resist\u00e8ncia al trencament fins i tot a la calamarsa<\/li>\r\n<li>F\u00e0cil instal\u00b7laci\u00f3 i manipulaci\u00f3<\/li>\r\n<li>Pes redu\u00eft, no precisen de pesades estructures o suport<\/li>\r\n<li>Excel\u00b7lent a\u00efllament t\u00e8rmic<\/li>\r\n<li>Resist\u00e8ncia a la intemp\u00e8rie protecci\u00f3 UV<\/li>\r\n<li>A\u00efllant ac\u00fastic i t\u00e8rmic<\/li>\r\n<li>Es pot corbar en fred<\/li>\r\n<li>Estalvi d'energia i aprofitament de llum natural<\/li>\r\n<\/ul>\r\n<h2>Aplicacions<\/h2>\r\n<ul>\r\n<li>Cobertes<\/li>\r\n<li>P\u00e0rquings<\/li>\r\n<li>Panells de protecci\u00f3<\/li>\r\n<li>Marquesines<\/li>\r\n<li>Hivernacles<\/li>\r\n<li>Cobertes de piscines<\/li>\r\n<li>Claraboies<\/li>\r\n<li>Cobertes d'instal\u00b7lacions esportives<\/li>\r\n<li>Interiorisme<\/li>\r\n<li>Publicitat<\/li>\r\n<li>Estands<\/li>\r\n<li>Retolaci\u00f3<\/li>\r\n<li>Galeries<\/li>\r\n<li>Estadis<\/li>\r\n<\/ul><\/div><\/div><\/div><\/div><\/div><\/div><\/div><\/div><div class=\"vce-row-container\" data-vce-boxed-width=\"true\"><div class=\"vce-row vce-row--col-gap-30 vce-row-equal-height vce-row-content--top\" id=\"el-29070c15\" data-vce-do-apply=\"all el-29070c15\"><div class=\"vce-content-background-container\"><\/div><div class=\"vce-row-content\" data-vce-element-content=\"true\"><div class=\"vce-col vce-col--md-auto vce-col--xs-1 vce-col--xs-last vce-col--xs-first vce-col--sm-last vce-col--sm-first vce-col--md-first vce-col--lg-first vce-col--xl-first\" id=\"el-2e5303de\"><div class=\"vce-col-inner\" data-vce-do-apply=\"border margin background  el-2e5303de\"><div class=\"vce-col-content\" data-vce-element-content=\"true\" data-vce-do-apply=\"padding el-2e5303de\"><div class=\"vce-text-block ficha-tecnica\"><div class=\"vce-text-block-wrapper vce\" id=\"el-9c1d2ed3\" data-vce-do-apply=\"all el-9c1d2ed3\"><h3><span style=\"color: #003484;\"><img loading=\"lazy\" decoding=\"async\" class=\"size-full wp-image-120 alignnone\" src=\"https:\/\/plasticostecnicos.cat\/wp\/wp-content\/uploads\/2023\/03\/ficha-tecnica.png\" alt=\"Ficha T\u00e9cnica\" width=\"40\" height=\"42\"><\/span><span style=\"color: #003484;\">Fitxa t\u00e8cnica<\/span><\/h3><\/div><\/div><div class=\"vce-text-block ficha-tecnica\"><div class=\"vce-text-block-wrapper vce\" id=\"el-2b5c5963\" data-vce-do-apply=\"all el-2b5c5963\"><p><a href=\"https:\/\/plasticostecnicos.cat\/wp\/wp-content\/uploads\/2023\/07\/Ficha-tecnica-policarbonato-Makrolon-Multi-UV.pdf\" target=\"_blank\" rel=\"noopener\">Fitxa t\u00e8cnica policarbonat Makrolon Multi UV<\/a><\/p><\/div><\/div><\/div><\/div><\/div><div class=\"vce-col vce-col--md-auto vce-col--xs-1 vce-col--xs-last vce-col--xs-first vce-col--sm-last vce-col--sm-first vce-col--md-last vce-col--lg-last vce-col--xl-last\" id=\"el-24810f0d\"><div class=\"vce-col-inner\" data-vce-do-apply=\"border margin background  el-24810f0d\"><div class=\"vce-col-content\" data-vce-element-content=\"true\" data-vce-do-apply=\"padding el-24810f0d\"><div><\/div><\/div><\/div><\/div><\/div><\/div><\/div><div class=\"vce-logo-slider vce slider-materiales vce-logo-slider--has-arrows\" id=\"el-1f1ad1a3\" data-vce-do-apply=\"all el-1f1ad1a3\"><div class=\"vce-logo-slider-inner\"><div class=\"vce-logo-slider-list\" data-slick-autoplay=\"on\" data-slick-autoplay-delay=\"5000\" data-slick-arrows=\"on\" data-slick-infinite=\"on\" data-slick-slides-to-show=\"2\"><div class=\"vce-logo-slider-arrow vce-logo-slider-arrows-color--ba-255-255-255-0-5 vce-logo-slider-arrows-color-hover--b-255-255-255 vce-logo-slider-prev-arrow\"><svg width=\"16px\" height=\"25px\" viewBox=\"0 0 16 25\"><polygon id=\"Prev-Arrow\" points=\"12.3743687 5.68434189e-14 0 12.3743687 12.0208153 24.395184 14.1421356 22.2738636 4.31790889 12.4496369 14.5709572 2.19658855\"><\/polygon><\/svg><\/div><div class=\"slick-list\"><div class=\"slick-track\"><div class=\"vce-logo-slider-item vc-slick-item\"><a href=\"https:\/\/plasticostecnicos.cat\/wp\/wp-content\/uploads\/2023\/03\/PCABCg-1.jpg\" title=\"\" class=\"vce-logo-slider-item-inner\"><img decoding=\"async\" class=\"vce-logo-slider-img\" src=\"https:\/\/plasticostecnicos.cat\/wp\/wp-content\/uploads\/2023\/03\/PCABCg-1.jpg\" alt=\"\"><\/a><\/div><\/div><\/div><div class=\"vce-logo-slider-arrow vce-logo-slider-arrows-color--ba-255-255-255-0-5 vce-logo-slider-arrows-color-hover--b-255-255-255 vce-logo-slider-next-arrow\"><svg width=\"16px\" height=\"25px\" viewBox=\"0 0 16 25\"><polygon id=\"Next-Arrow\" points=\"3.02081528 24.395184 15.395184 12.0208153 3.37436867 1.13686838e-13 1.25304833 2.12132034 11.0772751 11.9455471 0.824226734 22.1985954\"><\/polygon><\/svg><\/div><\/div><\/div><\/div><\/div><\/div><\/div><\/div><\/div><\/div>","protected":false},"excerpt":{"rendered":"<p>Policarbonat cel\u00b7lularLa placa de policarbonat cel\u00b7lular amb protecci\u00f3 UV \u00e9s una placa composta per m\u00faltiples parets molt fines, unides entre si per uns nervis interns, creant una estructura en forma de cel\u00b7les que li confereixen unes caracter\u00edstiques t\u00e8cniques excel\u00b7lents com a a\u00efllant t\u00e8rmic. S\u00f3n molt vers\u00e0tils i les seves prestacions s\u00f3n immillorables. Propietats Alta resist\u00e8ncia [&hellip;]<\/p>\n","protected":false},"author":1,"featured_media":0,"parent":883,"menu_order":0,"comment_status":"closed","ping_status":"closed","template":"","meta":{"footnotes":""},"class_list":["post-920","page","type-page","status-publish","hentry"],"yoast_head":"<!-- This site is optimized with the Yoast SEO plugin v26.7 - https:\/\/yoast.com\/wordpress\/plugins\/seo\/ -->\n<title>Manipulat de Policarbonat cel\u00b7lular | Ba\u00f1olid<\/title>\n<meta name=\"description\" content=\"Ba\u00f1olid, especialitzats en el manipulat de Policarbonat cel\u00b7lular per a tota mena d&#039;aplicacions com marquesines, cobertes, lluernes o estands.\" \/>\n<meta name=\"robots\" content=\"index, follow, max-snippet:-1, max-image-preview:large, max-video-preview:-1\" \/>\n<link rel=\"canonical\" href=\"https:\/\/plasticostecnicos.cat\/ca\/materials\/policarbonat-cellular\/\" \/>\n<meta property=\"og:locale\" content=\"ca_ES\" \/>\n<meta property=\"og:type\" content=\"article\" \/>\n<meta property=\"og:title\" content=\"Manipulat de Policarbonat cel\u00b7lular | Ba\u00f1olid\" \/>\n<meta property=\"og:description\" content=\"Ba\u00f1olid, especialitzats en el manipulat de Policarbonat cel\u00b7lular per a tota mena d&#039;aplicacions com marquesines, cobertes, lluernes o estands.\" \/>\n<meta property=\"og:url\" content=\"https:\/\/plasticostecnicos.cat\/ca\/materials\/policarbonat-cellular\/\" \/>\n<meta property=\"og:site_name\" content=\"Ba\u00f1olid\" \/>\n<meta property=\"article:modified_time\" content=\"2023-07-19T08:18:43+00:00\" \/>\n<meta name=\"twitter:card\" content=\"summary_large_image\" \/>\n<meta name=\"twitter:label1\" content=\"Temps estimat de lectura\" \/>\n\t<meta name=\"twitter:data1\" content=\"2 minuts\" \/>\n<script type=\"application\/ld+json\" class=\"yoast-schema-graph\">{\"@context\":\"https:\/\/schema.org\",\"@graph\":[{\"@type\":\"WebPage\",\"@id\":\"https:\/\/plasticostecnicos.cat\/ca\/materials\/policarbonat-cellular\/\",\"url\":\"https:\/\/plasticostecnicos.cat\/ca\/materials\/policarbonat-cellular\/\",\"name\":\"Manipulat de Policarbonat cel\u00b7lular | Ba\u00f1olid\",\"isPartOf\":{\"@id\":\"https:\/\/plasticostecnicos.cat\/ca\/#website\"},\"datePublished\":\"2023-03-15T14:34:08+00:00\",\"dateModified\":\"2023-07-19T08:18:43+00:00\",\"description\":\"Ba\u00f1olid, especialitzats en el manipulat de Policarbonat cel\u00b7lular per a tota mena d'aplicacions com marquesines, cobertes, lluernes o estands.\",\"breadcrumb\":{\"@id\":\"https:\/\/plasticostecnicos.cat\/ca\/materials\/policarbonat-cellular\/#breadcrumb\"},\"inLanguage\":\"ca\",\"potentialAction\":[{\"@type\":\"ReadAction\",\"target\":[\"https:\/\/plasticostecnicos.cat\/ca\/materials\/policarbonat-cellular\/\"]}]},{\"@type\":\"BreadcrumbList\",\"@id\":\"https:\/\/plasticostecnicos.cat\/ca\/materials\/policarbonat-cellular\/#breadcrumb\",\"itemListElement\":[{\"@type\":\"ListItem\",\"position\":1,\"name\":\"Portada\",\"item\":\"https:\/\/plasticostecnicos.cat\/ca\/\"},{\"@type\":\"ListItem\",\"position\":2,\"name\":\"Materials\",\"item\":\"https:\/\/plasticostecnicos.cat\/ca\/materials\/\"},{\"@type\":\"ListItem\",\"position\":3,\"name\":\"Policarbonat cel\u00b7lular\"}]},{\"@type\":\"WebSite\",\"@id\":\"https:\/\/plasticostecnicos.cat\/ca\/#website\",\"url\":\"https:\/\/plasticostecnicos.cat\/ca\/\",\"name\":\"Ba\u00f1olid\",\"description\":\"Pl\u00e1sticos T\u00e9cnicos\",\"publisher\":{\"@id\":\"https:\/\/plasticostecnicos.cat\/ca\/#organization\"},\"potentialAction\":[{\"@type\":\"SearchAction\",\"target\":{\"@type\":\"EntryPoint\",\"urlTemplate\":\"https:\/\/plasticostecnicos.cat\/ca\/?s={search_term_string}\"},\"query-input\":{\"@type\":\"PropertyValueSpecification\",\"valueRequired\":true,\"valueName\":\"search_term_string\"}}],\"inLanguage\":\"ca\"},{\"@type\":\"Organization\",\"@id\":\"https:\/\/plasticostecnicos.cat\/ca\/#organization\",\"name\":\"Ba\u00f1olid\",\"url\":\"https:\/\/plasticostecnicos.cat\/ca\/\",\"logo\":{\"@type\":\"ImageObject\",\"inLanguage\":\"ca\",\"@id\":\"https:\/\/plasticostecnicos.cat\/ca\/#\/schema\/logo\/image\/\",\"url\":\"https:\/\/plasticostecnicos.cat\/wp\/wp-content\/uploads\/2023\/03\/banolid-logo.png\",\"contentUrl\":\"https:\/\/plasticostecnicos.cat\/wp\/wp-content\/uploads\/2023\/03\/banolid-logo.png\",\"width\":520,\"height\":128,\"caption\":\"Ba\u00f1olid\"},\"image\":{\"@id\":\"https:\/\/plasticostecnicos.cat\/ca\/#\/schema\/logo\/image\/\"}}]}<\/script>\n<!-- \/ Yoast SEO plugin. -->","yoast_head_json":{"title":"Manipulat de Policarbonat cel\u00b7lular | Ba\u00f1olid","description":"Ba\u00f1olid, especialitzats en el manipulat de Policarbonat cel\u00b7lular per a tota mena d'aplicacions com marquesines, cobertes, lluernes o estands.","robots":{"index":"index","follow":"follow","max-snippet":"max-snippet:-1","max-image-preview":"max-image-preview:large","max-video-preview":"max-video-preview:-1"},"canonical":"https:\/\/plasticostecnicos.cat\/ca\/materials\/policarbonat-cellular\/","og_locale":"ca_ES","og_type":"article","og_title":"Manipulat de Policarbonat cel\u00b7lular | Ba\u00f1olid","og_description":"Ba\u00f1olid, especialitzats en el manipulat de Policarbonat cel\u00b7lular per a tota mena d'aplicacions com marquesines, cobertes, lluernes o estands.","og_url":"https:\/\/plasticostecnicos.cat\/ca\/materials\/policarbonat-cellular\/","og_site_name":"Ba\u00f1olid","article_modified_time":"2023-07-19T08:18:43+00:00","twitter_card":"summary_large_image","twitter_misc":{"Temps estimat de lectura":"2 minuts"},"schema":{"@context":"https:\/\/schema.org","@graph":[{"@type":"WebPage","@id":"https:\/\/plasticostecnicos.cat\/ca\/materials\/policarbonat-cellular\/","url":"https:\/\/plasticostecnicos.cat\/ca\/materials\/policarbonat-cellular\/","name":"Manipulat de Policarbonat cel\u00b7lular | Ba\u00f1olid","isPartOf":{"@id":"https:\/\/plasticostecnicos.cat\/ca\/#website"},"datePublished":"2023-03-15T14:34:08+00:00","dateModified":"2023-07-19T08:18:43+00:00","description":"Ba\u00f1olid, especialitzats en el manipulat de Policarbonat cel\u00b7lular per a tota mena d'aplicacions com marquesines, cobertes, lluernes o estands.","breadcrumb":{"@id":"https:\/\/plasticostecnicos.cat\/ca\/materials\/policarbonat-cellular\/#breadcrumb"},"inLanguage":"ca","potentialAction":[{"@type":"ReadAction","target":["https:\/\/plasticostecnicos.cat\/ca\/materials\/policarbonat-cellular\/"]}]},{"@type":"BreadcrumbList","@id":"https:\/\/plasticostecnicos.cat\/ca\/materials\/policarbonat-cellular\/#breadcrumb","itemListElement":[{"@type":"ListItem","position":1,"name":"Portada","item":"https:\/\/plasticostecnicos.cat\/ca\/"},{"@type":"ListItem","position":2,"name":"Materials","item":"https:\/\/plasticostecnicos.cat\/ca\/materials\/"},{"@type":"ListItem","position":3,"name":"Policarbonat cel\u00b7lular"}]},{"@type":"WebSite","@id":"https:\/\/plasticostecnicos.cat\/ca\/#website","url":"https:\/\/plasticostecnicos.cat\/ca\/","name":"Ba\u00f1olid","description":"Pl\u00e1sticos T\u00e9cnicos","publisher":{"@id":"https:\/\/plasticostecnicos.cat\/ca\/#organization"},"potentialAction":[{"@type":"SearchAction","target":{"@type":"EntryPoint","urlTemplate":"https:\/\/plasticostecnicos.cat\/ca\/?s={search_term_string}"},"query-input":{"@type":"PropertyValueSpecification","valueRequired":true,"valueName":"search_term_string"}}],"inLanguage":"ca"},{"@type":"Organization","@id":"https:\/\/plasticostecnicos.cat\/ca\/#organization","name":"Ba\u00f1olid","url":"https:\/\/plasticostecnicos.cat\/ca\/","logo":{"@type":"ImageObject","inLanguage":"ca","@id":"https:\/\/plasticostecnicos.cat\/ca\/#\/schema\/logo\/image\/","url":"https:\/\/plasticostecnicos.cat\/wp\/wp-content\/uploads\/2023\/03\/banolid-logo.png","contentUrl":"https:\/\/plasticostecnicos.cat\/wp\/wp-content\/uploads\/2023\/03\/banolid-logo.png","width":520,"height":128,"caption":"Ba\u00f1olid"},"image":{"@id":"https:\/\/plasticostecnicos.cat\/ca\/#\/schema\/logo\/image\/"}}]}},"_links":{"self":[{"href":"https:\/\/plasticostecnicos.cat\/ca\/wp-json\/wp\/v2\/pages\/920","targetHints":{"allow":["GET"]}}],"collection":[{"href":"https:\/\/plasticostecnicos.cat\/ca\/wp-json\/wp\/v2\/pages"}],"about":[{"href":"https:\/\/plasticostecnicos.cat\/ca\/wp-json\/wp\/v2\/types\/page"}],"author":[{"embeddable":true,"href":"https:\/\/plasticostecnicos.cat\/ca\/wp-json\/wp\/v2\/users\/1"}],"replies":[{"embeddable":true,"href":"https:\/\/plasticostecnicos.cat\/ca\/wp-json\/wp\/v2\/comments?post=920"}],"version-history":[{"count":2,"href":"https:\/\/plasticostecnicos.cat\/ca\/wp-json\/wp\/v2\/pages\/920\/revisions"}],"predecessor-version":[{"id":922,"href":"https:\/\/plasticostecnicos.cat\/ca\/wp-json\/wp\/v2\/pages\/920\/revisions\/922"}],"up":[{"embeddable":true,"href":"https:\/\/plasticostecnicos.cat\/ca\/wp-json\/wp\/v2\/pages\/883"}],"wp:attachment":[{"href":"https:\/\/plasticostecnicos.cat\/ca\/wp-json\/wp\/v2\/media?parent=920"}],"curies":[{"name":"wp","href":"https:\/\/api.w.org\/{rel}","templated":true}]}}